{"id":1016,"date":"2020-09-09T16:02:29","date_gmt":"2020-09-09T16:02:29","guid":{"rendered":"https:\/\/nathal-bern.ch\/?page_id=1016"},"modified":"2024-10-23T14:22:19","modified_gmt":"2024-10-23T14:22:19","slug":"seminar-aufbau-8","status":"publish","type":"page","link":"https:\/\/nathal-bern.ch\/?page_id=1016","title":{"rendered":"Seminar Aufbau 8"},"content":{"rendered":"<header class=\"entry-header\">\n<h1 class=\"page-title\"><strong style=\"font-size: 1.0625rem;\">NATHAL\u00ae-Seminar Aufbau 8 (8 Tage)<\/strong><\/h1>\n<\/header>\n<div class=\"entry-content clearfix\">\n<h2><span style=\"color: #339966;\">Spezialexperimente: andere Universen, Voraussetzungen und Einsichten zum Materialisieren u.v.m.<\/span><\/h2>\n<p>F\u00fcr alle Seminare der Reihe \u201eSpezialexperimente\u201c gilt: Die Teilnehmenden m\u00fcssen aktiv an ihrer ethischen Entwicklung gearbeitet und die wesentlichen Z\u00fcge des NATHAL\u00ae-Trainings begriffen haben. Ein sicherer Umgang mit den \u00dcbungen bildet die Grundlage f\u00fcr die hier angebotenen Vertiefungen.<\/p>\n<p>Das Aufbauseminar 8 vermittelt, aufbauend auf den Vorerfahrungen der Seminarreihe, \u00a0energetische und geistige Erweiterungen, f\u00fchrt in neue Erfahrungen und Gef\u00fchle im Zusammenhang mit anderen Universen, verschafft n\u00f6tige geistige und ethische Voraussetzungen und Einsichten zum Thema Materialisieren von Gegenst\u00e4nden und erm\u00f6glicht so, den pers\u00f6nlichen Alltag multidimensionaler zu betrachten, offener und toleranter zu werden und einen flexibleren, freudigeren Umgang mit dem eigenen Geistigen zu finden. Diesbez\u00fcglich hinderliche Energien und Emotionen werden bearbeitet, mit dem Ziel \u00a0tiefsitzende Blockaden zu l\u00f6sen und zu neutralisieren.<\/p>\n<p>8 Tage \u2013 Kosten: 2.500 Fr<\/p>\n<p><img loading=\"lazy\" decoding=\"async\" class=\"alignnone size-medium wp-image-1019\" src=\"https:\/\/nathal-bern.ch\/wp-content\/uploads\/2020\/09\/IMG_1732-1-300x300.jpeg\" alt=\"\" width=\"300\" height=\"300\" srcset=\"https:\/\/nathal-bern.ch\/wp-content\/uploads\/2020\/09\/IMG_1732-1-300x300.jpeg 300w, https:\/\/nathal-bern.ch\/wp-content\/uploads\/2020\/09\/IMG_1732-1-1024x1024.jpeg 1024w, https:\/\/nathal-bern.ch\/wp-content\/uploads\/2020\/09\/IMG_1732-1-150x150.jpeg 150w, https:\/\/nathal-bern.ch\/wp-content\/uploads\/2020\/09\/IMG_1732-1-768x768.jpeg 768w, https:\/\/nathal-bern.ch\/wp-content\/uploads\/2020\/09\/IMG_1732-1-1536x1536.jpeg 1536w, https:\/\/nathal-bern.ch\/wp-content\/uploads\/2020\/09\/IMG_1732-1-2048x2048.jpeg 2048w\" sizes=\"auto, (max-width: 300px) 100vw, 300px\" \/><\/p>\n<p><img loading=\"lazy\" decoding=\"async\" class=\"alignnone size-medium wp-image-1020\" src=\"https:\/\/nathal-bern.ch\/wp-content\/uploads\/2020\/09\/YBUJ9348-300x300.jpeg\" alt=\"\" width=\"300\" height=\"300\" srcset=\"https:\/\/nathal-bern.ch\/wp-content\/uploads\/2020\/09\/YBUJ9348-300x300.jpeg 300w, https:\/\/nathal-bern.ch\/wp-content\/uploads\/2020\/09\/YBUJ9348-1024x1024.jpeg 1024w, https:\/\/nathal-bern.ch\/wp-content\/uploads\/2020\/09\/YBUJ9348-150x150.jpeg 150w, https:\/\/nathal-bern.ch\/wp-content\/uploads\/2020\/09\/YBUJ9348-768x768.jpeg 768w, https:\/\/nathal-bern.ch\/wp-content\/uploads\/2020\/09\/YBUJ9348-1536x1536.jpeg 1536w, https:\/\/nathal-bern.ch\/wp-content\/uploads\/2020\/09\/YBUJ9348-2048x2048.jpeg 2048w\" sizes=\"auto, (max-width: 300px) 100vw, 300px\" \/><\/p>\n<\/div>\n","protected":false},"excerpt":{"rendered":"<p>NATHAL\u00ae-Seminar Aufbau 8 (8 Tage) Spezialexperimente: andere Universen, Voraussetzungen und Einsichten zum Materialisieren u.v.m. F\u00fcr alle Seminare der Reihe \u201eSpezialexperimente\u201c[&#8230;]<\/p>\n","protected":false},"author":1,"featured_media":0,"parent":43,"menu_order":0,"comment_status":"closed","ping_status":"closed","template":"","meta":{"_exactmetrics_skip_tracking":false,"_exactmetrics_sitenote_active":false,"_exactmetrics_sitenote_note":"","_exactmetrics_sitenote_category":0,"footnotes":""},"class_list":["post-1016","page","type-page","status-publish","hentry"],"_links":{"self":[{"href":"https:\/\/nathal-bern.ch\/index.php?rest_route=\/wp\/v2\/pages\/1016","targetHints":{"allow":["GET"]}}],"collection":[{"href":"https:\/\/nathal-bern.ch\/index.php?rest_route=\/wp\/v2\/pages"}],"about":[{"href":"https:\/\/nathal-bern.ch\/index.php?rest_route=\/wp\/v2\/types\/page"}],"author":[{"embeddable":true,"href":"https:\/\/nathal-bern.ch\/index.php?rest_route=\/wp\/v2\/users\/1"}],"replies":[{"embeddable":true,"href":"https:\/\/nathal-bern.ch\/index.php?rest_route=%2Fwp%2Fv2%2Fcomments&post=1016"}],"version-history":[{"count":4,"href":"https:\/\/nathal-bern.ch\/index.php?rest_route=\/wp\/v2\/pages\/1016\/revisions"}],"predecessor-version":[{"id":1428,"href":"https:\/\/nathal-bern.ch\/index.php?rest_route=\/wp\/v2\/pages\/1016\/revisions\/1428"}],"up":[{"embeddable":true,"href":"https:\/\/nathal-bern.ch\/index.php?rest_route=\/wp\/v2\/pages\/43"}],"wp:attachment":[{"href":"https:\/\/nathal-bern.ch\/index.php?rest_route=%2Fwp%2Fv2%2Fmedia&parent=1016"}],"curies":[{"name":"wp","href":"https:\/\/api.w.org\/{rel}","templated":true}]}}