{"id":1147,"date":"2022-04-21T19:43:58","date_gmt":"2022-04-21T19:43:58","guid":{"rendered":"https:\/\/nathal-bern.ch\/?page_id=1147"},"modified":"2024-07-17T10:53:01","modified_gmt":"2024-07-17T10:53:01","slug":"spezialseminar-fuer-ein-gesundes-selbstbewusstsein","status":"publish","type":"page","link":"https:\/\/nathal-bern.ch\/?page_id=1147","title":{"rendered":"Spezialseminar f\u00fcr ein gesundes Selbstbewusstsein"},"content":{"rendered":"<header class=\"entry-header\">\n<h1 class=\"page-title\"><\/h1>\n<\/header>\n<div class=\"entry-content clearfix\">\n<h1><span style=\"color: #008000;\"><b>NATHAL\u00ae-Seminar:<br \/>\nGesundes Selbstbewusstsein (5 Tage)<\/b><\/span><\/h1>\n<\/div>\n<p><span style=\"color: #000000;\"><span style=\"font-family: Helvetica Neue;\"><span style=\"font-size: large;\">Oft ist unser Leben \u00fcberschattet von hinderlichen Gef\u00fchlen wie Unzufriedenheit, Pessimismus, Zweifeln und \u00c4ngsten. Solche Energien verhindern unsere Selbstentfaltung und blockieren die geistige Entwicklung. Vielfach orientieren wir uns zu sehr an \u00c4usserem, wir definieren unser Selbstbild, unseren Wert \u00fcber Besitz, Erfolg oder hervorragende Leistung. So laufen wir Gefahr, unsere uns innerlich erf\u00fcllenden und n\u00e4hrenden Aufgaben zu vernachl\u00e4ssigen.<br \/>\nWir verlieren das Vertrauen in einen positiven Lebensfluss.<\/span><\/span><\/span><\/p>\n<p><span style=\"color: #000000;\"><span style=\"font-family: Helvetica Neue;\"><span style=\"font-size: large;\">Im Seminar werden pers\u00f6nliche, charakterliche und biografische Belastungen und Hindernisse bearbeitet und individuelle L\u00f6sungen und Wege aufgezeigt. Neue aufbauende Gef\u00fchle und Energien werden gef\u00f6rdert, so dass bewusste Selbstwirksamkeit und positive Verhaltensmuster sich installieren k\u00f6nnen. Ein gesundes Selbstbewusstsein orientiert sich an h\u00f6heren Zielen, f\u00fchlt sich energiereich, begeisternd an &#8211; wir f\u00fchlen uns und wirken inspiriert und gleichzeitig geerdet &#8211; es l\u00e4sst uns klar, \u00fcberzeugend, aber niemals \u00fcberheblich auftreten.<\/span><\/span><\/span><\/p>\n<p><span style=\"color: #000000;\"><span style=\"font-family: Helvetica Neue;\"><span style=\"font-size: large;\">5 Tage \u2013 Kosten: 1500.- Fr<\/span><\/span><\/span><\/p>\n<p><span style=\"color: #000000;\"><span style=\"font-family: Helvetica Neue;\"><span style=\"font-size: large;\"><img loading=\"lazy\" decoding=\"async\" class=\"wp-image-1159 aligncenter\" src=\"https:\/\/nathal-bern.ch\/wp-content\/uploads\/2022\/04\/Blume-284x300.jpg\" alt=\"\" width=\"385\" height=\"407\" srcset=\"https:\/\/nathal-bern.ch\/wp-content\/uploads\/2022\/04\/Blume-284x300.jpg 284w, https:\/\/nathal-bern.ch\/wp-content\/uploads\/2022\/04\/Blume-970x1024.jpg 970w, https:\/\/nathal-bern.ch\/wp-content\/uploads\/2022\/04\/Blume-768x811.jpg 768w, https:\/\/nathal-bern.ch\/wp-content\/uploads\/2022\/04\/Blume-1454x1536.jpg 1454w, https:\/\/nathal-bern.ch\/wp-content\/uploads\/2022\/04\/Blume.jpg 1939w\" sizes=\"auto, (max-width: 385px) 100vw, 385px\" \/><\/span><\/span><\/span><\/p>\n<p>&nbsp;<\/p>\n","protected":false},"excerpt":{"rendered":"<p>NATHAL\u00ae-Seminar: Gesundes Selbstbewusstsein (5 Tage) Oft ist unser Leben \u00fcberschattet von hinderlichen Gef\u00fchlen wie Unzufriedenheit, Pessimismus, Zweifeln und \u00c4ngsten. Solche[&#8230;]<\/p>\n","protected":false},"author":1,"featured_media":0,"parent":41,"menu_order":0,"comment_status":"closed","ping_status":"closed","template":"","meta":{"_exactmetrics_skip_tracking":false,"_exactmetrics_sitenote_active":false,"_exactmetrics_sitenote_note":"","_exactmetrics_sitenote_category":0,"footnotes":""},"class_list":["post-1147","page","type-page","status-publish","hentry"],"_links":{"self":[{"href":"https:\/\/nathal-bern.ch\/index.php?rest_route=\/wp\/v2\/pages\/1147","targetHints":{"allow":["GET"]}}],"collection":[{"href":"https:\/\/nathal-bern.ch\/index.php?rest_route=\/wp\/v2\/pages"}],"about":[{"href":"https:\/\/nathal-bern.ch\/index.php?rest_route=\/wp\/v2\/types\/page"}],"author":[{"embeddable":true,"href":"https:\/\/nathal-bern.ch\/index.php?rest_route=\/wp\/v2\/users\/1"}],"replies":[{"embeddable":true,"href":"https:\/\/nathal-bern.ch\/index.php?rest_route=%2Fwp%2Fv2%2Fcomments&post=1147"}],"version-history":[{"count":8,"href":"https:\/\/nathal-bern.ch\/index.php?rest_route=\/wp\/v2\/pages\/1147\/revisions"}],"predecessor-version":[{"id":1399,"href":"https:\/\/nathal-bern.ch\/index.php?rest_route=\/wp\/v2\/pages\/1147\/revisions\/1399"}],"up":[{"embeddable":true,"href":"https:\/\/nathal-bern.ch\/index.php?rest_route=\/wp\/v2\/pages\/41"}],"wp:attachment":[{"href":"https:\/\/nathal-bern.ch\/index.php?rest_route=%2Fwp%2Fv2%2Fmedia&parent=1147"}],"curies":[{"name":"wp","href":"https:\/\/api.w.org\/{rel}","templated":true}]}}