{"id":1371,"date":"2024-04-25T14:18:34","date_gmt":"2024-04-25T14:18:34","guid":{"rendered":"https:\/\/nathal-bern.ch\/?page_id=1371"},"modified":"2025-01-10T18:50:18","modified_gmt":"2025-01-10T18:50:18","slug":"spezialseminar-e-b-e-s-extraterrestrial-biological-entities","status":"publish","type":"page","link":"https:\/\/nathal-bern.ch\/?page_id=1371","title":{"rendered":"Spezialseminar E.B.E.s. (Extraterrestrial Biological Entities)"},"content":{"rendered":"<h2><span style=\"color: #339966;\"><strong>NATHAL\u00ae-Seminar E.B.E.s. (Extraterrestrial Biological Entities)<\/strong><\/span><span style=\"color: #339966;\"><strong><br \/>\n(5 Tage)<\/strong><\/span><\/h2>\n<p style=\"font-weight: 400;\"><strong>Vorbereitung auf Kontakt mit Au\u00dferirdischen<\/strong><\/p>\n<p style=\"font-weight: 400;\"><strong>Anpassung und erh\u00f6hte Belastbarkeit unter erschwerten Bedingungen<\/strong><\/p>\n<p style=\"font-weight: 400;\">Das Vorgehen mit NATHAL\u00ae erlaubt uns, alles Vorstellbare zu vertiefen und gleichzeitig nichts auszuschlie\u00dfen.<br \/>\nDas folgende Seminar besch\u00e4ftigt sich mit einem der spannendsten Themen unseres Universums, welches f\u00fcr uns Menschen die h\u00f6chstm\u00f6gliche Steigerung an Komplexit\u00e4t und Schwierigkeit darstellen: Der Kontakt mit Au\u00dferirdischen Entit\u00e4ten (E.B.E.s \u2013 Extraterrestrial Biological Entities \u2013 Begegnung der Dritten Art). Lernen Sie, wie Sie Sich in einer solchen Situation richtig und konstruktiv verhalten.<\/p>\n<p style=\"font-weight: 400;\">Der Kontakt mit E.B.E.s spricht grundlegende Werte an, welche die Grundbegriffe unseres Auffassungsverm\u00f6gens sprengen. Wir werden mit unserem Selbsterhaltungstrieb und den Grenzen unseres Vorstellungsverm\u00f6gens unmittelbar konfrontiert. Gleichzeitig ist die F\u00e4higkeit gefordert, sich durch innere Disziplin weiterhin logisch zu verhalten, deswegen wird uns eine hohe Aufmerksamkeit abverlangt.<\/p>\n<p>Der unmittelbare kulturelle Schock besteht in der Feststellung, dass wir \u2013 die menschliche Gattung \u2013 keineswegs die Kr\u00f6nung aller existierenden lebenden Organismen sind. Diese erste Feststellung stellt eine Befreiung dar und bildet die Grundlage des Dialogs. Die zweite Feststellung stellt die innere Erkenntnis dar, dass die E.B.E.s mit F\u00e4higkeiten und Kenntnissen ausgestattet sind, welche die unseren bei weitem \u00fcbersteigen, und dass deshalb nicht der Mensch, sondern die E.B.E.s die Ma\u00dfst\u00e4be f\u00fcr den Dialog setzen. Der Mensch ist gefordert, sich dieser geistigen, technologischen, ethischen und spirituellen \u00dcberlegenheit unterzuordnen, um \u00fcberhaupt in einen Dialog einsteigen zu k\u00f6nnen. Dessen Inhalte und Verlauf hat nicht er zu bestimmen, und er muss sich mit entsprechender Bescheidenheit innerlich positionieren. Anweisungen bekommt er teilweise auch zu seinem eigenen Schutz erteilt. Die eigene Erwartung bleibt hier v\u00f6llig unma\u00dfgeblich. Wir werden in diesem Kontakt gef\u00fchrt, erhalten Informationen und Energien, die zu unserem Besten sind.<\/p>\n<p style=\"font-weight: 400;\"><strong>Empirische Untersuchung<\/strong><\/p>\n<p style=\"font-weight: 400;\">Zahlreiche Personen haben Kontakte mit E.B.E.s beschrieben. Die E.B.E.s haben anscheinend fast alle die F\u00e4higkeit, unsere Gedanken lesen zu k\u00f6nnen. Sehr oft k\u00f6nnen sie auch die uns bekannten Gesetze der Physik au\u00dfer Kraft setzen usw.<br \/>\n\u201eBegegnungen der Dritten Art\u201c dienen demnach dem Zweck, die Menschheit mit einer anderen Form der Realit\u00e4t zu konfrontieren, um dadurch einen erheblichen \u201eQuantensprung\u201c in unserer Entwicklung zu vollziehen. Der Mensch wird in diesen Erfahrungen mit E.B.E.s konfrontiert, die entweder indifferent sind oder uns f\u00f6rderlich betrachten. Die bisweilen beschriebenen unangenehmen Erfahrungen mit E.B.E.s resultieren allein aus destruktiven Gedanken oder Handlungsversuchen seitens der betroffenen Menschen. Diese sind jedoch allein durch Angst, tief verankerte Unwissenheit oder die Inakzeptanz der Realit\u00e4t und der Rechte anderer Seinformen bedingt.<\/p>\n<p style=\"font-weight: 400;\">Unwissenheit ist oft der Grund f\u00fcr eine reflexartige Ablehnung. Der Mensch zweifelt zun\u00e4chst an seiner visuellen Wahrnehmung (\u201eTraut seinen Augen nicht\u201c). Nachdem er festgestellt hat, dass seine Wahrnehmung durchaus richtig ist, lehnt er \u201elogischerweise\u201c das, was er sieht, aus einem Selbsterhaltungstrieb heraus ab. Das Resultat ist ein instinktiv motiviertes, aggressives Verhalten seitens des Menschen. Dies kann verglichen werden mit der instinktiven Angst eines wilden Tieres vor einem Menschen \u2013 jedoch mit dem Menschen auf der niedrigeren und damit angstbesetzten, unreflektierten Evolutionsstufe.<br \/>\nUnn\u00fctzerweise basiert ein Gro\u00dfteil der g\u00e4ngigen Science-Fiction-Kultur auf der Projektion gewaltt\u00e4tiger Auseinandersetzungen und der Glorifizierung der menschlichen Gattung gegen\u00fcber Au\u00dferirdischen. Die Gr\u00fcnde liegen \u00fcberwiegend in einer \u00fcbertriebenen menschenzensierten Betrachtungsweise und einer biologisch \u00fcberlieferten Reaktion, was\u00a0 nicht einzuordnen ist und uns \u00fcberlegen erscheint, grunds\u00e4tzlich zu vernichten.<\/p>\n<p style=\"font-weight: 400;\"><strong>P\u00e4dagogische Ma\u00dfnahmen<\/strong><\/p>\n<p style=\"font-weight: 400;\">Gegen diese Reflexe empfehlen sich mit NATHAL\u00ae zwei Ma\u00dfnahmen: Erstens das bestehende Informationsdefizit auszugleichen, die Grenzen unserer Kenntnisse zu erweitern, sich zu \u00f6ffnen und nicht vom \u201eMainstream\u201c steuern zu lassen und zweitens die mentale St\u00e4rke zu erh\u00f6hen, d.h. sich geistig und spirituell zu stabilisieren.<br \/>\nDurch Ein\u00fcben von Toleranz, Offenheit sowie Unterordnung, lernt der Teilnehmer, in neuen Situationen automatisch Freude zu empfinden. Nachdem diese Voraussetzungen erf\u00fcllt sind, kann der \u201eDialog\u201c mit E.B.E.s erlebt werden, und zwar mit einer positiven Bereicherung f\u00fcr den Kontaktierten. Wie sich die \u201eDialoge\u201c f\u00fcr und auf die E.B.E.s auswirken, entzieht sich grunds\u00e4tzlich unserem Auffassungsverm\u00f6gen.<\/p>\n<p style=\"font-weight: 400;\">Die Pr\u00e4senz von E.B.E.s erfordert unsere gesamte Aufmerksamkeit. Gleichzeitig bedingt der Dialog die Aufhebung aller Zweifel an deren Existenz. Auch eventuell gehegte Bedenken \u00fcber deren Motive werden obsolet. Die Konfrontation zwingt uns unmittelbar, deren Existenz und immens positive Natur zu akzeptieren. Unser Wissen erweitert sich dadurch immens. Ebenfalls unmittelbar und unermesslich ist die emotionale Erfahrung der Begegnung, sie kann alle bisherigen Gef\u00fchle, die wir je erlebt haben, sprengen.<br \/>\nDer Dialog gestaltet sich individuell, je nach pers\u00f6nlichem Profil, Kenntnis und Akzeptanz.<\/p>\n<p style=\"font-weight: 400;\">Das entsprechende \u00dcbungsprogramm dazu umfasst neben dem reinen Dialog das Ein\u00fcben von Konzentration unter erschwerten Bedingungen, Anpassung an unvorstellbare Gegebenheiten, \u00dcberschreitung der intellektuellen Begrenzung etc. Wie immer hat jede \u00dcbung, und sei sie noch so abstrakt, einen unmittelbaren, pers\u00f6nlichen Bezug und erm\u00f6glicht stets auch eine charakterliche Weiterentwicklung.<\/p>\n<p style=\"font-weight: 400;\"><em>Wissenschaftliche Quelle:<\/em>\u00a0Dr. med. J. Mack, Dr. Illobrand v. Ludwiger, Dr. Jacques Vall\u00e9e, Franz\u00f6sische Regierung: Bericht Cometa, Franz\u00f6sische Luftwaffe: Commission 3AF-PAN<\/p>\n<p>5 Tage Kosten: 1500.- Fr<\/p>\n<p><img loading=\"lazy\" decoding=\"async\" class=\"alignnone size-full wp-image-1375\" src=\"https:\/\/nathal-bern.ch\/wp-content\/uploads\/2024\/04\/IMG_0759-2.jpeg\" alt=\"\" width=\"245\" height=\"241\" \/><\/p>\n","protected":false},"excerpt":{"rendered":"<p>NATHAL\u00ae-Seminar E.B.E.s. (Extraterrestrial Biological Entities) (5 Tage) Vorbereitung auf Kontakt mit Au\u00dferirdischen Anpassung und erh\u00f6hte Belastbarkeit unter erschwerten Bedingungen Das[&#8230;]<\/p>\n","protected":false},"author":1,"featured_media":0,"parent":41,"menu_order":0,"comment_status":"closed","ping_status":"closed","template":"","meta":{"_exactmetrics_skip_tracking":false,"_exactmetrics_sitenote_active":false,"_exactmetrics_sitenote_note":"","_exactmetrics_sitenote_category":0,"footnotes":""},"class_list":["post-1371","page","type-page","status-publish","hentry"],"_links":{"self":[{"href":"https:\/\/nathal-bern.ch\/index.php?rest_route=\/wp\/v2\/pages\/1371","targetHints":{"allow":["GET"]}}],"collection":[{"href":"https:\/\/nathal-bern.ch\/index.php?rest_route=\/wp\/v2\/pages"}],"about":[{"href":"https:\/\/nathal-bern.ch\/index.php?rest_route=\/wp\/v2\/types\/page"}],"author":[{"embeddable":true,"href":"https:\/\/nathal-bern.ch\/index.php?rest_route=\/wp\/v2\/users\/1"}],"replies":[{"embeddable":true,"href":"https:\/\/nathal-bern.ch\/index.php?rest_route=%2Fwp%2Fv2%2Fcomments&post=1371"}],"version-history":[{"count":8,"href":"https:\/\/nathal-bern.ch\/index.php?rest_route=\/wp\/v2\/pages\/1371\/revisions"}],"predecessor-version":[{"id":1438,"href":"https:\/\/nathal-bern.ch\/index.php?rest_route=\/wp\/v2\/pages\/1371\/revisions\/1438"}],"up":[{"embeddable":true,"href":"https:\/\/nathal-bern.ch\/index.php?rest_route=\/wp\/v2\/pages\/41"}],"wp:attachment":[{"href":"https:\/\/nathal-bern.ch\/index.php?rest_route=%2Fwp%2Fv2%2Fmedia&parent=1371"}],"curies":[{"name":"wp","href":"https:\/\/api.w.org\/{rel}","templated":true}]}}