{"id":150,"date":"2018-11-17T16:00:59","date_gmt":"2018-11-17T16:00:59","guid":{"rendered":"https:\/\/nathal-bern.ch\/?page_id=150"},"modified":"2024-10-23T14:26:58","modified_gmt":"2024-10-23T14:26:58","slug":"seminar-aufbau-2","status":"publish","type":"page","link":"https:\/\/nathal-bern.ch\/?page_id=150","title":{"rendered":"Seminar Aufbau 2"},"content":{"rendered":"<p><strong>NATHAL\u00ae-Seminar Aufbau 2 (4 Tage)<\/strong><\/p>\n<h2><span style=\"color: #339966;\">Zuk\u00fcnftige Arbeits- und Forschungsgebiete, Gruppenprojekte<\/span><\/h2>\n<p>Mit den F\u00e4higkeiten, die in der Zukunft zur Verf\u00fcgung stehen (bzw. mit der NATHAL\u00ae-Methode auch schon heute!) sind andere Arten des Arbeitens und neue Forschungsthemen m\u00f6glich.<\/p>\n<p>In den \u00dcbungen erleben die Teilnehmenden sich selbst die Zukunft gestaltend, sowohl bei Detailarbeiten, wie auch in leitender Position. Dabei werden mannigfaltige Informationen zu neuen F\u00e4higkeiten und Forschungsthemen \u00fcbertragen, die ein detailliertes Bild von der Zukunft zeigen. Die dadurch hervorgerufene Begeisterung unterstreicht die eigene Rolle in dem Prozess als aktiv und bedeutungsvoll.<\/p>\n<p>Als Vorbereitung werden Neutralit\u00e4t ge\u00fcbt, sowie die Begegnung mit geistigen Pers\u00f6nlichkeiten, welche die geistige Entwicklung unterst\u00fctzen und neue Informationen vermitteln k\u00f6nnen.<\/p>\n<p>Zum Abschluss bearbeiten die Teilnehmenden gemeinsam ein Gruppenprojekt. Dabei wird erlebt, wie die \u00fcbergeordneten Wissensebenen die einzelnen Teilnehmenden genau gem\u00e4\u00df ihren F\u00e4higkeiten in dem Prozess einsetzen, ohne dass dies vorher abgesprochen wurde, und mit welcher Leichtigkeit Meinungen und Abl\u00e4ufe dabei konvergieren.<\/p>\n<p>4 Tage &#8211; Kosten: \u00a0980.- Fr<\/p>\n<p><img loading=\"lazy\" decoding=\"async\" class=\" wp-image-307 alignleft\" src=\"https:\/\/nathal-bern.ch\/wp-content\/uploads\/2018\/10\/Zug-Kisslegg-DSCF6717-300x272.jpg\" alt=\"\" width=\"632\" height=\"573\" srcset=\"https:\/\/nathal-bern.ch\/wp-content\/uploads\/2018\/10\/Zug-Kisslegg-DSCF6717-300x272.jpg 300w, https:\/\/nathal-bern.ch\/wp-content\/uploads\/2018\/10\/Zug-Kisslegg-DSCF6717-768x697.jpg 768w, https:\/\/nathal-bern.ch\/wp-content\/uploads\/2018\/10\/Zug-Kisslegg-DSCF6717-1024x930.jpg 1024w\" sizes=\"auto, (max-width: 632px) 100vw, 632px\" \/><\/p>\n","protected":false},"excerpt":{"rendered":"<p>NATHAL\u00ae-Seminar Aufbau 2 (4 Tage) Zuk\u00fcnftige Arbeits- und Forschungsgebiete, Gruppenprojekte Mit den F\u00e4higkeiten, die in der Zukunft zur Verf\u00fcgung stehen[&#8230;]<\/p>\n","protected":false},"author":1,"featured_media":0,"parent":43,"menu_order":0,"comment_status":"closed","ping_status":"closed","template":"","meta":{"_exactmetrics_skip_tracking":false,"_exactmetrics_sitenote_active":false,"_exactmetrics_sitenote_note":"","_exactmetrics_sitenote_category":0,"footnotes":""},"class_list":["post-150","page","type-page","status-publish","hentry"],"_links":{"self":[{"href":"https:\/\/nathal-bern.ch\/index.php?rest_route=\/wp\/v2\/pages\/150","targetHints":{"allow":["GET"]}}],"collection":[{"href":"https:\/\/nathal-bern.ch\/index.php?rest_route=\/wp\/v2\/pages"}],"about":[{"href":"https:\/\/nathal-bern.ch\/index.php?rest_route=\/wp\/v2\/types\/page"}],"author":[{"embeddable":true,"href":"https:\/\/nathal-bern.ch\/index.php?rest_route=\/wp\/v2\/users\/1"}],"replies":[{"embeddable":true,"href":"https:\/\/nathal-bern.ch\/index.php?rest_route=%2Fwp%2Fv2%2Fcomments&post=150"}],"version-history":[{"count":11,"href":"https:\/\/nathal-bern.ch\/index.php?rest_route=\/wp\/v2\/pages\/150\/revisions"}],"predecessor-version":[{"id":1434,"href":"https:\/\/nathal-bern.ch\/index.php?rest_route=\/wp\/v2\/pages\/150\/revisions\/1434"}],"up":[{"embeddable":true,"href":"https:\/\/nathal-bern.ch\/index.php?rest_route=\/wp\/v2\/pages\/43"}],"wp:attachment":[{"href":"https:\/\/nathal-bern.ch\/index.php?rest_route=%2Fwp%2Fv2%2Fmedia&parent=150"}],"curies":[{"name":"wp","href":"https:\/\/api.w.org\/{rel}","templated":true}]}}