{"id":152,"date":"2018-11-17T16:01:16","date_gmt":"2018-11-17T16:01:16","guid":{"rendered":"https:\/\/nathal-bern.ch\/?page_id=152"},"modified":"2024-10-23T14:26:43","modified_gmt":"2024-10-23T14:26:43","slug":"seminar-aufbau-3","status":"publish","type":"page","link":"https:\/\/nathal-bern.ch\/?page_id=152","title":{"rendered":"Seminar Aufbau 3"},"content":{"rendered":"<p><strong>NATHAL\u00ae-Seminar Aufbau 3 (4 Tage)<\/strong><\/p>\n<h2><span style=\"color: #339966;\">Neue Farben, Musik und T\u00f6ne und zugeh\u00f6rige Gef\u00fchlsempfindungen<\/span><\/h2>\n<h3><span style=\"color: #339966;\">Bekannte und unbekannte Farben andersartig erleben<\/span><\/h3>\n<p>Durch die Synchronizit\u00e4t der Gehirnh\u00e4lften k\u00f6nnen Farben umfangreicher wahrgenommen und verarbeitet werden. Farben sind nicht nur eine optische Erscheinung, sondern werden von einer mitunter sehr starken emotionalen Komponente begleitet, die als Vermittler von Wissen agieren kann. Durch die innere Betrachtung und Aufnahme von Farben (oder Farbkombinationen) werden die \u00dcbenden zun\u00e4chst innerlich in einen besseren Aufnahmezustand versetzt. Durch emotionale Einstellung auf die Farben begreifen sie anschlie\u00dfend komplexere Zusammenh\u00e4nge, ohne \u00fcber diese nachdenken zu m\u00fcssen. F\u00e4higkeiten des spontanen Erfassens setzen sich in Gang. Dies f\u00fchrt sowohl zum Erfassen neuen Wissens, als auch zu tiefgreifenden<\/p>\n<figure id=\"attachment_351\" aria-describedby=\"caption-attachment-351\" style=\"width: 554px\" class=\"wp-caption alignleft\"><img loading=\"lazy\" decoding=\"async\" class=\" wp-image-351\" src=\"https:\/\/nathal-bern.ch\/wp-content\/uploads\/2018\/10\/IMG_7957-300x199.jpeg\" alt=\"\" width=\"554\" height=\"368\" srcset=\"https:\/\/nathal-bern.ch\/wp-content\/uploads\/2018\/10\/IMG_7957-300x199.jpeg 300w, https:\/\/nathal-bern.ch\/wp-content\/uploads\/2018\/10\/IMG_7957-768x511.jpeg 768w, https:\/\/nathal-bern.ch\/wp-content\/uploads\/2018\/10\/IMG_7957-1024x681.jpeg 1024w, https:\/\/nathal-bern.ch\/wp-content\/uploads\/2018\/10\/IMG_7957-840x560.jpeg 840w, https:\/\/nathal-bern.ch\/wp-content\/uploads\/2018\/10\/IMG_7957-120x80.jpeg 120w, https:\/\/nathal-bern.ch\/wp-content\/uploads\/2018\/10\/IMG_7957-360x240.jpeg 360w, https:\/\/nathal-bern.ch\/wp-content\/uploads\/2018\/10\/IMG_7957-600x400.jpeg 600w\" sizes=\"auto, (max-width: 554px) 100vw, 554px\" \/><figcaption id=\"caption-attachment-351\" class=\"wp-caption-text\">Bild von Hafis Bertschinger, Fribourg; Aufnahme: Agnes Berger Bertschinger<\/figcaption><\/figure>\n<p>emotionalen Heilungen, die mit Analyse und intellektueller Betrachtung niemals h\u00e4tten erreicht werden k\u00f6nnen. In den \u00dcbungen k\u00f6nnen sogar neue Farben, die optisch nicht auszumachen sind (z.B. Ultraviolett oder Infrarot) erfasst und tiefgr\u00fcndig erlebt werden. Das Hineintauchen in eine Farbe erm\u00f6glicht komplettes Abschalten von vorgefassten Meinungen und Assoziationen.<\/p>\n<p>&nbsp;<\/p>\n<h3><span style=\"color: #339966;\">Neue Wahrnehmung von Musik und neue T\u00f6ne<\/span><\/h3>\n<p>Schon im normalen Alltag k\u00f6nnen Musik bzw. T\u00f6ne erhebliche emotionale Wirkungen haben. Diese Wirkungen k\u00f6nnen innerhalb der \u00dcbungen eine so starke Steigerung erfahren, dass der Wunsch entsteht, sich selber aufzugeben, und nur noch im Inneren der Musikempfindungen zu schweben. Die Wahrnehmung von Sch\u00f6nheit und Gl\u00fcck \u00fcbersteigt bei weitem das herk\u00f6mmliche \u201eH\u00f6ren\u201c eines gespielten Instruments.<\/p>\n<p>Diese Gl\u00fccksempfindungen erm\u00f6glichen die Transzendierung geistiger und emotionaler B<span style=\"font-size: 1.0625rem;\">egrenzungen.\u00a0<\/span><\/p>\n<p>Jenseits dieser Grenzen k\u00f6nnen durch das reine innere Verweilen in den T\u00f6nen eine neue Qualit\u00e4t von Wissenstransfer, ein Ausgleich von Charakterschw\u00e4chen, sowie k\u00f6rperlicher und seelischer Heilungen stattfinden. Dies alles geschieht mit ungeheurer Leichtigkeit, ohne besondere Anstrengung. Die herk\u00f6mmliche Wissenschaft hat noch keine Erkl\u00e4rung f\u00fcr diese Wirkungen, und auch die Neurowissenschaft vermutet erst, welche tiefgreifenden Ver\u00e4nderungen Musik im Gehirn auszul\u00f6sen vermag.<\/p>\n<p>Diese Art des Musikerlebens begeistert vor allem Musiker, S\u00e4nger und Komponisten, aber auch andere Menschen, die einfach nur gerne Musik h\u00f6ren. Bei Personen mit bislang<\/p>\n<p><img loading=\"lazy\" decoding=\"async\" class=\"wp-image-309 alignright\" src=\"https:\/\/nathal-bern.ch\/wp-content\/uploads\/2018\/10\/Saxophon-DSCF7144-300x291.jpg\" alt=\"\" width=\"371\" height=\"360\" srcset=\"https:\/\/nathal-bern.ch\/wp-content\/uploads\/2018\/10\/Saxophon-DSCF7144-300x291.jpg 300w, https:\/\/nathal-bern.ch\/wp-content\/uploads\/2018\/10\/Saxophon-DSCF7144-768x746.jpg 768w, https:\/\/nathal-bern.ch\/wp-content\/uploads\/2018\/10\/Saxophon-DSCF7144-1024x994.jpg 1024w\" sizes=\"auto, (max-width: 371px) 100vw, 371px\" \/><\/p>\n<p>geringem Interessen an Musik wird dieses durch die \u00dcbungen geweckt. Weit jenseits eines blo\u00dfen sensuellen Empfindens k\u00f6nnen T\u00f6ne einen Wissenstransfer \u00fcbertragen, der z.B. auch mathematische und naturwissenschaftliche Fragen beantwortet. Es k\u00f6nnen Sinneserfahrungen von f\u00fcr Menschen unh\u00f6rbaren T\u00f6nen gemacht werden, durch die z.B. die Sinneswelt von Tieren verstanden werden kann. Das gesamte Universum kann als Zusammenspiel von T\u00f6nen erlebt werden. Die Vertiefungsm\u00f6glichkeiten sind unbegrenzt!<\/p>\n<p>4 Tage \u2013 Kosten: \u00a0980.- Fr<\/p>\n<p>&nbsp;<\/p>\n<p>Aufbauseminar 3 und\u00a0<span class=\"apple-converted-space\">4 <\/span>k\u00f6nnen auch als Block von 8 Tagen zusammen gebucht werden.<\/p>\n<p>&nbsp;<\/p>\n<p>&nbsp;<\/p>\n","protected":false},"excerpt":{"rendered":"<p>NATHAL\u00ae-Seminar Aufbau 3 (4 Tage) Neue Farben, Musik und T\u00f6ne und zugeh\u00f6rige Gef\u00fchlsempfindungen Bekannte und unbekannte Farben andersartig erleben Durch[&#8230;]<\/p>\n","protected":false},"author":1,"featured_media":0,"parent":43,"menu_order":0,"comment_status":"closed","ping_status":"closed","template":"","meta":{"_exactmetrics_skip_tracking":false,"_exactmetrics_sitenote_active":false,"_exactmetrics_sitenote_note":"","_exactmetrics_sitenote_category":0,"footnotes":""},"class_list":["post-152","page","type-page","status-publish","hentry"],"_links":{"self":[{"href":"https:\/\/nathal-bern.ch\/index.php?rest_route=\/wp\/v2\/pages\/152","targetHints":{"allow":["GET"]}}],"collection":[{"href":"https:\/\/nathal-bern.ch\/index.php?rest_route=\/wp\/v2\/pages"}],"about":[{"href":"https:\/\/nathal-bern.ch\/index.php?rest_route=\/wp\/v2\/types\/page"}],"author":[{"embeddable":true,"href":"https:\/\/nathal-bern.ch\/index.php?rest_route=\/wp\/v2\/users\/1"}],"replies":[{"embeddable":true,"href":"https:\/\/nathal-bern.ch\/index.php?rest_route=%2Fwp%2Fv2%2Fcomments&post=152"}],"version-history":[{"count":18,"href":"https:\/\/nathal-bern.ch\/index.php?rest_route=\/wp\/v2\/pages\/152\/revisions"}],"predecessor-version":[{"id":1433,"href":"https:\/\/nathal-bern.ch\/index.php?rest_route=\/wp\/v2\/pages\/152\/revisions\/1433"}],"up":[{"embeddable":true,"href":"https:\/\/nathal-bern.ch\/index.php?rest_route=\/wp\/v2\/pages\/43"}],"wp:attachment":[{"href":"https:\/\/nathal-bern.ch\/index.php?rest_route=%2Fwp%2Fv2%2Fmedia&parent=152"}],"curies":[{"name":"wp","href":"https:\/\/api.w.org\/{rel}","templated":true}]}}