{"id":156,"date":"2018-11-17T16:01:45","date_gmt":"2018-11-17T16:01:45","guid":{"rendered":"https:\/\/nathal-bern.ch\/?page_id=156"},"modified":"2024-10-23T14:29:07","modified_gmt":"2024-10-23T14:29:07","slug":"seminar-aufbau-5","status":"publish","type":"page","link":"https:\/\/nathal-bern.ch\/?page_id=156","title":{"rendered":"Seminar Aufbau 5"},"content":{"rendered":"<p><strong>NATHAL\u00ae-Seminar Aufbau 5 (4 Tage)<\/strong><\/p>\n<h2><span style=\"color: #339966;\">Zeitspr\u00fcnge: Versetzungen in Vergangenheit und Zukunft<\/span><\/h2>\n<p>Jeder kann sich rein gedanklich in seine erinnerte Vergangenheit oder seine angenommene Zukunft versetzen. Mit den in diesem Seminar vermittelten NATHAL\u00ae-\u00dcbungen bezieht die Versetzung jedoch den kompletten Gef\u00fchlsk\u00f6rper mit ein und erlaubt v\u00f6llig neue Erfahrungen.<\/p>\n<p>Eine Versetzung in die Vergangenheit erm\u00f6glicht ein detailliertes \u201eWiedererleben\u201c eines vergangenen Tages. Es erm\u00f6glicht, sich an Gef\u00fchle und Zusammenh\u00e4nge zu erinnern, die man damals gar nicht bewusst registriert hat, oder die man vergessen hat. Man versteht, warum man sich damals auf eine bestimmte Weise verhalten hat, und nicht anders. Auf diese Weise k\u00f6nnen im Nachhinein wichtige Lerneffekte aus vergangenen Erfahrungen abgeleitet werden und dadurch die gegenw\u00e4rtige Handlungsweise besser verstanden und optimiert werden.<\/p>\n<p>Anders als die bisherigen \u00dcbungen zur beruflichen Zukunft etc., geht es bei der emotionalen Versetzung in die ferne Zukunft (bis zu 20 Jahre voraus) darum, auf der Ebene des K\u00f6rpergef\u00fchls positive Erfahrungen aus der Zukunft zu integrieren. Diese dienen als Motivation f\u00fcr eine Entwicklung, die noch stattfinden wird. Durch das Erleben zuk\u00fcnftiger gl\u00fccklicher Lebenszust\u00e4nde erh\u00e4lt man einen positiven Blick auf das eigene Schicksal und kann sich schon heute dar\u00fcber freuen, wo man einmal sein wird.<\/p>\n<p>4 Tage &#8211; Kosten: 980.- Fr<\/p>\n<p>Aufbauseminar 5 und 6 k\u00f6nnen auch als Block von 8 Tagen zusammen gebucht werden.<\/p>\n<p><img loading=\"lazy\" decoding=\"async\" class=\"wp-image-359 alignleft\" src=\"https:\/\/nathal-bern.ch\/wp-content\/uploads\/2018\/10\/IMG_9671-200x300.jpeg\" alt=\"\" width=\"323\" height=\"484\" srcset=\"https:\/\/nathal-bern.ch\/wp-content\/uploads\/2018\/10\/IMG_9671-200x300.jpeg 200w, https:\/\/nathal-bern.ch\/wp-content\/uploads\/2018\/10\/IMG_9671-768x1152.jpeg 768w, https:\/\/nathal-bern.ch\/wp-content\/uploads\/2018\/10\/IMG_9671-683x1024.jpeg 683w\" sizes=\"auto, (max-width: 323px) 100vw, 323px\" \/><\/p>\n<p><img loading=\"lazy\" decoding=\"async\" class=\"wp-image-313 alignright\" src=\"https:\/\/nathal-bern.ch\/wp-content\/uploads\/2018\/10\/IMG_2599-225x300.jpg\" alt=\"\" width=\"359\" height=\"479\" srcset=\"https:\/\/nathal-bern.ch\/wp-content\/uploads\/2018\/10\/IMG_2599-225x300.jpg 225w, https:\/\/nathal-bern.ch\/wp-content\/uploads\/2018\/10\/IMG_2599-768x1024.jpg 768w\" sizes=\"auto, (max-width: 359px) 100vw, 359px\" \/><\/p>\n<p>&nbsp;<\/p>\n","protected":false},"excerpt":{"rendered":"<p>NATHAL\u00ae-Seminar Aufbau 5 (4 Tage) Zeitspr\u00fcnge: Versetzungen in Vergangenheit und Zukunft Jeder kann sich rein gedanklich in seine erinnerte Vergangenheit[&#8230;]<\/p>\n","protected":false},"author":1,"featured_media":0,"parent":43,"menu_order":0,"comment_status":"closed","ping_status":"closed","template":"","meta":{"_exactmetrics_skip_tracking":false,"_exactmetrics_sitenote_active":false,"_exactmetrics_sitenote_note":"","_exactmetrics_sitenote_category":0,"footnotes":""},"class_list":["post-156","page","type-page","status-publish","hentry"],"_links":{"self":[{"href":"https:\/\/nathal-bern.ch\/index.php?rest_route=\/wp\/v2\/pages\/156","targetHints":{"allow":["GET"]}}],"collection":[{"href":"https:\/\/nathal-bern.ch\/index.php?rest_route=\/wp\/v2\/pages"}],"about":[{"href":"https:\/\/nathal-bern.ch\/index.php?rest_route=\/wp\/v2\/types\/page"}],"author":[{"embeddable":true,"href":"https:\/\/nathal-bern.ch\/index.php?rest_route=\/wp\/v2\/users\/1"}],"replies":[{"embeddable":true,"href":"https:\/\/nathal-bern.ch\/index.php?rest_route=%2Fwp%2Fv2%2Fcomments&post=156"}],"version-history":[{"count":14,"href":"https:\/\/nathal-bern.ch\/index.php?rest_route=\/wp\/v2\/pages\/156\/revisions"}],"predecessor-version":[{"id":1436,"href":"https:\/\/nathal-bern.ch\/index.php?rest_route=\/wp\/v2\/pages\/156\/revisions\/1436"}],"up":[{"embeddable":true,"href":"https:\/\/nathal-bern.ch\/index.php?rest_route=\/wp\/v2\/pages\/43"}],"wp:attachment":[{"href":"https:\/\/nathal-bern.ch\/index.php?rest_route=%2Fwp%2Fv2%2Fmedia&parent=156"}],"curies":[{"name":"wp","href":"https:\/\/api.w.org\/{rel}","templated":true}]}}