{"id":160,"date":"2018-11-17T16:02:16","date_gmt":"2018-11-17T16:02:16","guid":{"rendered":"https:\/\/nathal-bern.ch\/?page_id=160"},"modified":"2024-10-23T14:22:49","modified_gmt":"2024-10-23T14:22:49","slug":"seminar-aufbau-7","status":"publish","type":"page","link":"https:\/\/nathal-bern.ch\/?page_id=160","title":{"rendered":"Seminar Aufbau 7"},"content":{"rendered":"<p><strong>NATHAL\u00ae-Seminar Aufbau 7 (5 Tage)<\/strong><\/p>\n<h2><span style=\"color: #339966;\">Spezialexperimente: Willentliche Projektion, Neue Informationsebenen, Wahrnehmung und \u00dcbertragung von Informationen \u00fcber gro\u00dfe Entfernung<\/span><\/h2>\n<p>F\u00fcr alle Seminare der Reihe \u201eSpezialexperimente\u201c gilt: Die Teilnehmenden m\u00fcssen aktiv an ihrer ethischen Entwicklung gearbeitet und die wesentlichen Z\u00fcge des NATHAL\u00ae-Trainings begriffen haben. Ein sicherer Umgang mit den \u00dcbungen bildet die Grundlage f\u00fcr die hier angebotenen Vertiefungen.<\/p>\n<p>Das Aufbauseminar 7 befasst sich mit verschiedenen anspruchsvollen Themengebieten. Diese setzen eine sehr edle innere Einstellung voraus und erm\u00f6glichen den Teilnehmenden die Entwicklung von geistigen F\u00e4higkeiten, deren Einsatz gro\u00dfe Verantwortung erfordert. Themen sind u.a.:<\/p>\n<p>Kontakte und Wissenstransfer mit hochentwickelten Seinsformen, deren gr\u00f6bste Form sich gerade eben noch mit unserer feinsten Form \u00fcberschneidet<\/p>\n<p>Wahrnehmung von Gespr\u00e4chen aus der Ferne<\/p>\n<p>\u00dcbertragung positiver Impulse und Gef\u00fchle in andere Gespr\u00e4che, auch \u00fcber gro\u00dfe Entfernungen, mit h\u00f6chsten ethischen Anspr\u00fcchen<\/p>\n<p>Willentliche Projektion in andere Umgebungen und Handlungen und deren detaillierte Wahrnehmung<\/p>\n<p>Ein\u00fcben von sachlicher, neutraler Wahrnehmung, auch bei Inhalten, die ethisch abgelehnt werden oder schwer verkraftbar sind<\/p>\n<p>Erkennen eigener Blockaden und deren L\u00f6sung mit dem Ziel gesteigerter Lebensfreude<\/p>\n<p>&nbsp;<\/p>\n<p><span style=\"font-size: 1.0625rem;\">5 Tage &#8211;\u00a0<\/span><span style=\"font-size: 1.0625rem;\">Kosten: 1800.- Fr<\/span><\/p>\n<p><img loading=\"lazy\" decoding=\"async\" class=\"wp-image-317 alignleft\" src=\"https:\/\/nathal-bern.ch\/wp-content\/uploads\/2018\/10\/IMG_7778-300x200.jpg\" alt=\"\" width=\"772\" height=\"514\" srcset=\"https:\/\/nathal-bern.ch\/wp-content\/uploads\/2018\/10\/IMG_7778-300x200.jpg 300w, https:\/\/nathal-bern.ch\/wp-content\/uploads\/2018\/10\/IMG_7778-768x512.jpg 768w, https:\/\/nathal-bern.ch\/wp-content\/uploads\/2018\/10\/IMG_7778-1024x683.jpg 1024w, https:\/\/nathal-bern.ch\/wp-content\/uploads\/2018\/10\/IMG_7778-840x560.jpg 840w, https:\/\/nathal-bern.ch\/wp-content\/uploads\/2018\/10\/IMG_7778-120x80.jpg 120w, https:\/\/nathal-bern.ch\/wp-content\/uploads\/2018\/10\/IMG_7778-360x240.jpg 360w, https:\/\/nathal-bern.ch\/wp-content\/uploads\/2018\/10\/IMG_7778-600x400.jpg 600w\" sizes=\"auto, (max-width: 772px) 100vw, 772px\" \/><\/p>\n","protected":false},"excerpt":{"rendered":"<p>NATHAL\u00ae-Seminar Aufbau 7 (5 Tage) Spezialexperimente: Willentliche Projektion, Neue Informationsebenen, Wahrnehmung und \u00dcbertragung von Informationen \u00fcber gro\u00dfe Entfernung F\u00fcr alle[&#8230;]<\/p>\n","protected":false},"author":1,"featured_media":0,"parent":43,"menu_order":0,"comment_status":"closed","ping_status":"closed","template":"","meta":{"_exactmetrics_skip_tracking":false,"_exactmetrics_sitenote_active":false,"_exactmetrics_sitenote_note":"","_exactmetrics_sitenote_category":0,"footnotes":""},"class_list":["post-160","page","type-page","status-publish","hentry"],"_links":{"self":[{"href":"https:\/\/nathal-bern.ch\/index.php?rest_route=\/wp\/v2\/pages\/160","targetHints":{"allow":["GET"]}}],"collection":[{"href":"https:\/\/nathal-bern.ch\/index.php?rest_route=\/wp\/v2\/pages"}],"about":[{"href":"https:\/\/nathal-bern.ch\/index.php?rest_route=\/wp\/v2\/types\/page"}],"author":[{"embeddable":true,"href":"https:\/\/nathal-bern.ch\/index.php?rest_route=\/wp\/v2\/users\/1"}],"replies":[{"embeddable":true,"href":"https:\/\/nathal-bern.ch\/index.php?rest_route=%2Fwp%2Fv2%2Fcomments&post=160"}],"version-history":[{"count":11,"href":"https:\/\/nathal-bern.ch\/index.php?rest_route=\/wp\/v2\/pages\/160\/revisions"}],"predecessor-version":[{"id":1429,"href":"https:\/\/nathal-bern.ch\/index.php?rest_route=\/wp\/v2\/pages\/160\/revisions\/1429"}],"up":[{"embeddable":true,"href":"https:\/\/nathal-bern.ch\/index.php?rest_route=\/wp\/v2\/pages\/43"}],"wp:attachment":[{"href":"https:\/\/nathal-bern.ch\/index.php?rest_route=%2Fwp%2Fv2%2Fmedia&parent=160"}],"curies":[{"name":"wp","href":"https:\/\/api.w.org\/{rel}","templated":true}]}}