{"id":164,"date":"2018-11-17T16:14:06","date_gmt":"2018-11-17T16:14:06","guid":{"rendered":"https:\/\/nathal-bern.ch\/?page_id=164"},"modified":"2024-10-23T13:33:49","modified_gmt":"2024-10-23T13:33:49","slug":"spezialseminare-geistiges-heilen-1-und-2","status":"publish","type":"page","link":"https:\/\/nathal-bern.ch\/?page_id=164","title":{"rendered":"Spezialseminare Geistiges Heilen I und II"},"content":{"rendered":"<h1><span style=\"color: #339966;\">NATHAL\u00ae &#8211; Geistiges Heilen<b><br \/>\n<\/b><b><\/b><\/span><span style=\"color: #339966;\"><b>(1. Block: 8 Tage, 2. Block: 5 Tage)<\/b><\/span><\/h1>\n<p>F\u00fcr Menschen in medizinischen und therapeutischen Berufsfeldern (\u00c4rzte, Theologinnen, Heilpraktiker, Therapeutinnen, Pflegefachleute und andere Heilberufe)<\/p>\n<p>Dieses Seminar wendet sich speziell an Heilberufe der unterschiedlichsten Richtungen, aber auch an andere Menschen, die helfen m\u00f6chten, die seelische oder k\u00f6rperliche Gesundheit zu optimieren oder wiederzuerlangen. Da im Zuge des Seminars auch intensiv an eigenen Problemen gearbeitet (\u201evor der eigenen T\u00fcr gekehrt\u201c) wird, finden auch bei den Teilnehmenden selbst tiefgreifende Heilungen statt.<\/p>\n<p>\u201eUm heilen zu k\u00f6nnen, muss man zun\u00e4chst selbst heil sein\u201c \u2013 getreu diesem Motto werden zun\u00e4chst bei den Teilnehmenden eigene Blockaden und Charakterschw\u00e4chen betrachtet und gel\u00f6scht, die einer Weiterentwicklung der heilerischen F\u00e4higkeiten im Wege stehen w\u00fcrden. Dann lernen sie die eigene ethische Haltung zu optimieren. Z.B. darf der Zustand eines Klienten nicht nach eigenen Kriterien oder leichtfertig nach der \u201eLieblingsdiagnose\u201c bewertet werden. Dadurch entsteht eine h\u00f6here Neutralit\u00e4t, welche die intuitive, telepathische Diagnosef\u00e4higkeit verbessert. Die Heilenden lernen, sich innerlich in die Klientinnen hineinzuversetzen und die emotionalen, sozialen und spirituellen Krankheitsursachen zu erkennen und in den Verlauf der Heilung mit einzubeziehen. Ebenso m\u00fcssen sie die M\u00f6glichkeit des eigenen Scheiterns mit Gleichmut akzeptieren lernen und erkennen, dass die Heilung ihrer Klienten im Wesentlichen von der ethischen Qualit\u00e4t ihrer inneren Haltung abh\u00e4ngt, und nur sekund\u00e4r von ihrem therapeutischen Wissen.<\/p>\n<p>Schlie\u00dflich wird ge\u00fcbt, \u00fcbergeordnete feinstoffliche Energien konzentriert und gezielt auf Klientinnen zu lenken, um deren Gesundheit, geistige Entfaltung und Wohlbefinden zu f\u00f6rdern. Diese Art von Behandlung wird auch von den Teilnehmenden gegenseitig aneinander praktisch ge\u00fcbt. Der Umgang mit diesen Energien erfordert ein hohes Ma\u00df an Verantwortung. Dies ist f\u00fcr Ge\u00fcbte wie Unge\u00fcbte gleicherma\u00dfen intensivierbar.<\/p>\n<p>Die NATHAL\u00ae-Heiler-Ausbildung findet in zwei Stufen statt. Der erste Block dauert acht Tage, der zweite f\u00fcnf. Der zweite Block wird mit dem Zertifikat zum NATHAL\u00ae-Heiler abgeschlossen.<\/p>\n<p><strong>Anmerkung:<\/strong>\u00a0Alle Teilnehmenden unterschreiben eingangs eine Schweigepflichtserkl\u00e4rung, betreffend Krankheitszust\u00e4nden anderer Teilnehmenden, die sie im Zuge der \u00dcbungen erfahren.<\/p>\n<ol>\n<li>Block: \u00a08 Tage &#8211; Kosten: 1700.- Fr<\/li>\n<li>Block: 5 Tage &#8211; Kosten: 1300.- Fr<\/li>\n<\/ol>\n<p>&nbsp;<\/p>\n<p><img loading=\"lazy\" decoding=\"async\" class=\"wp-image-321 aligncenter\" src=\"https:\/\/nathal-bern.ch\/wp-content\/uploads\/2018\/10\/DSCF0797-300x273.jpg\" alt=\"\" width=\"805\" height=\"733\" srcset=\"https:\/\/nathal-bern.ch\/wp-content\/uploads\/2018\/10\/DSCF0797-300x273.jpg 300w, https:\/\/nathal-bern.ch\/wp-content\/uploads\/2018\/10\/DSCF0797-768x698.jpg 768w, https:\/\/nathal-bern.ch\/wp-content\/uploads\/2018\/10\/DSCF0797-1024x931.jpg 1024w\" sizes=\"auto, (max-width: 805px) 100vw, 805px\" \/><\/p>\n","protected":false},"excerpt":{"rendered":"<p>NATHAL\u00ae &#8211; Geistiges Heilen (1. Block: 8 Tage, 2. Block: 5 Tage) F\u00fcr Menschen in medizinischen und therapeutischen Berufsfeldern (\u00c4rzte,[&#8230;]<\/p>\n","protected":false},"author":1,"featured_media":0,"parent":41,"menu_order":0,"comment_status":"closed","ping_status":"closed","template":"","meta":{"_exactmetrics_skip_tracking":false,"_exactmetrics_sitenote_active":false,"_exactmetrics_sitenote_note":"","_exactmetrics_sitenote_category":0,"footnotes":""},"class_list":["post-164","page","type-page","status-publish","hentry"],"_links":{"self":[{"href":"https:\/\/nathal-bern.ch\/index.php?rest_route=\/wp\/v2\/pages\/164","targetHints":{"allow":["GET"]}}],"collection":[{"href":"https:\/\/nathal-bern.ch\/index.php?rest_route=\/wp\/v2\/pages"}],"about":[{"href":"https:\/\/nathal-bern.ch\/index.php?rest_route=\/wp\/v2\/types\/page"}],"author":[{"embeddable":true,"href":"https:\/\/nathal-bern.ch\/index.php?rest_route=\/wp\/v2\/users\/1"}],"replies":[{"embeddable":true,"href":"https:\/\/nathal-bern.ch\/index.php?rest_route=%2Fwp%2Fv2%2Fcomments&post=164"}],"version-history":[{"count":18,"href":"https:\/\/nathal-bern.ch\/index.php?rest_route=\/wp\/v2\/pages\/164\/revisions"}],"predecessor-version":[{"id":1412,"href":"https:\/\/nathal-bern.ch\/index.php?rest_route=\/wp\/v2\/pages\/164\/revisions\/1412"}],"up":[{"embeddable":true,"href":"https:\/\/nathal-bern.ch\/index.php?rest_route=\/wp\/v2\/pages\/41"}],"wp:attachment":[{"href":"https:\/\/nathal-bern.ch\/index.php?rest_route=%2Fwp%2Fv2%2Fmedia&parent=164"}],"curies":[{"name":"wp","href":"https:\/\/api.w.org\/{rel}","templated":true}]}}