{"id":166,"date":"2018-11-17T16:12:05","date_gmt":"2018-11-17T16:12:05","guid":{"rendered":"https:\/\/nathal-bern.ch\/?page_id=166"},"modified":"2024-07-17T10:50:20","modified_gmt":"2024-07-17T10:50:20","slug":"spezialseminar-sterben-und-sterbebegleitung","status":"publish","type":"page","link":"https:\/\/nathal-bern.ch\/?page_id=166","title":{"rendered":"Spezialseminar Sterben und Sterbebegleitung"},"content":{"rendered":"<h2><span style=\"color: #339966;\">NATHAL\u00ae-Seminar Sterben und Sterbebegleitung (5 Tage)<\/span><\/h2>\n<h3><strong><span style=\"color: #339966;\">Sterben als Transformation in ein neues Leben begreifen,<br \/>\nBegleitung Sterbender und Angeh\u00f6riger<\/span><\/strong><\/h3>\n<p>Sterben ist in unserem Kulturkreis f\u00fcr die meisten Menschen ein Tabu-Thema. Am Ende ihres Lebens angelangt empfinden Sterbende, aber auch Angeh\u00f6rige, h\u00e4ufig Angst und Verunsicherung \u00fcber das, was auf sie zu kommt.<\/p>\n<p>Als Teilnehmende an diesem NATHAL\u00ae-Spezialseminar besch\u00e4ftigen Sie sich mit vielen Aspekten des Sterbens und lernen, Beteiligten bei diesem Prozess zu helfen. Das Seminar richtet sich sowohl an Fachpersonal wie auch an Privatpersonen, die in ihrem pers\u00f6nlichen Umfeld Sterbende betreuen oder eigene Trauer zu bew\u00e4ltigen haben.<\/p>\n<p>In den \u00dcbungen lernen Sie Phasen des Sterbeprozesses und des Trauerns kennen. Sie erfahren Hintergr\u00fcnde und tieferen Sinn des \u00dcbergangs und erfassen die Bed\u00fcrfnisse von Beteiligten. Sie lernen sich einzuf\u00fchlen in das Mysterium der Transformation. Sie gelangen zu einer intuitiven, medialen, telepathischen Sichtweise des Sterbeprozesses und erkennen die Symbolsprache des Sterbenden, sowie dessen Verdr\u00e4ngungsmechanismen. Auch psychosoziale Aspekte des Sterbens<span style=\"font-size: 1.0625rem;\">\u00a0werden\u00a0<\/span><span style=\"font-size: 1.0625rem;\">thematisiert (Rituale). Sie gewinnen Einsichten und Sicherheit bez\u00fcglich folgenden Themen:<\/span><\/p>\n<ul>\n<li>Aussprechen von Gef\u00fchlen zwischen Sterbendem und Angeh\u00f6rigen<\/li>\n<li>Ermutigung des Sterbenden, seinen \u201eletzten Willen\u201c auszudr\u00fccken (z.B. W\u00fcnsche f\u00fcr Trauer- und Beerdigungssrituale)<\/li>\n<li>Den Sterbenden ber\u00fchren und Trost spenden<\/li>\n<li>Mit dem Sterbenden beten, bzw. Aussprachen erm\u00f6glichen<\/li>\n<li>Die Angeh\u00f6rigen zum Trauern ermutigen<\/li>\n<\/ul>\n<p>Wesentliche Inhalte der \u00dcbungen sind u.a.:<\/p>\n<ul>\n<li>Erleben der Gef\u00fchle Sterbender gegen\u00fcber Familienangeh\u00f6rigen und Freunden<\/li>\n<li>Bearbeitung der eigenen \u00c4ngste vor diesem Thema, so dass die Transformation danach nicht mehr als angstbesetzt empfunden wird, sondern als sinnerf\u00fcllter, kr\u00f6nender Abschluss der irdischen Erfahrung<\/li>\n<li>Tod als H\u00f6hepunkt und Erl\u00f6sung<\/li>\n<li>Umgang mit \u00c4ngsten (z.B. vor Schmerzen)<\/li>\n<li>Wirkungsvolles Einbetten des Transformationsprozesses in \u00fcbergeordnete Zusammenh\u00e4nge<\/li>\n<li>Umgang von Angeh\u00f6rigen mit einem Sterbenden<\/li>\n<li>Umgang eines Sterbenden mit Angeh\u00f6rigen<\/li>\n<\/ul>\n<p>5 Tage \u2013 Kosten: 1500.- Fr<\/p>\n<p>&nbsp;<\/p>\n<p><img loading=\"lazy\" decoding=\"async\" class=\" wp-image-323 aligncenter\" src=\"https:\/\/nathal-bern.ch\/wp-content\/uploads\/2018\/10\/IMG_3252-300x234.jpg\" alt=\"\" width=\"762\" height=\"594\" srcset=\"https:\/\/nathal-bern.ch\/wp-content\/uploads\/2018\/10\/IMG_3252-300x234.jpg 300w, https:\/\/nathal-bern.ch\/wp-content\/uploads\/2018\/10\/IMG_3252-768x598.jpg 768w, https:\/\/nathal-bern.ch\/wp-content\/uploads\/2018\/10\/IMG_3252-1024x798.jpg 1024w\" sizes=\"auto, (max-width: 762px) 100vw, 762px\" \/><\/p>\n","protected":false},"excerpt":{"rendered":"<p>NATHAL\u00ae-Seminar Sterben und Sterbebegleitung (5 Tage) Sterben als Transformation in ein neues Leben begreifen, Begleitung Sterbender und Angeh\u00f6riger Sterben ist[&#8230;]<\/p>\n","protected":false},"author":1,"featured_media":0,"parent":41,"menu_order":0,"comment_status":"closed","ping_status":"closed","template":"","meta":{"_exactmetrics_skip_tracking":false,"_exactmetrics_sitenote_active":false,"_exactmetrics_sitenote_note":"","_exactmetrics_sitenote_category":0,"footnotes":""},"class_list":["post-166","page","type-page","status-publish","hentry"],"_links":{"self":[{"href":"https:\/\/nathal-bern.ch\/index.php?rest_route=\/wp\/v2\/pages\/166","targetHints":{"allow":["GET"]}}],"collection":[{"href":"https:\/\/nathal-bern.ch\/index.php?rest_route=\/wp\/v2\/pages"}],"about":[{"href":"https:\/\/nathal-bern.ch\/index.php?rest_route=\/wp\/v2\/types\/page"}],"author":[{"embeddable":true,"href":"https:\/\/nathal-bern.ch\/index.php?rest_route=\/wp\/v2\/users\/1"}],"replies":[{"embeddable":true,"href":"https:\/\/nathal-bern.ch\/index.php?rest_route=%2Fwp%2Fv2%2Fcomments&post=166"}],"version-history":[{"count":12,"href":"https:\/\/nathal-bern.ch\/index.php?rest_route=\/wp\/v2\/pages\/166\/revisions"}],"predecessor-version":[{"id":1395,"href":"https:\/\/nathal-bern.ch\/index.php?rest_route=\/wp\/v2\/pages\/166\/revisions\/1395"}],"up":[{"embeddable":true,"href":"https:\/\/nathal-bern.ch\/index.php?rest_route=\/wp\/v2\/pages\/41"}],"wp:attachment":[{"href":"https:\/\/nathal-bern.ch\/index.php?rest_route=%2Fwp%2Fv2%2Fmedia&parent=166"}],"curies":[{"name":"wp","href":"https:\/\/api.w.org\/{rel}","templated":true}]}}