{"id":168,"date":"2018-11-17T16:13:34","date_gmt":"2018-11-17T16:13:34","guid":{"rendered":"https:\/\/nathal-bern.ch\/?page_id=168"},"modified":"2024-07-17T10:54:54","modified_gmt":"2024-07-17T10:54:54","slug":"spezialseminar-zwischenmenschliche-beziehungen-soziale-kompetenz","status":"publish","type":"page","link":"https:\/\/nathal-bern.ch\/?page_id=168","title":{"rendered":"Spezialseminar Zwischenmenschliche Beziehungen &#8211; Soziale Kompetenz"},"content":{"rendered":"<h2><span style=\"color: #339966;\"><strong>NATHAL\u00ae-Seminar:<br \/>\nZwischenmenschliche Beziehungen &#8211; soziale Kompetenz<br \/>\n<\/strong><strong style=\"font-size: 1.0625rem;\">(5 Tage)<\/strong><\/span><\/h2>\n<p>Dieses NATHAL\u00ae-Seminar zielt darauf ab eigene Verhaltensmuster und Blockaden, die uns zwischenmenschliche Beziehungen als unbefriedigend erleben lassen, aufzusp\u00fcren<br \/>\nund unmittelbar zu heilen.<\/p>\n<p>Aus einer \u00fcbergeordneten, kosmisch-spirituellen Sichtweise lernst Du, die Auswirkungen Deiner eigenen Verhaltensweisen (und der Deines Partners) auf Deine Beziehungen (bzw. Eure Beziehung) zu erkennen. Die gewonnenen Erkenntnisse beschr\u00e4nken sich dabei nicht auf logisch-rationales Erfassen. Vielmehr ist es Dir m\u00f6glich, die zugrundeliegenden Gef\u00fchle zu erleben, wodurch ein umfassendes, ganzheitliches Erkennen m\u00f6glich wird. Heilung erfolgt sowohl auf der emotionalen als auch auf der rationalen Ebene &#8211; Du lernst Dich selbst und Deine Partnerin auf eine ganzheitliche Art wahrzunehmen, Konfliktsituationen zu durchschauen und zu vermeiden. Voraussetzung hierf\u00fcr ist eine gro\u00dfe seelisch-emotionale Stabilit\u00e4t, die durch die \u00dcbungen dauerhaft aufgebaut wird.<\/p>\n<p>Als Resultat kann sich Deine Partnerschaft wandeln: Einerseits, indem sich Deine gesteigerte innere Harmonie wohltuend nach au\u00dfen in Deiner Ausstrahlung und nach innen in einer echten, intakten Partnerschaft widerspiegelt. Andererseits lernst Du, versteckte Emotionen und Aggressionen zu durchschauen, Dich mit Gef\u00fchlen der Hilflosigkeit oder karmischen Belastungen zu konfrontieren und diese behandeln zu lassen.<\/p>\n<p>Falls Dir im Seminar klar wird, dass Deine Beziehung auf Dauer gl\u00fccklos f\u00fcr Dich w\u00fcrde, kannst Du eine derartige Krise als Chance begreifen und eine Trennung leichter und m\u00fcheloser verkraften. Dies wird m\u00f6glich, da mit Hilfe der NATHAL\u00ae-Methode Situationen vorab durchleuchtet werden k\u00f6nnen und entsprechende Informationen Wege ebnen, die Ver\u00e4rgerung und Entt\u00e4uschungen f\u00fcr alle Beteiligten vermeiden helfen.<\/p>\n<p>In den \u00dcbungen werden u.a. folgende Fragen behandelt:<\/p>\n<ul>\n<li>Welche Neigungen und Verhaltensweisen habe ich in der Vergangenheit in Partnerschaften an den Tag gelegt?<\/li>\n<li>Wie empfinden mich mein jetziger Partner oder andere Beziehungspersonen?<\/li>\n<li>Welche W\u00fcnsche habe ich in einer Partnerschaft, sind diese realistisch?<\/li>\n<li>Welche W\u00fcnsche lebe ich nicht?<\/li>\n<li>Wie sieht ein gl\u00fcckliches Leben ohne Partnerschaft aus, und ist das f\u00fcr mich erstrebenswert?<\/li>\n<li>Gibt es eine Seelenpartnerin f\u00fcr mich, ist es sinnvoll zusammenzuleben, bin ich bereit mich so tief auf jemanden einzulassen?<\/li>\n<li>Kann ich genug geben, wo gelingt es mir und wo nicht?<\/li>\n<li>Was muss ich tun, um eine optimale Partnerschaft zu f\u00fchren, und wie f\u00fchle ich mich in einer solchen?<\/li>\n<\/ul>\n<p>5 Tage \u2013 Kosten: 1500.- Fr<\/p>\n<p><img loading=\"lazy\" decoding=\"async\" class=\"wp-image-325 alignleft\" src=\"https:\/\/nathal-bern.ch\/wp-content\/uploads\/2018\/10\/IMG_3957-300x298.jpg\" alt=\"\" width=\"767\" height=\"761\" srcset=\"https:\/\/nathal-bern.ch\/wp-content\/uploads\/2018\/10\/IMG_3957-300x298.jpg 300w, https:\/\/nathal-bern.ch\/wp-content\/uploads\/2018\/10\/IMG_3957-150x150.jpg 150w, https:\/\/nathal-bern.ch\/wp-content\/uploads\/2018\/10\/IMG_3957-768x762.jpg 768w, https:\/\/nathal-bern.ch\/wp-content\/uploads\/2018\/10\/IMG_3957-1024x1016.jpg 1024w\" sizes=\"auto, (max-width: 767px) 100vw, 767px\" \/><\/p>\n","protected":false},"excerpt":{"rendered":"<p>NATHAL\u00ae-Seminar: Zwischenmenschliche Beziehungen &#8211; soziale Kompetenz (5 Tage) Dieses NATHAL\u00ae-Seminar zielt darauf ab eigene Verhaltensmuster und Blockaden, die uns zwischenmenschliche[&#8230;]<\/p>\n","protected":false},"author":1,"featured_media":0,"parent":41,"menu_order":0,"comment_status":"closed","ping_status":"closed","template":"","meta":{"_exactmetrics_skip_tracking":false,"_exactmetrics_sitenote_active":false,"_exactmetrics_sitenote_note":"","_exactmetrics_sitenote_category":0,"footnotes":""},"class_list":["post-168","page","type-page","status-publish","hentry"],"_links":{"self":[{"href":"https:\/\/nathal-bern.ch\/index.php?rest_route=\/wp\/v2\/pages\/168","targetHints":{"allow":["GET"]}}],"collection":[{"href":"https:\/\/nathal-bern.ch\/index.php?rest_route=\/wp\/v2\/pages"}],"about":[{"href":"https:\/\/nathal-bern.ch\/index.php?rest_route=\/wp\/v2\/types\/page"}],"author":[{"embeddable":true,"href":"https:\/\/nathal-bern.ch\/index.php?rest_route=\/wp\/v2\/users\/1"}],"replies":[{"embeddable":true,"href":"https:\/\/nathal-bern.ch\/index.php?rest_route=%2Fwp%2Fv2%2Fcomments&post=168"}],"version-history":[{"count":15,"href":"https:\/\/nathal-bern.ch\/index.php?rest_route=\/wp\/v2\/pages\/168\/revisions"}],"predecessor-version":[{"id":1403,"href":"https:\/\/nathal-bern.ch\/index.php?rest_route=\/wp\/v2\/pages\/168\/revisions\/1403"}],"up":[{"embeddable":true,"href":"https:\/\/nathal-bern.ch\/index.php?rest_route=\/wp\/v2\/pages\/41"}],"wp:attachment":[{"href":"https:\/\/nathal-bern.ch\/index.php?rest_route=%2Fwp%2Fv2%2Fmedia&parent=168"}],"curies":[{"name":"wp","href":"https:\/\/api.w.org\/{rel}","templated":true}]}}