{"id":170,"date":"2018-11-17T16:12:23","date_gmt":"2018-11-17T16:12:23","guid":{"rendered":"https:\/\/nathal-bern.ch\/?page_id=170"},"modified":"2024-07-17T10:53:24","modified_gmt":"2024-07-17T10:53:24","slug":"spezialseminar-therapeutische-rueckfuehrungen","status":"publish","type":"page","link":"https:\/\/nathal-bern.ch\/?page_id=170","title":{"rendered":"Spezialseminar Therapeutische R\u00fcckf\u00fchrungen"},"content":{"rendered":"<h2><span style=\"color: #339966;\"><b>NATHAL\u00ae-Seminar Therapeutische R\u00fcckf\u00fchrungen<br \/>\n<\/b><\/span><span style=\"color: #339966;\"><b>(5 Tage)\u00a0<\/b><\/span><\/h2>\n<p>&nbsp;<\/p>\n<p>Von den geistigen Entit\u00e4ten verantwortungsvoll gef\u00fchrte R\u00fcckf\u00fchrungen in die eigentliche Ursache von Problemen, die bis heute\u00a0manifestiert und\u00a0wirksam sind.<\/p>\n<p>Einsicht erhalten in fr\u00fchere Zeiten (Vorleben, Embryonalzeit oder Kindheit), erkennen und behandeln von Unstimmigkeiten.<\/p>\n<p>Danach wird das Erleben von neuen Gef\u00fchlen und Empfindungen erm\u00f6glicht. Neue Verhaltensmuster<span style=\"font-size: 1.0625rem;\">\u00a0<\/span><span style=\"font-size: 1.0625rem;\">werden\u00a0<\/span><span style=\"font-size: 1.0625rem;\">erlernt. <\/span><\/p>\n<p><span style=\"font-size: 1.0625rem;\">Erleichterung und neue Lebensqualit\u00e4t werden sp\u00fcr- und erlebbar.<\/span><\/p>\n<p>&nbsp;<\/p>\n<p>5 Tage &#8211; Kosten: 1500.- Fr<\/p>\n<p>&nbsp;<\/p>\n<p>&nbsp;<\/p>\n<p><img loading=\"lazy\" decoding=\"async\" class=\"alignnone size-medium wp-image-331\" src=\"https:\/\/nathal-bern.ch\/wp-content\/uploads\/2018\/10\/DSCF7133-278x300.jpg\" alt=\"\" width=\"278\" height=\"300\" srcset=\"https:\/\/nathal-bern.ch\/wp-content\/uploads\/2018\/10\/DSCF7133-278x300.jpg 278w, https:\/\/nathal-bern.ch\/wp-content\/uploads\/2018\/10\/DSCF7133-768x829.jpg 768w, https:\/\/nathal-bern.ch\/wp-content\/uploads\/2018\/10\/DSCF7133-948x1024.jpg 948w\" sizes=\"auto, (max-width: 278px) 100vw, 278px\" \/>\u00a0 \u00a0<img loading=\"lazy\" decoding=\"async\" class=\"alignnone size-medium wp-image-327\" src=\"https:\/\/nathal-bern.ch\/wp-content\/uploads\/2018\/10\/IMG_3852-281x300.jpg\" alt=\"\" width=\"281\" height=\"300\" srcset=\"https:\/\/nathal-bern.ch\/wp-content\/uploads\/2018\/10\/IMG_3852-281x300.jpg 281w, https:\/\/nathal-bern.ch\/wp-content\/uploads\/2018\/10\/IMG_3852-768x820.jpg 768w, https:\/\/nathal-bern.ch\/wp-content\/uploads\/2018\/10\/IMG_3852-959x1024.jpg 959w\" sizes=\"auto, (max-width: 281px) 100vw, 281px\" \/>\u00a0 \u00a0<img loading=\"lazy\" decoding=\"async\" class=\"alignnone size-medium wp-image-363\" src=\"https:\/\/nathal-bern.ch\/wp-content\/uploads\/2018\/10\/IMG_1306-188x300.jpeg\" alt=\"\" width=\"188\" height=\"300\" srcset=\"https:\/\/nathal-bern.ch\/wp-content\/uploads\/2018\/10\/IMG_1306-188x300.jpeg 188w, https:\/\/nathal-bern.ch\/wp-content\/uploads\/2018\/10\/IMG_1306-768x1224.jpeg 768w, https:\/\/nathal-bern.ch\/wp-content\/uploads\/2018\/10\/IMG_1306-642x1024.jpeg 642w, https:\/\/nathal-bern.ch\/wp-content\/uploads\/2018\/10\/IMG_1306.jpeg 1950w\" sizes=\"auto, (max-width: 188px) 100vw, 188px\" \/><\/p>\n","protected":false},"excerpt":{"rendered":"<p>NATHAL\u00ae-Seminar Therapeutische R\u00fcckf\u00fchrungen (5 Tage)\u00a0 &nbsp; Von den geistigen Entit\u00e4ten verantwortungsvoll gef\u00fchrte R\u00fcckf\u00fchrungen in die eigentliche Ursache von Problemen, die[&#8230;]<\/p>\n","protected":false},"author":1,"featured_media":0,"parent":41,"menu_order":0,"comment_status":"closed","ping_status":"closed","template":"","meta":{"_exactmetrics_skip_tracking":false,"_exactmetrics_sitenote_active":false,"_exactmetrics_sitenote_note":"","_exactmetrics_sitenote_category":0,"footnotes":""},"class_list":["post-170","page","type-page","status-publish","hentry"],"_links":{"self":[{"href":"https:\/\/nathal-bern.ch\/index.php?rest_route=\/wp\/v2\/pages\/170","targetHints":{"allow":["GET"]}}],"collection":[{"href":"https:\/\/nathal-bern.ch\/index.php?rest_route=\/wp\/v2\/pages"}],"about":[{"href":"https:\/\/nathal-bern.ch\/index.php?rest_route=\/wp\/v2\/types\/page"}],"author":[{"embeddable":true,"href":"https:\/\/nathal-bern.ch\/index.php?rest_route=\/wp\/v2\/users\/1"}],"replies":[{"embeddable":true,"href":"https:\/\/nathal-bern.ch\/index.php?rest_route=%2Fwp%2Fv2%2Fcomments&post=170"}],"version-history":[{"count":14,"href":"https:\/\/nathal-bern.ch\/index.php?rest_route=\/wp\/v2\/pages\/170\/revisions"}],"predecessor-version":[{"id":1400,"href":"https:\/\/nathal-bern.ch\/index.php?rest_route=\/wp\/v2\/pages\/170\/revisions\/1400"}],"up":[{"embeddable":true,"href":"https:\/\/nathal-bern.ch\/index.php?rest_route=\/wp\/v2\/pages\/41"}],"wp:attachment":[{"href":"https:\/\/nathal-bern.ch\/index.php?rest_route=%2Fwp%2Fv2%2Fmedia&parent=170"}],"curies":[{"name":"wp","href":"https:\/\/api.w.org\/{rel}","templated":true}]}}