{"id":18,"date":"2018-09-30T08:39:30","date_gmt":"2018-09-30T08:39:30","guid":{"rendered":"https:\/\/nathal-bern.ch\/?page_id=18"},"modified":"2019-08-14T18:52:29","modified_gmt":"2019-08-14T18:52:29","slug":"die-methode","status":"publish","type":"page","link":"https:\/\/nathal-bern.ch\/?page_id=18","title":{"rendered":"Die NATHAL\u00ae-Methode"},"content":{"rendered":"<h4><strong>NATHAL<\/strong><sup>\u00ae <\/sup>wird in <a href=\"https:\/\/nathal-bern.ch\/?page_id=20\">Einzelsitzungen<\/a> oder <a href=\"https:\/\/nathal-bern.ch\/?page_id=22\">Seminarform<\/a> in kleinen bis mittelgrossen Gruppen vermittelt.<\/h4>\n<h4>Der Start wird erm\u00f6glicht \u00fcber eine <a href=\"https:\/\/nathal-bern.ch\/?page_id=39\">5-t\u00e4gige Intensivausbildung<\/a> <span style=\"color: #000000;\">oder<\/span> \u00fcber das <a href=\"https:\/\/nathal-bern.ch\/?page_id=41\">Spezial-Seminar Elektrosmog I<\/a>.<br \/>\nDanach k\u00f6nnen <a href=\"https:\/\/nathal-bern.ch\/?page_id=43\">Aufbauseminare<\/a> oder <a href=\"https:\/\/nathal-bern.ch\/?page_id=41\">Spezialseminare<\/a> angef\u00fcgt werden.<\/h4>\n<p>Eine Vertiefung kann durch die Wiederholung eines Seminars erzielt werden oder\u00a0durch erg\u00e4nzende Einzelsitzungen zur Behandlung einer individuellen Thematik oder durch den Besuch von <a href=\"https:\/\/nathal-bern.ch\/?page_id=33\">\u00dcbungstagen<\/a>.<\/p>\n<p>Durch intensive, fachlich und pers\u00f6nlich begleitete Prozesse kann viel Positives in Gang gesetzt werden. Es wird m\u00f6glich, in relativ kurzer Zeit grosse pers\u00f6nliche Verbesserungen und Ver\u00e4nderungen zu erleben.<\/p>\n<p>Erlernt wird eine Methode, die nach und zwischen den Sitzungen oder Seminaren selbst\u00e4ndig angewendet und vertieft werden kann. Durch einen vorgegebenen inneren Weg werden Blockaden aufgel\u00f6st, tiefes Entspannungserleben erreicht und h\u00f6here Energiezust\u00e4nde aufgebaut. Auf einer bestimmten inneren Ebene werden durch eine innere weise F\u00fchrung individuelle Prozesse m\u00f6glich, die als heilsam und erweiternd empfunden werden.<\/p>\n<p><strong><img loading=\"lazy\" decoding=\"async\" class=\"wp-image-568 aligncenter\" src=\"https:\/\/nathal-bern.ch\/wp-content\/uploads\/2018\/11\/IMG_8405-300x205.jpeg\" alt=\"\" width=\"772\" height=\"527\" srcset=\"https:\/\/nathal-bern.ch\/wp-content\/uploads\/2018\/11\/IMG_8405-300x205.jpeg 300w, https:\/\/nathal-bern.ch\/wp-content\/uploads\/2018\/11\/IMG_8405-1024x701.jpeg 1024w\" sizes=\"auto, (max-width: 772px) 100vw, 772px\" \/><\/strong><\/p>\n<p style=\"text-align: center;\">Bild von Philippe Evrard &#8211; Lathan,\u00a0<a href=\"http:\/\/www.nathal-art.com\">nathal-art.com<\/a><\/p>\n<p><strong>NATHAL<\/strong><sup>\u00ae\u00a0<\/sup>verhilft Menschen, die Einzelsitzungen in Anspruch nehmen oder ein Intensivseminar und eventuell weitere Seminare besuchen und f\u00fcr sich pers\u00f6nlich regelm\u00e4ssig \u00fcben, zu mehr:<\/p>\n<ul>\n<li>Gelassenheit, Ruhe und Entspannung<\/li>\n<li>Ausgeglichenheit und Stabilit\u00e4t<\/li>\n<li>nat\u00fcrlicher Autorit\u00e4t und Selbstvertrauen<\/li>\n<li>Zuversicht, Motivation und Freude<\/li>\n<li>Klarheit und Sicherheit im Denken und Empfinden<\/li>\n<li>Entscheidungsf\u00e4higkeit und Zielgerichtetheit<\/li>\n<li>Selbst\u00e4ndigkeit und innerer Unabh\u00e4ngigkeit<\/li>\n<li>Erkennen von Zusammenh\u00e4ngen<\/li>\n<li><span style=\"font-size: 1.0625rem;\">Gef\u00fchlen von Zufriedenheit und Vers\u00f6hnung \u00a0 \u00a0 \u00a0 \u00a0 \u00a0 \u00a0 \u00a0 \u00a0 \u00a0 \u00a0 \u00a0 \u00a0 \u00a0 \u00a0 \u00a0 \u00a0 \u00a0 \u00a0 \u00a0 \u00a0 \u00a0 \u00a0 \u00a0 \u00a0 \u00a0 \u00a0 \u00a0 \u00a0 \u00a0 \u00a0\u00a0<\/span><\/li>\n<li>stimmigen Intuitionen und Inspirationen<\/li>\n<li>Verst\u00e4ndnis f\u00fcr sich und andere Menschen<\/li>\n<li>Offenheit, Weitsicht und Toleranz<\/li>\n<li>Erfolg und Entwicklung bei Projekten (beruflich und privat)<\/li>\n<li>Entdecken individueller Begabungen, Talente und M\u00f6glichkeiten<\/li>\n<li>Gef\u00fchlen von Leichtigkeit und k\u00f6rperlicher und seelischer Gesundheit<\/li>\n<li>Einsichten in gr\u00f6ssere Zusammenh\u00e4nge<\/li>\n<li>deutlich erh\u00f6hter Wahrnehmungsf\u00e4higkeit<\/li>\n<li>Bewusstheit und Verantwortlichkeit im Denken und Handeln<\/li>\n<li>Gef\u00fchlen von Geborgenheit, Verbundenheit und innerem Frieden<\/li>\n<li>Intensit\u00e4t im F\u00fchlen und zu einem h\u00f6heren geistigen Entwicklungstand<\/li>\n<\/ul>\n<p><img loading=\"lazy\" decoding=\"async\" class=\" wp-image-302 aligncenter\" src=\"https:\/\/nathal-bern.ch\/wp-content\/uploads\/2018\/10\/Fenster-Winnenden-IMG_0845-Arbeitskopie-3-300x200.jpg\" alt=\"\" width=\"727\" height=\"485\" srcset=\"https:\/\/nathal-bern.ch\/wp-content\/uploads\/2018\/10\/Fenster-Winnenden-IMG_0845-Arbeitskopie-3-300x200.jpg 300w, https:\/\/nathal-bern.ch\/wp-content\/uploads\/2018\/10\/Fenster-Winnenden-IMG_0845-Arbeitskopie-3-768x512.jpg 768w, https:\/\/nathal-bern.ch\/wp-content\/uploads\/2018\/10\/Fenster-Winnenden-IMG_0845-Arbeitskopie-3-1024x683.jpg 1024w, https:\/\/nathal-bern.ch\/wp-content\/uploads\/2018\/10\/Fenster-Winnenden-IMG_0845-Arbeitskopie-3-840x560.jpg 840w, https:\/\/nathal-bern.ch\/wp-content\/uploads\/2018\/10\/Fenster-Winnenden-IMG_0845-Arbeitskopie-3-120x80.jpg 120w, https:\/\/nathal-bern.ch\/wp-content\/uploads\/2018\/10\/Fenster-Winnenden-IMG_0845-Arbeitskopie-3-360x240.jpg 360w, https:\/\/nathal-bern.ch\/wp-content\/uploads\/2018\/10\/Fenster-Winnenden-IMG_0845-Arbeitskopie-3-600x400.jpg 600w\" sizes=\"auto, (max-width: 727px) 100vw, 727px\" \/><\/p>\n","protected":false},"excerpt":{"rendered":"<p>NATHAL\u00ae wird in Einzelsitzungen oder Seminarform in kleinen bis mittelgrossen Gruppen vermittelt. Der Start wird erm\u00f6glicht \u00fcber eine 5-t\u00e4gige Intensivausbildung[&#8230;]<\/p>\n","protected":false},"author":1,"featured_media":0,"parent":0,"menu_order":0,"comment_status":"closed","ping_status":"closed","template":"","meta":{"_exactmetrics_skip_tracking":false,"_exactmetrics_sitenote_active":false,"_exactmetrics_sitenote_note":"","_exactmetrics_sitenote_category":0,"footnotes":""},"class_list":["post-18","page","type-page","status-publish","hentry"],"_links":{"self":[{"href":"https:\/\/nathal-bern.ch\/index.php?rest_route=\/wp\/v2\/pages\/18","targetHints":{"allow":["GET"]}}],"collection":[{"href":"https:\/\/nathal-bern.ch\/index.php?rest_route=\/wp\/v2\/pages"}],"about":[{"href":"https:\/\/nathal-bern.ch\/index.php?rest_route=\/wp\/v2\/types\/page"}],"author":[{"embeddable":true,"href":"https:\/\/nathal-bern.ch\/index.php?rest_route=\/wp\/v2\/users\/1"}],"replies":[{"embeddable":true,"href":"https:\/\/nathal-bern.ch\/index.php?rest_route=%2Fwp%2Fv2%2Fcomments&post=18"}],"version-history":[{"count":20,"href":"https:\/\/nathal-bern.ch\/index.php?rest_route=\/wp\/v2\/pages\/18\/revisions"}],"predecessor-version":[{"id":853,"href":"https:\/\/nathal-bern.ch\/index.php?rest_route=\/wp\/v2\/pages\/18\/revisions\/853"}],"wp:attachment":[{"href":"https:\/\/nathal-bern.ch\/index.php?rest_route=%2Fwp%2Fv2%2Fmedia&parent=18"}],"curies":[{"name":"wp","href":"https:\/\/api.w.org\/{rel}","templated":true}]}}