{"id":180,"date":"2018-11-17T15:58:34","date_gmt":"2018-11-17T15:58:34","guid":{"rendered":"https:\/\/nathal-bern.ch\/?page_id=180"},"modified":"2024-10-23T14:16:37","modified_gmt":"2024-10-23T14:16:37","slug":"nathal-wissenschaftlich-gesehen","status":"publish","type":"page","link":"https:\/\/nathal-bern.ch\/?page_id=180","title":{"rendered":"NATHAL\u00ae wissenschaftlich gesehen"},"content":{"rendered":"<h1 class=\"ce_headline\"><span style=\"color: #339966;\">Die NATHAL\u00ae-Methode<\/span><\/h1>\n<h2><span style=\"color: #339966;\">Wissenschaftlich gesehen<\/span><\/h2>\n<h4><span style=\"color: #339966;\">(aus nathal.de, der website von Dr. Gertje Lathan)<\/span><\/h4>\n<p>Die NATHAL\u00ae-Methode bewirkt, dass das Gehirn auf ungew\u00f6hnliche Weise arbeitet<\/p>\n<section class=\"ce_text block\"><\/section>\n<section class=\"ce_text block\"><\/section>\n<p>&#8211; Linke und rechte Gehirnh\u00e4lfte arbeiten synchron<br \/>\n&#8211; Gehirnstr\u00f6me und Frequenzen, die normalerweise verschiedenen Bewusstseinszust\u00e4nden zugeordnet werden, treten gleichzeitig auf<\/p>\n<section class=\"ce_text block\"><\/section>\n<section class=\"ce_text block\"><\/section>\n<section class=\"ce_text block\"><\/section>\n<section class=\"ce_text block\"><\/section>\n<section class=\"ce_text block\"><\/section>\n<section class=\"ce_text block\"><\/section>\n<section class=\"ce_text block\"><\/section>\n<section class=\"ce_text block\"><\/section>\n<section class=\"ce_text block\"><\/section>\n<section class=\"ce_text block\"><\/section>\n<section class=\"ce_text block\"><\/section>\n<section class=\"ce_text block\"><\/section>\n<section class=\"ce_text block\"><\/section>\n<section class=\"ce_text block\"><\/section>\n<p>Dadurch erreicht der \u00dcbende au\u00dfergew\u00f6hnliche Bewusstseinszust\u00e4nde und erschlie\u00dft sich bisher ungenutzte Wege des Denkens.<\/p>\n<p>Die oben genannten Effekte hat das Institut f\u00fcr Kommunikation und Gehirnforschung, Stuttgart, mit Hilfe einer weiterentwickelten EEG-Spektralanalyse 1985 festgestellt und nachgewiesen. &#8222;Die rechte Hemisph\u00e4re, die parallel, bildhaft, emotional, unkoordiniert und ungebremst sehr viele Informationen aufnehmen kann, ergibt in synchroner Zusammenarbeit mit der linken Gehirnh\u00e4lfte, die strukturiert, analysiert, ausw\u00e4hlt und koordiniert ein enormes Potenzial an neuen, bisher nicht vorstellbaren Denkm\u00f6glichkeiten&#8220;, berichtet Institutsleiter G\u00fcnter Haffelder.<\/p>\n<p>Auf diese Weise erkl\u00e4rt er, unter welchen Umst\u00e4nden &#8222;geniale Einf\u00e4lle&#8220; mit der NATHAL\u00ae-Methode zustande kommen. W\u00e4hrend des NATHAL\u00ae-Trainings wurden Gehirnstr\u00f6me gemessen, die laut Haffelder in der Regel nur bei Menschen auftreten, die \u00fcber au\u00dfergew\u00f6hnliche F\u00e4higkeiten\/Begabungen verf\u00fcgen. Es handelt sich hierbei um eine synchrone Aktivierung von Theta- und Delta-Bereichen. Die Gehirnaktivit\u00e4t ist \u00fcber die Spannungsschwankungen (Frequenzen) der Gehirnstr\u00f6me definiert. Mit Hilfe des Elektroenzephalogramm (EEG) macht man sie sichtbar. Daf\u00fcr werden an bestimmten Punkten am Sch\u00e4del die auftretenden Frequenzen gemessen und aufgezeichnet.<\/p>\n<p>Man unterscheidet dabei folgende Frequenzbereiche und Bewusstseinszust\u00e4nde:<\/p>\n<ul>\n<li><em>Beta-Bereich &gt;13 Hz:<\/em><br \/>\nWachzustand, Erstaunen, Furcht, Kontrolle<\/li>\n<li><em>Alpha-Bereich 8-13 Hz: <\/em><br \/>\nGelassene Konzentration, hohe Verarbeitungskapazit\u00e4t von Informationen, Suggestibilit\u00e4t<\/li>\n<li><em>Theta-Bereich 3-8 Hz:<\/em><br \/>\nPhantasie, Traum, REM-Schlaf, plastische Erinnerung<\/li>\n<li><em style=\"font-size: 1.0625rem;\">Delta-Bereich 0,5-3 Hz:<br \/>\n<\/em><span style=\"font-size: 1.0625rem;\">Tiefschlaf, Trance, au\u00dfersinnliche Wahrnehmung<\/span><\/li>\n<\/ul>\n<p>Durch die EEG-Messungen an Probanden wurde festgestellt, dass w\u00e4hrend einer NATHAL\u00ae -Sitzung tats\u00e4chlich alle vier Frequenzbereiche miteinander verkn\u00fcpft und die Gehirnh\u00e4lften zeitgleich synchronisiert werden. Dieser Zustand ist vermutlich die (teilweise) physiologische Entsprechung f\u00fcr die Unabh\u00e4ngigkeit von Raum und Zeit sowie f\u00fcr andere au\u00dfergew\u00f6hnliche Bewusstseinszust\u00e4nde.<br \/>\nGehirnphysiologische Messungen an NATHAL\u00ae-Probanden best\u00e4tigen, dass das Training in sehr kurzer Zeit neue Gehirnaktionsprofile aktiviert. Neue Dimensionen des Denkens und Erfahrens er\u00f6ffnen sich.<\/p>\n<p>So findet der Kontakt mit h\u00f6heren Informationsebenen statt:<\/p>\n<ul>\n<li>Das Umfeld des Menschen ist ein Meer aus unterschiedlichsten Frequenzen und Mustern, von denen wir jedoch nur einen kleinen Ausschnitt mit unseren Sinnen wahrnehmen. Unser Auge verarbeitet beispielsweise einen Teil dieser Frequenzmuster zu einem Bild, n\u00e4mlich das elektromagnetische Frequenzspektrum im Bereich des sichtbaren Lichts.<\/li>\n<li>Auch unser Gehirn ist in der Lage verschiedenste Frequenzen aufzunehmen und zu verarbeiten. Mit Hilfe der NATHAL\u00ae-Methode lernt das Gehirn neue Frequenzbereiche zu registrieren und zu verarbeiten. Dadurch werden Informationen nutzbar, die bisher gar nicht oder nur unbewusst wahrgenommen wurden.<\/li>\n<li>Wenn wir unser Gehirn nicht trainieren, nimmt es nur bekannte Muster wahr. Es bewegt sich im Gewohnten und wertet Informationen durch rein analytisches Betrachten aus. Dabei entsteht nichts Neues.<\/li>\n<li>Mit Hilfe der NATHAL\u00ae-Methode n\u00e4hern Sie sich \u00fcber festgelegte Regeln auf ungewohnte Art und Weise neuen Informationen, die sich vom subatomaren Bereich bis zu \u00fcbergeordneten, h\u00f6herdimensionalen, feinstofflichen Existenzebenen erstrecken. Durch resonante Wechselwirkungen zwischen Gef\u00fchlen und Frequenzen in Verbindung mit innerer Neutralit\u00e4t (d.h. nicht bewerten und nicht analysieren) wird eine Kommunikationsbr\u00fccke aufgebaut.<\/li>\n<li>Durch diesen Supra-Dialog\u00ae (oder Transkommunikation), kann jeder die Informationen abrufen, die er f\u00fcr sich und seine Entwicklung braucht. Die Informationen stammen aus &#8222;wissenden Feldern&#8220;, deren dynamische Strukturen von vielen renomierten Physikern erforscht und beschrieben wurden (\u201eMorphogenetisches Feld\u201c bei Rupert Sheldrake, \u201eEntelechie\u201c und \u201eHyperraum\u201c bei Burkhard Heim, \u201eUniverselle kosmologische Wechselwirkung\u201c bei Jules Muheim)<\/li>\n<li>Beispiele von Gehirnwellenmustern bei einem Anf\u00e4ngerprobanden vor der NATHAL-\u00dcbung (Abb. 1) und w\u00e4hrend der \u00dcbung (Abb. 2 ), die eine rasch erreichbare hohe Synchronizit\u00e4t der linken und rechten Gehirnhemisp\u00e4hren deutlich machen (aus: NATHAL \u2013 Die Methode zur Steigerung der emotionalen Intelligenz, Gertje Lathan, Nathal Esprit).<\/li>\n<\/ul>\n<p><img loading=\"lazy\" decoding=\"async\" class=\"size-medium wp-image-222 aligncenter\" src=\"https:\/\/nathal-bern.ch\/wp-content\/uploads\/2018\/10\/Gehirnwellen-vor-der-NATHAL-\u00dcbung-300x230.jpeg\" alt=\"\" width=\"300\" height=\"230\" srcset=\"https:\/\/nathal-bern.ch\/wp-content\/uploads\/2018\/10\/Gehirnwellen-vor-der-NATHAL-\u00dcbung-300x230.jpeg 300w, https:\/\/nathal-bern.ch\/wp-content\/uploads\/2018\/10\/Gehirnwellen-vor-der-NATHAL-\u00dcbung.jpeg 353w\" sizes=\"auto, (max-width: 300px) 100vw, 300px\" \/><\/p>\n<p style=\"text-align: center;\">Gehirnwellent\u00e4tigkeit der Gehirnhemisph\u00e4ren (EEG) im Normal &#8211; (Ruhe-) Zustand<\/p>\n<p><span style=\"font-size: 1.0625rem;\">\u00a0 \u00a0 \u00a0 \u00a0 \u00a0Gehirnwellent\u00e4tigkeit der Gehirnhemisph\u00e4ren (EEG) nach Anwendung der NATHAL-Methode<\/span><\/p>\n<p><img loading=\"lazy\" decoding=\"async\" class=\"alignnone size-medium wp-image-1425\" src=\"https:\/\/nathal-bern.ch\/wp-content\/uploads\/2024\/10\/brain-wave-pattern_no_2-29606ed9-1-300x225.gif\" alt=\"\" width=\"300\" height=\"225\" \/><\/p>\n<p>&nbsp;<\/p>\n<section class=\"ce_text block\"><\/section>\n<section class=\"ce_text block\"><\/section>\n","protected":false},"excerpt":{"rendered":"<p>Die NATHAL\u00ae-Methode Wissenschaftlich gesehen (aus nathal.de, der website von Dr. Gertje Lathan) Die NATHAL\u00ae-Methode bewirkt, dass das Gehirn auf ungew\u00f6hnliche[&#8230;]<\/p>\n","protected":false},"author":1,"featured_media":0,"parent":18,"menu_order":0,"comment_status":"closed","ping_status":"closed","template":"","meta":{"_exactmetrics_skip_tracking":false,"_exactmetrics_sitenote_active":false,"_exactmetrics_sitenote_note":"","_exactmetrics_sitenote_category":0,"footnotes":""},"class_list":["post-180","page","type-page","status-publish","hentry"],"_links":{"self":[{"href":"https:\/\/nathal-bern.ch\/index.php?rest_route=\/wp\/v2\/pages\/180","targetHints":{"allow":["GET"]}}],"collection":[{"href":"https:\/\/nathal-bern.ch\/index.php?rest_route=\/wp\/v2\/pages"}],"about":[{"href":"https:\/\/nathal-bern.ch\/index.php?rest_route=\/wp\/v2\/types\/page"}],"author":[{"embeddable":true,"href":"https:\/\/nathal-bern.ch\/index.php?rest_route=\/wp\/v2\/users\/1"}],"replies":[{"embeddable":true,"href":"https:\/\/nathal-bern.ch\/index.php?rest_route=%2Fwp%2Fv2%2Fcomments&post=180"}],"version-history":[{"count":17,"href":"https:\/\/nathal-bern.ch\/index.php?rest_route=\/wp\/v2\/pages\/180\/revisions"}],"predecessor-version":[{"id":1426,"href":"https:\/\/nathal-bern.ch\/index.php?rest_route=\/wp\/v2\/pages\/180\/revisions\/1426"}],"up":[{"embeddable":true,"href":"https:\/\/nathal-bern.ch\/index.php?rest_route=\/wp\/v2\/pages\/18"}],"wp:attachment":[{"href":"https:\/\/nathal-bern.ch\/index.php?rest_route=%2Fwp%2Fv2%2Fmedia&parent=180"}],"curies":[{"name":"wp","href":"https:\/\/api.w.org\/{rel}","templated":true}]}}