{"id":191,"date":"2018-11-17T15:58:56","date_gmt":"2018-11-17T15:58:56","guid":{"rendered":"https:\/\/nathal-bern.ch\/?page_id=191"},"modified":"2019-03-01T23:48:30","modified_gmt":"2019-03-01T23:48:30","slug":"faq-haeufige-fragen","status":"publish","type":"page","link":"https:\/\/nathal-bern.ch\/?page_id=191","title":{"rendered":"FAQ &#8211; h\u00e4ufige Fragen"},"content":{"rendered":"<h1 class=\"ce_headline\"><span style=\"color: #339966;\">Die NATHAL\u00ae-Methode<\/span><\/h1>\n<h3><span style=\"color: #339966;\">FAQ &#8211; H\u00e4ufige Fragen und Antworten &#8211; Interview mit Dr. Gertje Lathan (Ausschnitte aus dem Interview auf nathal.de)<\/span><\/h3>\n<div class=\"ce_text block\">\n<p>Ist die NATHAL\u00ae-Methode dem Bereich der Esoterik zuzuordnen?<\/p>\n<p>NATHAL\u00ae\u00a0ist wissenschaftlich fundiert und best\u00e4tigt. Die Methode ist keine Geheimlehre, sondern f\u00fcr Au\u00dfenstehende allgemein verst\u00e4ndlich, jedermann zug\u00e4nglich und jederzeit \u00fcberpr\u00fcfbar.<\/p>\n<\/div>\n<div><\/div>\n<div>\n<p>Ist die NATHAL\u00ae-Methode an irgendeine spezielle Weltanschauung gebunden?<\/p>\n<div class=\"ce_text block\">Nein. Es ist vollkommen abwegig, NATHAL\u00ae mit irgendeiner Weltanschauung oder religi\u00f6sen\/esoterischen \u00dcberzeugung in Verbindung zu bringen. Unser Anliegen ist die F\u00f6rderung der inneren Freiheit und Selbstst\u00e4ndigkeit des Individuums. Der Supra-Dialog\u00ae, die Kommunikation mit kosmischen Datenb\u00e4nken, ist jedem zug\u00e4nglich. Unter den Absolventen des NATHAL\u00ae-Trainings sind Katholiken, Protestanten, Pfarrer, Priester, Muslime, Buddhisten, Hindus, Atheisten&#8230; &#8211; Menschen jeder Glaubensrichtung und Weltanschauung. NATHAL\u00ae ist als \u00fcbergeordnete Methode zu verstehen, die mit jeder Art von pers\u00f6nlichem Weltbild vereinbar ist. Inzwischen wird die NATHAL\u00ae-Methode von Teilnehmern aus 45 L\u00e4ndern der Welt angewendet.<\/div>\n<\/div>\n<div><\/div>\n<div>\n<p>Was sind die \u201eEnergieentit\u00e4ten\u201c oder \u201eWesen\u201c,<br \/>\nvon denen im Zusammenhang mit NATHAL\u00ae immer die Rede ist?<\/p>\n<div class=\"ce_text block\">Diese \u201eWesen\u201c sind Energie \u2013 nicht mehr, nicht weniger. Um mit den h\u00f6heren geistigen Ebenen in Dialog zu treten, ben\u00f6tigen wir eine innere Symbolik, zu der wir eine emotionale Beziehung aufbauen k\u00f6nnen. Der Teilnehmer visualisiert sich in den \u00dcbungen daher zwei i.d.R. menschliche Formen, die ihn durch seine \u00dcbung begleiten und f\u00fchren. Diese Formen sind KEINE Engel, Geister, Au\u00dferirdischen, Verstorbene oder sonstige Entit\u00e4ten mit pers\u00f6nlichen Absichten, sie sind eine symbolische Repr\u00e4sentation der alles umfassenden energetischen Wirklichkeit des Universums.<\/div>\n<\/div>\n<div><\/div>\n<div>\n<p>weitere Fragen und Antworten auf nathal.de<\/p>\n<\/div>\n<div><\/div>\n<div><img loading=\"lazy\" decoding=\"async\" class=\"wp-image-346 aligncenter\" src=\"https:\/\/nathal-bern.ch\/wp-content\/uploads\/2018\/10\/Eiszapfenspiegelung-300x300.jpg\" alt=\"\" width=\"602\" height=\"602\" srcset=\"https:\/\/nathal-bern.ch\/wp-content\/uploads\/2018\/10\/Eiszapfenspiegelung-300x300.jpg 300w, https:\/\/nathal-bern.ch\/wp-content\/uploads\/2018\/10\/Eiszapfenspiegelung-150x150.jpg 150w, https:\/\/nathal-bern.ch\/wp-content\/uploads\/2018\/10\/Eiszapfenspiegelung-768x768.jpg 768w, https:\/\/nathal-bern.ch\/wp-content\/uploads\/2018\/10\/Eiszapfenspiegelung.jpg 960w\" sizes=\"auto, (max-width: 602px) 100vw, 602px\" \/><\/div>\n<div><\/div>\n","protected":false},"excerpt":{"rendered":"<p>Die NATHAL\u00ae-Methode FAQ &#8211; H\u00e4ufige Fragen und Antworten &#8211; Interview mit Dr. Gertje Lathan (Ausschnitte aus dem Interview auf nathal.de)[&#8230;]<\/p>\n","protected":false},"author":1,"featured_media":0,"parent":18,"menu_order":0,"comment_status":"closed","ping_status":"closed","template":"","meta":{"_exactmetrics_skip_tracking":false,"_exactmetrics_sitenote_active":false,"_exactmetrics_sitenote_note":"","_exactmetrics_sitenote_category":0,"footnotes":""},"class_list":["post-191","page","type-page","status-publish","hentry"],"_links":{"self":[{"href":"https:\/\/nathal-bern.ch\/index.php?rest_route=\/wp\/v2\/pages\/191","targetHints":{"allow":["GET"]}}],"collection":[{"href":"https:\/\/nathal-bern.ch\/index.php?rest_route=\/wp\/v2\/pages"}],"about":[{"href":"https:\/\/nathal-bern.ch\/index.php?rest_route=\/wp\/v2\/types\/page"}],"author":[{"embeddable":true,"href":"https:\/\/nathal-bern.ch\/index.php?rest_route=\/wp\/v2\/users\/1"}],"replies":[{"embeddable":true,"href":"https:\/\/nathal-bern.ch\/index.php?rest_route=%2Fwp%2Fv2%2Fcomments&post=191"}],"version-history":[{"count":17,"href":"https:\/\/nathal-bern.ch\/index.php?rest_route=\/wp\/v2\/pages\/191\/revisions"}],"predecessor-version":[{"id":797,"href":"https:\/\/nathal-bern.ch\/index.php?rest_route=\/wp\/v2\/pages\/191\/revisions\/797"}],"up":[{"embeddable":true,"href":"https:\/\/nathal-bern.ch\/index.php?rest_route=\/wp\/v2\/pages\/18"}],"wp:attachment":[{"href":"https:\/\/nathal-bern.ch\/index.php?rest_route=%2Fwp%2Fv2%2Fmedia&parent=191"}],"curies":[{"name":"wp","href":"https:\/\/api.w.org\/{rel}","templated":true}]}}