{"id":22,"date":"2018-11-17T15:52:06","date_gmt":"2018-11-17T15:52:06","guid":{"rendered":"https:\/\/nathal-bern.ch\/?page_id=22"},"modified":"2022-04-21T20:20:53","modified_gmt":"2022-04-21T20:20:53","slug":"seminare","status":"publish","type":"page","link":"https:\/\/nathal-bern.ch\/?page_id=22","title":{"rendered":"Seminare"},"content":{"rendered":"<h1><span style=\"color: #339966;\">Voraussetzungen:<\/span><\/h1>\n<p>Voraussetzungen f\u00fcr die Teilnahme an den Seminaren:<\/p>\n<p>Die <strong>NATHAL<\/strong><sup>\u00ae <\/sup>&#8211; Seminare sind empfohlen f\u00fcr Menschen <strong>in stabilem psychischen Zustand<\/strong><br \/>\n(weitere Informationen hierzu siehe weiter unten unter Einschr\u00e4nkungen).<\/p>\n<p>Sie sind empfohlen f\u00fcr <strong>jedes Alter<\/strong> ab der Jugendzeit bis in die h\u00f6chste Seniorenphase, \u00a0<strong>alle Berufssparten<\/strong> und die verschiedensten\u00a0<strong>Nationen<\/strong>.<\/p>\n<p><strong>Kinder<\/strong> ab ca. 9 Jahren k\u00f6nnen in einem 3-t\u00e4gigen Gruppenseminar (ab 3 Kindern) die Methode spielerisch und kompakt erlernen. Voraussetzung: mindestens ein Elternteil hat ein Intensivseminar selber bereits absolviert haben.<\/p>\n<p>Es sollte eine Bereitschaft bestehen, sich auf innere Bilder einzulassen, resp. sich auf innere Reisen begeben zu wollen. Hilfreich ist es, wenn Sie bereits \u00fcber Erfahrungen im <strong>Visualisieren<\/strong> und im <strong>Fokussieren<\/strong> (F\u00fchlen von K\u00f6rpersensationen und Emotionen) verf\u00fcgen und \/ oder in Meditations- oder Entspannungstechniken geschult sind und eine <strong>Offenheit f\u00fcr neue Erfahrungen<\/strong> mitbringen.<\/p>\n<h1><span style=\"color: #339966;\">Aufbau:<\/span><\/h1>\n<p>Starten Sie mit der <a href=\"https:\/\/nathal-bern.ch\/?page_id=39\"><strong>5-t\u00e4gigen Intensivausbildung<br \/>\n<\/strong><\/a><strong>oder direkt mit dem<a href=\"https:\/\/nathal-bern.ch\/?page_id=41\"> Seminar Elektrosmog<\/a> Teil <\/strong><strong>1<\/strong>.<br \/>\noder <strong>direkt mit dem<\/strong> <a href=\"https:\/\/nathal-bern.ch\/?page_id=268\">Seminar Burn-out und Burn-out-Prophylaxe<\/a> mit einem Vorlauf von 2 Tagen.<\/p>\n<p>Diese, sowie die weiteren Seminare k\u00f6nnen zu reduziertem Preis auch wiederholt werden.<br \/>\nBei nicht ausgebuchten Gruppen k\u00f6nnen nach Absprache auch einzelne Seminartage wiederholt werden.<\/p>\n<p>Nach erfolgreichem Abschluss der Intensivausbildung (wird zertifiziert) k\u00f6nnen die <a href=\"https:\/\/nathal-bern.ch\/?page_id=43\"><strong>Aufbau-<\/strong><\/a> und\/oder die thematischen\u00a0<a href=\"https:\/\/nathal-bern.ch\/?page_id=41\"><strong>Spezialseminare<\/strong><\/a> besucht werden.<\/p>\n<p>Es k\u00f6nnen auch in kleinen Gruppen einzelne NATHAL<sup>\u00ae<\/sup>&#8211; \u00dcbungstage besucht werden.<\/p>\n<p>Lassen Sie sich \u00fcberraschen: Es ist m\u00f6glich, immer weiter in sich hineinzutauchen, Neues zu entdecken und \u00fcber sich hinaus zu wachsen. Mit NATHAL\u00ae ist das Leben nie mehr langweilig. Freuen Sie sich auf Ihre pers\u00f6nlichen zielf\u00fchrenden, freudvollen, befreienden, geistig weiterf\u00fchrenden\u00a0<b>Prozesse.<\/b><\/p>\n<p>Entdecken Sie neue Inhalte und <strong>Sinn<\/strong> in Ihrem Leben.<\/p>\n<p><img loading=\"lazy\" decoding=\"async\" class=\" wp-image-226 aligncenter\" src=\"https:\/\/nathal-bern.ch\/wp-content\/uploads\/2018\/10\/Lichterscheinung-im-Wald-300x300.jpg\" alt=\"\" width=\"473\" height=\"473\" srcset=\"https:\/\/nathal-bern.ch\/wp-content\/uploads\/2018\/10\/Lichterscheinung-im-Wald-300x300.jpg 300w, https:\/\/nathal-bern.ch\/wp-content\/uploads\/2018\/10\/Lichterscheinung-im-Wald-150x150.jpg 150w, https:\/\/nathal-bern.ch\/wp-content\/uploads\/2018\/10\/Lichterscheinung-im-Wald-768x768.jpg 768w, https:\/\/nathal-bern.ch\/wp-content\/uploads\/2018\/10\/Lichterscheinung-im-Wald-1024x1024.jpg 1024w\" sizes=\"auto, (max-width: 473px) 100vw, 473px\" \/><\/p>\n<h3><span style=\"color: #339966;\">Kosten:<\/span><\/h3>\n<p>Die Preise der Seminare sind bei deren Detailbeschreibungen angegeben.\u00a0Preiserm\u00e4ssigung ist in Absprache m\u00f6glich, insbesondere f\u00fcr Menschen in Ausbildung oder bei finanziellen Engp\u00e4ssen<br \/>\n(kein oder geringes Erwerbseinkommen).<\/p>\n<h3><span style=\"color: #339966;\">Sprache:<\/span><\/h3>\n<p>Die Seminarsprache ist Deutsch. Mit \u00dcbersetzung kann ich nach Absprache ebenfalls Seminare in Franz\u00f6sisch, Italienisch, Niederl\u00e4ndisch, Englisch und Libanesisch anbieten (f\u00fcr Gruppen mit mindestens 4 Teilnehmenden).<\/p>\n<h3><span style=\"color: #339966;\">Einschr\u00e4nkungen:<\/span><\/h3>\n<p>Um Entt\u00e4uschungen zu vermeiden, empfehle ich folgende Richtlinien zu beachten:<\/p>\n<p>Bei akuten psychischen Erkrankungen (z.B. Depressionen, Angsterkrankungen, Burn-out-Zust\u00e4nden) und \/ oder nach schweren, noch wenig verarbeiteten, traumatischen Erfahrungen sollte in Einzelsitzungen vorab gekl\u00e4rt werden, ob man f\u00fcr ein Seminar gen\u00fcgend vorbereitet ist. Zudem ist es empfehlenswert, eine therapeutische Begleitung in Anspruch zu nehmen.<\/p>\n<p>Um die Konzentration nicht zu beeintr\u00e4chtigen wird empfohlen, w\u00e4hrend der Seminare Alkohol m\u00f6glichst zu meiden und keine Drogen zu konsumieren.<\/p>\n<p>Bei akuten psychotischen Erkrankungen sowie Menschen, die suizidal sind, wird dringend empfohlen, sich in medizinisch\/therapeutische Behandlung zu begeben. Auf pers\u00f6nlichen Wunsch kann unter Umst\u00e4nden parallel zu einer Psychotherapie mit NATHAL<sup>\u00ae <\/sup>individuell gearbeitet werden.<\/p>\n","protected":false},"excerpt":{"rendered":"<p>Voraussetzungen: Voraussetzungen f\u00fcr die Teilnahme an den Seminaren: Die NATHAL\u00ae &#8211; Seminare sind empfohlen f\u00fcr Menschen in stabilem psychischen Zustand[&#8230;]<\/p>\n","protected":false},"author":1,"featured_media":0,"parent":0,"menu_order":0,"comment_status":"closed","ping_status":"closed","template":"","meta":{"_exactmetrics_skip_tracking":false,"_exactmetrics_sitenote_active":false,"_exactmetrics_sitenote_note":"","_exactmetrics_sitenote_category":0,"footnotes":""},"class_list":["post-22","page","type-page","status-publish","hentry"],"_links":{"self":[{"href":"https:\/\/nathal-bern.ch\/index.php?rest_route=\/wp\/v2\/pages\/22","targetHints":{"allow":["GET"]}}],"collection":[{"href":"https:\/\/nathal-bern.ch\/index.php?rest_route=\/wp\/v2\/pages"}],"about":[{"href":"https:\/\/nathal-bern.ch\/index.php?rest_route=\/wp\/v2\/types\/page"}],"author":[{"embeddable":true,"href":"https:\/\/nathal-bern.ch\/index.php?rest_route=\/wp\/v2\/users\/1"}],"replies":[{"embeddable":true,"href":"https:\/\/nathal-bern.ch\/index.php?rest_route=%2Fwp%2Fv2%2Fcomments&post=22"}],"version-history":[{"count":41,"href":"https:\/\/nathal-bern.ch\/index.php?rest_route=\/wp\/v2\/pages\/22\/revisions"}],"predecessor-version":[{"id":1162,"href":"https:\/\/nathal-bern.ch\/index.php?rest_route=\/wp\/v2\/pages\/22\/revisions\/1162"}],"wp:attachment":[{"href":"https:\/\/nathal-bern.ch\/index.php?rest_route=%2Fwp%2Fv2%2Fmedia&parent=22"}],"curies":[{"name":"wp","href":"https:\/\/api.w.org\/{rel}","templated":true}]}}