{"id":28,"date":"2018-09-30T08:39:49","date_gmt":"2018-09-30T08:39:49","guid":{"rendered":"https:\/\/nathal-bern.ch\/?page_id=28"},"modified":"2018-11-21T22:12:24","modified_gmt":"2018-11-21T22:12:24","slug":"die-nathal-methode","status":"publish","type":"page","link":"https:\/\/nathal-bern.ch\/?page_id=28","title":{"rendered":"NATHAL\u00ae praktisch ausgef\u00fchrt"},"content":{"rendered":"<h3><span style=\"color: #339966;\"><strong>Die NATHAL\u00ae-Methode<br \/>\n<\/strong><strong>Praktisch ausgef\u00fchrt\u00a0(aus nathal.de, der website von Dr. Gertje Lathan)<\/strong><\/span><\/h3>\n<ul>\n<li>Die NATHAL\u00ae-\u00dcbungen laufen wie folgt ab: Zun\u00e4chst visualisiert man vor seinem geistigen Auge eine fest vorgegebene Bildfolge. Dabei erh\u00f6ht sich das geistige Energieniveau, und die Gehirnh\u00e4lften beginnen synchron zu arbeiten. Man befindet sich nun auf einer mentalen Reise durch verschiedene innere und \u00e4u\u00dfere Ebenen und Dimensionen. Die vorgegebene Bildfolge umfasst mehrere Schritte und stellt sicher, dass die Reise nicht in \u201eTagtr\u00e4umereien\u201c abdriftet.<\/li>\n<li>Der erste Schritt besteht darin, sich zu entspannen und Kontakt mit symbolhaften Energieentit\u00e4ten aufzunehmen, die den \u00dcbenden durch den weiteren Prozess begleiten. Der Supra-Dialog\u00ae entsteht.<\/li>\n<li>Im zweiten Schritt werden durch gezielte Behandlungen die Voraussetzungen geschaffen um neues Wissen zu erhalten und es anwenden zu k\u00f6nnen. Dazu geh\u00f6ren: sich \u00f6ffnen, neutral sein, \u00c4ngste und Blockaden l\u00f6sen lassen.<\/li>\n<li>Im dritten Schritt erh\u00e4lt man Zugang zu h\u00f6heren Informationsebenen. Dabei ist man stets geleitet und gesch\u00fctzt durch die Energieentit\u00e4ten. \u00dcber die gelernten Regeln bewegt man sich in gesch\u00fctzten psychischen Bereichen, so dass Gef\u00fchle ausgeglichen und im Gleichgewicht bleiben. Erst dadurch k\u00f6nnen neue Erfahrungen und Erkenntnisse aufgenommen und akzeptiert werden.<\/li>\n<li>In den NATHAL\u00ae-\u00dcbungen sieht man diesen Prozess als Abfolge innerer Bilder. Dar\u00fcber hinaus erlebt man auch k\u00f6rperliche Empfindungen, z.B., Energieempfindungen im K\u00f6rper, beschleunigte Atmung und Herzschlag, Reaktionen des Verdauungssystems, etc.<\/li>\n<li>Die Erfahrungen w\u00e4hrend der NATHAL\u00ae-\u00dcbungen sind sehr vielf\u00e4ltig. Die \u00dcbenden erleben sich beispielsweise in ihrer pers\u00f6nlichen Zukunft und lernen bisher unbekannte Talente und F\u00e4higkeiten kennen. Oder sie finden sich in Alltagssituationen mit Partnern, Freunden und Kollegen wieder. Dabei erkennen sie, was in den anderen vorgeht, warum sie auf bisher unverst\u00e4ndliche Art und Weise handeln und reagieren. Viele erleben das Gef\u00fchl, mit allem verbunden zu sein, und was es hei\u00dft, mit sich selbst innerlich im Einklang zu sein. Die \u00dcbenden werden mit h\u00f6chsten Energien behandelt und sp\u00fcren die positiven Auswirkungen im K\u00f6rper. Bei einigen verschwinden spontan psychische oder k\u00f6rperliche Belastungen.<\/li>\n<li>Andere erhalten Ideen f\u00fcr ihr Gesch\u00e4ft und Informationen dar\u00fcber, welche Produkte angeboten und vermarktet werden sollen. Man muss dabei kein Wissenschaftler sein, um fachspezifische Informationen, z.B. mathematische Formeln oder chemische Verbindungen, \u201eabrufen\u201c zu k\u00f6nnen, da jede Information in einer pers\u00f6nlich verst\u00e4ndlichen Symbolik vermittelt wird.<\/li>\n<li>Alle diese Erfahrungen sind stets mit den dazugeh\u00f6rigen Gef\u00fchlen verkn\u00fcpft, bzw. werden durch die Gef\u00fchle \u00fcberhaupt erst erm\u00f6glicht. Diese sind der Schl\u00fcssel, um mit der NATHAL\u00ae-Methode zu wachsen, denn Wissen ist hinter Gef\u00fchlen versteckt.<\/li>\n<\/ul>\n<section class=\"ce_text block\"><img loading=\"lazy\" decoding=\"async\" class=\"alignnone wp-image-367\" src=\"https:\/\/nathal-bern.ch\/wp-content\/uploads\/2018\/10\/IMG_4835-300x232.jpeg\" alt=\"\" width=\"345\" height=\"266\" srcset=\"https:\/\/nathal-bern.ch\/wp-content\/uploads\/2018\/10\/IMG_4835-300x232.jpeg 300w, https:\/\/nathal-bern.ch\/wp-content\/uploads\/2018\/10\/IMG_4835-768x595.jpeg 768w, https:\/\/nathal-bern.ch\/wp-content\/uploads\/2018\/10\/IMG_4835-1024x793.jpeg 1024w\" sizes=\"auto, (max-width: 345px) 100vw, 345px\" \/>\u00a0 \u00a0<img loading=\"lazy\" decoding=\"async\" class=\" wp-image-368 alignnone\" style=\"font-size: 1.0625rem;\" src=\"https:\/\/nathal-bern.ch\/wp-content\/uploads\/2018\/10\/IMG_2137-300x200.jpeg\" alt=\"\" width=\"400\" height=\"266\" srcset=\"https:\/\/nathal-bern.ch\/wp-content\/uploads\/2018\/10\/IMG_2137-300x200.jpeg 300w, https:\/\/nathal-bern.ch\/wp-content\/uploads\/2018\/10\/IMG_2137-768x512.jpeg 768w, https:\/\/nathal-bern.ch\/wp-content\/uploads\/2018\/10\/IMG_2137-1024x683.jpeg 1024w, https:\/\/nathal-bern.ch\/wp-content\/uploads\/2018\/10\/IMG_2137-840x560.jpeg 840w, https:\/\/nathal-bern.ch\/wp-content\/uploads\/2018\/10\/IMG_2137-120x80.jpeg 120w, https:\/\/nathal-bern.ch\/wp-content\/uploads\/2018\/10\/IMG_2137-360x240.jpeg 360w, https:\/\/nathal-bern.ch\/wp-content\/uploads\/2018\/10\/IMG_2137-600x400.jpeg 600w\" sizes=\"auto, (max-width: 400px) 100vw, 400px\" \/><img loading=\"lazy\" decoding=\"async\" class=\"wp-image-586 alignnone\" style=\"font-size: 1.0625rem;\" src=\"https:\/\/nathal-bern.ch\/wp-content\/uploads\/2018\/11\/IMG_8312-300x225.jpeg\" alt=\"\" width=\"359\" height=\"269\" srcset=\"https:\/\/nathal-bern.ch\/wp-content\/uploads\/2018\/11\/IMG_8312-300x225.jpeg 300w, https:\/\/nathal-bern.ch\/wp-content\/uploads\/2018\/11\/IMG_8312-768x576.jpeg 768w, https:\/\/nathal-bern.ch\/wp-content\/uploads\/2018\/11\/IMG_8312-1024x768.jpeg 1024w\" sizes=\"auto, (max-width: 359px) 100vw, 359px\" \/><span style=\"font-size: 1.0625rem;\">\u00a0 <\/span><span style=\"font-size: 1.0625rem;\">\u00a0 \u00a0<\/span><img loading=\"lazy\" decoding=\"async\" class=\" wp-image-369 alignnone\" style=\"font-size: 1.0625rem;\" src=\"https:\/\/nathal-bern.ch\/wp-content\/uploads\/2018\/10\/IMG_9093-300x200.jpg\" alt=\"\" width=\"376\" height=\"250\" srcset=\"https:\/\/nathal-bern.ch\/wp-content\/uploads\/2018\/10\/IMG_9093-300x200.jpg 300w, https:\/\/nathal-bern.ch\/wp-content\/uploads\/2018\/10\/IMG_9093-768x512.jpg 768w, https:\/\/nathal-bern.ch\/wp-content\/uploads\/2018\/10\/IMG_9093-1024x683.jpg 1024w, https:\/\/nathal-bern.ch\/wp-content\/uploads\/2018\/10\/IMG_9093-840x560.jpg 840w, https:\/\/nathal-bern.ch\/wp-content\/uploads\/2018\/10\/IMG_9093-120x80.jpg 120w, https:\/\/nathal-bern.ch\/wp-content\/uploads\/2018\/10\/IMG_9093-360x240.jpg 360w, https:\/\/nathal-bern.ch\/wp-content\/uploads\/2018\/10\/IMG_9093-600x400.jpg 600w\" sizes=\"auto, (max-width: 376px) 100vw, 376px\" \/><span style=\"font-size: 1.0625rem;\">\u00a0 \u00a0<\/span><\/section>\n<p>&nbsp;<\/p>\n","protected":false},"excerpt":{"rendered":"<p>Die NATHAL\u00ae-Methode Praktisch ausgef\u00fchrt\u00a0(aus nathal.de, der website von Dr. Gertje Lathan) Die NATHAL\u00ae-\u00dcbungen laufen wie folgt ab: Zun\u00e4chst visualisiert man[&#8230;]<\/p>\n","protected":false},"author":1,"featured_media":0,"parent":18,"menu_order":0,"comment_status":"closed","ping_status":"closed","template":"","meta":{"_exactmetrics_skip_tracking":false,"_exactmetrics_sitenote_active":false,"_exactmetrics_sitenote_note":"","_exactmetrics_sitenote_category":0,"footnotes":""},"class_list":["post-28","page","type-page","status-publish","hentry"],"_links":{"self":[{"href":"https:\/\/nathal-bern.ch\/index.php?rest_route=\/wp\/v2\/pages\/28","targetHints":{"allow":["GET"]}}],"collection":[{"href":"https:\/\/nathal-bern.ch\/index.php?rest_route=\/wp\/v2\/pages"}],"about":[{"href":"https:\/\/nathal-bern.ch\/index.php?rest_route=\/wp\/v2\/types\/page"}],"author":[{"embeddable":true,"href":"https:\/\/nathal-bern.ch\/index.php?rest_route=\/wp\/v2\/users\/1"}],"replies":[{"embeddable":true,"href":"https:\/\/nathal-bern.ch\/index.php?rest_route=%2Fwp%2Fv2%2Fcomments&post=28"}],"version-history":[{"count":12,"href":"https:\/\/nathal-bern.ch\/index.php?rest_route=\/wp\/v2\/pages\/28\/revisions"}],"predecessor-version":[{"id":631,"href":"https:\/\/nathal-bern.ch\/index.php?rest_route=\/wp\/v2\/pages\/28\/revisions\/631"}],"up":[{"embeddable":true,"href":"https:\/\/nathal-bern.ch\/index.php?rest_route=\/wp\/v2\/pages\/18"}],"wp:attachment":[{"href":"https:\/\/nathal-bern.ch\/index.php?rest_route=%2Fwp%2Fv2%2Fmedia&parent=28"}],"curies":[{"name":"wp","href":"https:\/\/api.w.org\/{rel}","templated":true}]}}