{"id":30,"date":"2018-09-30T08:40:37","date_gmt":"2018-09-30T08:40:37","guid":{"rendered":"https:\/\/nathal-bern.ch\/?page_id=30"},"modified":"2024-01-12T15:21:09","modified_gmt":"2024-01-12T15:21:09","slug":"die-urspruenge","status":"publish","type":"page","link":"https:\/\/nathal-bern.ch\/?page_id=30","title":{"rendered":"Die Urspr\u00fcnge &#8211; NATHAL\u00ae kurz gefasst"},"content":{"rendered":"<h2><span style=\"color: #339966;\">Die Urspr\u00fcnge:<\/span><\/h2>\n<p>Die NATHAL<sup>\u00ae<\/sup>&#8211; Methode wurde 1980 begr\u00fcndet durch<\/p>\n<p><strong>Dr. Gertje Lathan<\/strong>, Psychologin und Psychotherapeutin (Psychologie-Studium in D\u00fcsseldorf). Frau Lathan war langj\u00e4hrig in der Rehabilitationspsychologie und Psychiatrie t\u00e4tig (Schwerpunkte: Gespr\u00e4chspsychotherapie, Verhaltenstherapie, Gestalttherapie, Familientherapie, Hypnose). Zus\u00e4tzlich erwarb sie sich eine Heilpraktikerausbildung und die Erlaubnis zur heilkundlichen psychotherapeutischen T\u00e4tigkeit f\u00fcr Erwachsene.<\/p>\n<p>Dr. Gertje Lathan bildete Lizenztrainerinnen aus, welche sie zusammen mit ihrem Partner, Philippe Lathan, zur Lehre von NATHAL<sup>\u00ae <\/sup>initiierte und legitimierte. Lizenztrainer sind vertraglich gebunden und wurden regelm\u00e4ssig durch die Gr\u00fcnderin supervidiert. Lizenzgeber bleibt nach ihrem Hinschied Philippe Lathan.<\/p>\n<p><img loading=\"lazy\" decoding=\"async\" class=\"alignnone wp-image-342\" src=\"https:\/\/nathal-bern.ch\/wp-content\/uploads\/2018\/10\/Schweizer-Pyramiden-300x49.jpg\" alt=\"\" width=\"661\" height=\"108\" srcset=\"https:\/\/nathal-bern.ch\/wp-content\/uploads\/2018\/10\/Schweizer-Pyramiden-300x49.jpg 300w, https:\/\/nathal-bern.ch\/wp-content\/uploads\/2018\/10\/Schweizer-Pyramiden-768x126.jpg 768w, https:\/\/nathal-bern.ch\/wp-content\/uploads\/2018\/10\/Schweizer-Pyramiden-1024x168.jpg 1024w\" sizes=\"auto, (max-width: 661px) 100vw, 661px\" \/><\/p>\n<p>Unten Ausschnitte aus: <span style=\"color: #339966;\"><strong>NATHAL<\/strong><sup>\u00ae <\/sup><strong>kurzgefasst (aus nathal.de, der website von Dr. Gertje Lathan)<\/strong><\/span><\/p>\n<p>Die F\u00e4higkeit, neue Erkenntnisse durch Aktivierung brachliegender Begabungen zu erlangen, bildet die Grundlage von NATHAL<sup>\u00ae<\/sup> seit 1980. Dabei werden Ver\u00e4nderungen in Gang gesetzt, die sowohl Intellekt als auch Emotionen umfangreich ber\u00fccksichtigen.<\/p>\n<p><strong>Gef\u00fchle und Empfindungen neuer Qualit\u00e4t bilden die Basis um Neues umzusetzen<br \/>\n<\/strong>Die gesamte Ausbildung st\u00fctzt sich auf ein progressiv erweitertes Auffassungsverm\u00f6gen mit zunehmender Wirksamkeit. Die Grenzen der Neurowissenschaften werden st\u00e4ndig erweitert, unser Gehirn wird w\u00e4hrend der Anwendung der NATHAL<sup>\u00ae<\/sup>-Methode bef\u00e4higt, neue Erkenntnisse konkret zu erfassen und was noch wesentlicher ist, diese im Alltag pragmatisch umzusetzen. Die M\u00f6glichkeiten sind nat\u00fcrlich unbegrenzt.<\/p>\n<ul>\n<li>NATHAL<sup>\u00ae <\/sup>holt schnell aus alten Mustern, macht unabh\u00e4ngig, f\u00fchrt zu w\u00fcnschenswerter Verselbstst\u00e4ndigung.<\/li>\n<li>Man lernt eine Reihe von F\u00e4higkeiten, die auch zuhause alleine praktiziert werden.<\/li>\n<li>NATHAL<sup>\u00ae <\/sup>Teilnehmer erfahren und wissen pl\u00f6tzlich, was ihre pers\u00f6nlichen Ziele im Leben sind, was sie daf\u00fcr zu tun haben und wie sie diese erlangen.<\/li>\n<li>Das Erlernen individueller F\u00e4higkeiten\/Fertigkeiten erm\u00f6glicht, sich in jegliche Situationen, Personen oder Materie hineinversetzen, hineindenken und hineinf\u00fchlen zu k\u00f6nnen<\/li>\n<li>Es entstehen extrem lange Sinuswellen, die Informationen transportieren. Sie sind als eine Art Licht zu sehen. Der Zustand wechselt von Beta- zu Theta- und Deltawellen, dazu Sinuswellen, die regelm\u00e4\u00dfig und gleichm\u00e4\u00dfig erscheinen.<\/li>\n<\/ul>\n<p><strong>NATHAL<\/strong><sup>\u00ae <\/sup><strong>bildet hypersynchrone Potentiale aus:<\/strong><\/p>\n<ul>\n<li>Es bilden sich \u00e4hnliche Reaktionsprofile wie bei Kleinkindern \u2013 Theta und Deltazust\u00e4nde<\/li>\n<li>Es bilden sich neue synaptische Verbindungen, es entstehen sogar neue Synapsen, und es werden neue Verdrahtungen im Gehirn geschaltet, diese werden vom Betabereich abgel\u00f6st, wo hochaktiv mit der neuen Information gearbeitet wird.<\/li>\n<li>Durch die NATHAL<sup>\u00ae <\/sup>Methode werden Grenzen des Verstandes sukzessiv \u00fcberschritten, das geht sanft und wird freudig erlebt und an ethisch w\u00fcnschenswerte charakterliche Ver\u00e4nderungen gekn\u00fcpft.<\/li>\n<li>NATHAL<sup>\u00ae <\/sup>ist mehr als die Verbesserung der Gehirnfunktionen. Es symbolisiert die Unendlichkeit unserer M\u00f6glichkeiten und bildet einen interdimensionalen Geist aus.<\/li>\n<\/ul>\n","protected":false},"excerpt":{"rendered":"<p>Die Urspr\u00fcnge: Die NATHAL\u00ae&#8211; Methode wurde 1980 begr\u00fcndet durch Dr. Gertje Lathan, Psychologin und Psychotherapeutin (Psychologie-Studium in D\u00fcsseldorf). Frau Lathan[&#8230;]<\/p>\n","protected":false},"author":1,"featured_media":0,"parent":18,"menu_order":0,"comment_status":"closed","ping_status":"closed","template":"","meta":{"_exactmetrics_skip_tracking":false,"_exactmetrics_sitenote_active":false,"_exactmetrics_sitenote_note":"","_exactmetrics_sitenote_category":0,"footnotes":""},"class_list":["post-30","page","type-page","status-publish","hentry"],"_links":{"self":[{"href":"https:\/\/nathal-bern.ch\/index.php?rest_route=\/wp\/v2\/pages\/30","targetHints":{"allow":["GET"]}}],"collection":[{"href":"https:\/\/nathal-bern.ch\/index.php?rest_route=\/wp\/v2\/pages"}],"about":[{"href":"https:\/\/nathal-bern.ch\/index.php?rest_route=\/wp\/v2\/types\/page"}],"author":[{"embeddable":true,"href":"https:\/\/nathal-bern.ch\/index.php?rest_route=\/wp\/v2\/users\/1"}],"replies":[{"embeddable":true,"href":"https:\/\/nathal-bern.ch\/index.php?rest_route=%2Fwp%2Fv2%2Fcomments&post=30"}],"version-history":[{"count":11,"href":"https:\/\/nathal-bern.ch\/index.php?rest_route=\/wp\/v2\/pages\/30\/revisions"}],"predecessor-version":[{"id":1323,"href":"https:\/\/nathal-bern.ch\/index.php?rest_route=\/wp\/v2\/pages\/30\/revisions\/1323"}],"up":[{"embeddable":true,"href":"https:\/\/nathal-bern.ch\/index.php?rest_route=\/wp\/v2\/pages\/18"}],"wp:attachment":[{"href":"https:\/\/nathal-bern.ch\/index.php?rest_route=%2Fwp%2Fv2%2Fmedia&parent=30"}],"curies":[{"name":"wp","href":"https:\/\/api.w.org\/{rel}","templated":true}]}}