{"id":35,"date":"2018-11-17T16:00:40","date_gmt":"2018-11-17T16:00:40","guid":{"rendered":"https:\/\/nathal-bern.ch\/?page_id=35"},"modified":"2024-10-23T14:27:39","modified_gmt":"2024-10-23T14:27:39","slug":"seminar-aufbau-1","status":"publish","type":"page","link":"https:\/\/nathal-bern.ch\/?page_id=35","title":{"rendered":"Seminar Aufbau 1"},"content":{"rendered":"<p>&nbsp;<\/p>\n<p><span style=\"color: #339966;\"><strong>NATHAL\u00ae-Seminar Aufbau 1 (4 Tage)<\/strong><\/span><\/p>\n<h2><span style=\"color: #339966;\"><strong>Pers\u00f6nliche, berufliche und \u00fcbergeordnete Zukunft<\/strong><\/span><\/h2>\n<p>Im ersten Seminar der Aufbaureihe lernen Sie Ihre eigene Zukunft zu erleben und zu gestalten. Die \u00dcbungen beginnen mit der Vertiefung dort, wo die Intensivausbildung aufh\u00f6rte: Mit dem Erleben des eigenen Ichs in der Zukunft. Schritt f\u00fcr Schritt lernen Sie kennen, welche T\u00e4tigkeiten Sie in einigen Jahren m\u00f6glicherweise ausf\u00fchren, wie Ihre pers\u00f6nliche Situation aussehen und in welchem \u00fcbergeordneten Zusammenhang das Ganze stattfinden k\u00f6nnte.<\/p>\n<p>Als Entwicklungsziel wird das erlebt, was bei einer optimalen geistigen Weiterentwicklung m\u00f6glich ist. Dazu geh\u00f6rt vor allem die Freude \u00fcber neue F\u00e4higkeiten, gesteigerte innere Freiheit und Lebensfreude. Gleichzeitig wird abgefragt, welche charakterlichen Hindernisse und Blockaden heute noch bestehen, die zum Erreichen dieses Ziels gel\u00f6st werden m\u00fcssen. Diese unerw\u00fcnschten Eigenschaften werden kritisch betrachtet und behandelt. Jede \u00dcbung hat einen direkt umsetzbaren, praktischen Bezug zum Alltag.<\/p>\n<p>In den \u00dcbungen werden ausschlie\u00dflich positive, erstrebenswerte Erfahrungen mit der (pers\u00f6nlichen) Zukunft gemacht. \u00c4ngste, die mit der Zukunft zusammenh\u00e4ngen, werden auf diese Weise relativiert und aufgel\u00f6st. Dies f\u00fchrt zu mehr innerer Motivation auf der Zellebene und aktiviert neue geistige F\u00e4higkeiten, so dass Herausforderungen (H\u00f6hen wie Tiefen) der Zukunft gemeistert werden k\u00f6nnen.<\/p>\n<p>4 Tage \u00a0&#8211; Kosten: 980.- Fr<\/p>\n<p>Aufbauseminar 1 und 2 k\u00f6nnen auch als Block von 8 Tagen zusammen gebucht werden.<\/p>\n<p>&nbsp;<\/p>\n<p><img loading=\"lazy\" decoding=\"async\" class=\"wp-image-305 alignleft\" src=\"https:\/\/nathal-bern.ch\/wp-content\/uploads\/2018\/10\/Strasse-London-DSCF2560-300x200.jpg\" alt=\"\" width=\"698\" height=\"465\" srcset=\"https:\/\/nathal-bern.ch\/wp-content\/uploads\/2018\/10\/Strasse-London-DSCF2560-300x200.jpg 300w, https:\/\/nathal-bern.ch\/wp-content\/uploads\/2018\/10\/Strasse-London-DSCF2560-768x512.jpg 768w, https:\/\/nathal-bern.ch\/wp-content\/uploads\/2018\/10\/Strasse-London-DSCF2560-1024x683.jpg 1024w, https:\/\/nathal-bern.ch\/wp-content\/uploads\/2018\/10\/Strasse-London-DSCF2560-840x560.jpg 840w, https:\/\/nathal-bern.ch\/wp-content\/uploads\/2018\/10\/Strasse-London-DSCF2560-120x80.jpg 120w, https:\/\/nathal-bern.ch\/wp-content\/uploads\/2018\/10\/Strasse-London-DSCF2560-360x240.jpg 360w, https:\/\/nathal-bern.ch\/wp-content\/uploads\/2018\/10\/Strasse-London-DSCF2560-600x400.jpg 600w\" sizes=\"auto, (max-width: 698px) 100vw, 698px\" \/><\/p>\n","protected":false},"excerpt":{"rendered":"<p>&nbsp; NATHAL\u00ae-Seminar Aufbau 1 (4 Tage) Pers\u00f6nliche, berufliche und \u00fcbergeordnete Zukunft Im ersten Seminar der Aufbaureihe lernen Sie Ihre eigene[&#8230;]<\/p>\n","protected":false},"author":1,"featured_media":0,"parent":43,"menu_order":0,"comment_status":"closed","ping_status":"closed","template":"","meta":{"_exactmetrics_skip_tracking":false,"_exactmetrics_sitenote_active":false,"_exactmetrics_sitenote_note":"","_exactmetrics_sitenote_category":0,"footnotes":""},"class_list":["post-35","page","type-page","status-publish","hentry"],"_links":{"self":[{"href":"https:\/\/nathal-bern.ch\/index.php?rest_route=\/wp\/v2\/pages\/35","targetHints":{"allow":["GET"]}}],"collection":[{"href":"https:\/\/nathal-bern.ch\/index.php?rest_route=\/wp\/v2\/pages"}],"about":[{"href":"https:\/\/nathal-bern.ch\/index.php?rest_route=\/wp\/v2\/types\/page"}],"author":[{"embeddable":true,"href":"https:\/\/nathal-bern.ch\/index.php?rest_route=\/wp\/v2\/users\/1"}],"replies":[{"embeddable":true,"href":"https:\/\/nathal-bern.ch\/index.php?rest_route=%2Fwp%2Fv2%2Fcomments&post=35"}],"version-history":[{"count":14,"href":"https:\/\/nathal-bern.ch\/index.php?rest_route=\/wp\/v2\/pages\/35\/revisions"}],"predecessor-version":[{"id":1435,"href":"https:\/\/nathal-bern.ch\/index.php?rest_route=\/wp\/v2\/pages\/35\/revisions\/1435"}],"up":[{"embeddable":true,"href":"https:\/\/nathal-bern.ch\/index.php?rest_route=\/wp\/v2\/pages\/43"}],"wp:attachment":[{"href":"https:\/\/nathal-bern.ch\/index.php?rest_route=%2Fwp%2Fv2%2Fmedia&parent=35"}],"curies":[{"name":"wp","href":"https:\/\/api.w.org\/{rel}","templated":true}]}}