{"id":37,"date":"2018-11-17T15:54:51","date_gmt":"2018-11-17T15:54:51","guid":{"rendered":"https:\/\/nathal-bern.ch\/?page_id=37"},"modified":"2026-04-17T07:59:05","modified_gmt":"2026-04-17T07:59:05","slug":"news","status":"publish","type":"page","link":"https:\/\/nathal-bern.ch\/?page_id=37","title":{"rendered":"News"},"content":{"rendered":"<h4><strong>Guten Tag, <\/strong><\/h4>\n<p><strong>herzlichen Dank f\u00fcr den Besuch meiner Website. <\/strong><\/p>\n<p><strong>Gibt es etwas Erf\u00fcllenderes und Erhebenderes, als an uns selber zu arbeiten, sich weiterzubilden und weiterzuentwickeln, nach Innen zu horchen und zu forschen, mit Offenheit und Mut, begleitet durch eine weise innere F\u00fchrung? Ich empfinde dies als unsere eigentliche Aufgabe im Leben. Unten der Text eines bulgarischen Meisters, der eben dieses wunderbar beschreibt.\u00a0<\/strong><\/p>\n<p><strong>Daten der aktuellen Seminare 2026 und Januar 2027 finden Sie unter <a href=\"https:\/\/nathal-bern.ch\/?page_id=24\">Daten &#8211; Ort<\/a>.\u00a0<\/strong><\/p>\n<p><strong>Falls Ihr Wunschseminar gerade noch nicht terminiert ist, melden Sie sich, es gibt sicher einen Weg.\u00a0<\/strong><\/p>\n<p><strong>Vielleicht auf bald?!<\/strong><\/p>\n<p><strong>Liebe Gr\u00fcsse<\/strong><\/p>\n<p><strong>Agnes Berger Bertschinger<\/strong><\/p>\n<p style=\"text-align: center;\"><img loading=\"lazy\" decoding=\"async\" class=\"wp-image-1244 size-medium aligncenter\" src=\"https:\/\/nathal-bern.ch\/wp-content\/uploads\/2023\/02\/DSCF5478-300x172.jpg\" alt=\"\" width=\"300\" height=\"172\" srcset=\"https:\/\/nathal-bern.ch\/wp-content\/uploads\/2023\/02\/DSCF5478-300x172.jpg 300w, https:\/\/nathal-bern.ch\/wp-content\/uploads\/2023\/02\/DSCF5478-1024x587.jpg 1024w, https:\/\/nathal-bern.ch\/wp-content\/uploads\/2023\/02\/DSCF5478-768x440.jpg 768w, https:\/\/nathal-bern.ch\/wp-content\/uploads\/2023\/02\/DSCF5478-1536x880.jpg 1536w, https:\/\/nathal-bern.ch\/wp-content\/uploads\/2023\/02\/DSCF5478-2048x1173.jpg 2048w\" sizes=\"auto, (max-width: 300px) 100vw, 300px\" \/><span style=\"font-size: 1.0625rem;\">Foto mit Gertje und Philippe Lathan Nov. 2019<\/span><\/p>\n<p style=\"font-weight: 400;\">&#8222;Der Erde ist es vorbestimmt, den Himmel widerzuspiegeln. Aktuell ist das noch nicht der Fall. Die Erde, d. h. die Welt der Menschen, schwingt nicht in Harmonie mit dem Himmel. Wenn die Menschen sich der Aufgabe bewusst werden, derentwegen sie sich inkarniert haben, werden sie beginnen, die Erde zu bearbeiten, \u00bbihre\u00ab Erde, d. h. an sich selbst zu arbeiten. Sie werden ihr ganzes Wesen im Zusammenklang mit der g\u00f6ttlichen Welt schwingen lassen, um deren Ordnung, deren Sch\u00f6nheit, deren Licht widerzuspiegeln. Da der Zustand der Erde, auf der wir leben, mit der Evolution der Menschen in Zusammenhang steht, wird auch sie sich \u00e4ndern; auch sie wird subtil, hochschwingend, lichtvoll und dadurch andere Fr\u00fcchte, andere Pflanzen und andere Blumen hervorbringen&#8230; Alles wird sich \u00e4ndern, wenn die Menschen ihr Leben \u00e4ndern, allein, weil sie verstanden haben, welche Arbeit sie an sich selbst durchf\u00fchren m\u00fcssen, um sich zu ver\u00e4ndern.&#8220;<\/p>\n<p>Omraam Mikha\u00ebl A\u00efvanhov (1900 \u2013 1986)<\/p>\n<h2><strong>Hinweise \/ Links:\u00a0<\/strong><\/h2>\n<p>Gerne weise ich angesichts weltweiter Katastrophen und steigender Ressourcenknappheit auf einen \u00a0interessanten Link hin: <a href=\"http:\/\/nathal-energy.com\">nathal-energy.com<\/a><span style=\"font-size: 1.0625rem;\">\u00a0(2x anklicken, dann klappt es)<\/span><\/p>\n<div class=\"page\" title=\"Page 5\">\n<div class=\"layoutArea\">\n<div class=\"column\">\n<p><span style=\"font-size: 1.0625rem;\"><strong>Nathal Energy<\/strong> ist ein Start-up das sich mit der regenerativen, klimaschonenden und dezentralen Versorgungung von Menschen und der Entsorgung von Biogenen Ressourcen besch\u00e4ftigt. Nathal Energy ist dabei auf die Technologieentwicklung und den Technologietransfer fokussiert. Zur Herstellung und der Umsetzung der Produkte auf dem Markt arbeitet Nathal Energy weltweit mit Partnerunternehmen und Lizenznehmern zusammen.<\/span><\/p>\n<div class=\"page\" title=\"Page 5\">\n<div class=\"layoutArea\">\n<div class=\"column\">\n<p>Nathal Energy hat einen autarken Versorgungscontainer f\u00fcr Strom, W\u00e4rme, K\u00e4lte und Wasser entwickelt, der auf Basis regenerativer Solarenergie arbeitet.<\/p>\n<div class=\"page\" title=\"Page 1\">\n<div class=\"layoutArea\">\n<div class=\"column\">\n<p>Die Wassererzeugung basiert auf (Meer)Wasserentsalzung oder Kondensation von Feuchtigkeit aus der Luft. Neben der Energie- und Wassererzeugung bietet das Containerdesign flexibel nutzbaren klimatisierbaren Raum. Dieser kann etwa zur K\u00fchlung von Lebensmitteln oder Medikamenten, f\u00fcr (tele)medizinische Zwecke oder als Kommunikationszentrale genutzt werden.<\/p>\n<\/div>\n<\/div>\n<\/div>\n<\/div>\n<\/div>\n<\/div>\n<\/div>\n<\/div>\n<\/div>\n<hr \/>\n<hr \/>\n<h2>Zitate:<\/h2>\n<h4>aus: einem Interview mit Philippe Evrard (-Lathan)<\/h4>\n<h4><img loading=\"lazy\" decoding=\"async\" class=\"wp-image-800 alignleft\" src=\"https:\/\/nathal-bern.ch\/wp-content\/uploads\/2019\/03\/IMG_9849-300x300.jpeg\" alt=\"\" width=\"379\" height=\"379\" srcset=\"https:\/\/nathal-bern.ch\/wp-content\/uploads\/2019\/03\/IMG_9849-300x300.jpeg 300w, https:\/\/nathal-bern.ch\/wp-content\/uploads\/2019\/03\/IMG_9849-150x150.jpeg 150w, https:\/\/nathal-bern.ch\/wp-content\/uploads\/2019\/03\/IMG_9849-768x768.jpeg 768w, https:\/\/nathal-bern.ch\/wp-content\/uploads\/2019\/03\/IMG_9849-1024x1024.jpeg 1024w\" sizes=\"auto, (max-width: 379px) 100vw, 379px\" \/><\/h4>\n<p>&nbsp;<\/p>\n<p>&#8222;Es ist eine Struktur, die raum- und zeitunabh\u00e4ngig ist, die alles steuert, beinhaltet und bedingt, was f\u00fcr uns erfassbar ist, und die wir nur mittels einer Bereitschaft, sich immer mehr zu optimieren, \u00fcberhaupt erreichen k\u00f6nnen. Wir k\u00f6nnen diese Quelle nicht mit einer normalen, rationellen Vorgehensweise kontaktieren, sondern \u00fcber die Bereitschaft, sich einfach zu optimieren, d.h. letztendlich \u00fcber die Bereitschaft, uns immer wieder dieser h\u00f6heren Qualit\u00e4t zu n\u00e4hern.&#8220;<\/p>\n<h4>aus &#8222;Die NATHAL-Methode &#8211; Ein europ\u00e4ischer Weg zu spirituellem Wachstum,\u00a0Gl\u00fcck und allumfassender Harmonie&#8220; von Gertje Lathan<\/h4>\n<p><img loading=\"lazy\" decoding=\"async\" class=\" wp-image-791 alignleft\" src=\"https:\/\/nathal-bern.ch\/wp-content\/uploads\/2019\/03\/DSCF0233-300x300.jpeg\" alt=\"\" width=\"367\" height=\"367\" srcset=\"https:\/\/nathal-bern.ch\/wp-content\/uploads\/2019\/03\/DSCF0233-300x300.jpeg 300w, https:\/\/nathal-bern.ch\/wp-content\/uploads\/2019\/03\/DSCF0233-150x150.jpeg 150w, https:\/\/nathal-bern.ch\/wp-content\/uploads\/2019\/03\/DSCF0233-768x768.jpeg 768w, https:\/\/nathal-bern.ch\/wp-content\/uploads\/2019\/03\/DSCF0233-1024x1024.jpeg 1024w\" sizes=\"auto, (max-width: 367px) 100vw, 367px\" \/><\/p>\n<p>&#8222;Das h\u00f6chste Ziel des Menschen dr\u00fcckt sich aus im Streben nach Zufriedenheit, Gl\u00fcck und allumfassender Harmonie. Viele Menschen sehen im Erwerb von Macht und materiellem Reichtum einen Weg, dieses Ziel zu erreichen und wundern sich, dass sich trotz zunehmendem materiellen Besitzes und sozialen Einflusses dieser Zustand bei ihnen nicht einstellt, weil sie \u00fcbersehen dass Zufriedenheit, Gl\u00fcck und Harmonie ein von \u00e4usseren Umst\u00e4nden unabh\u00e4ngiger, innerer Zustand ist, der als Folge spiritueller Entwicklung einen Ausdruck geistige Reife darstellt.&#8220;<\/p>\n<h4>aus &#8222;Die NATHAL-Methode &#8211; Ein europ\u00e4ischer Weg zu spirituellem Wachstum,\u00a0Gl\u00fcck und allumfassender Harmonie&#8220; von Gertje Lathan<\/h4>\n<p><img loading=\"lazy\" decoding=\"async\" class=\"wp-image-765 alignleft\" src=\"https:\/\/nathal-bern.ch\/wp-content\/uploads\/2019\/01\/IMG_9373-300x300.jpeg\" alt=\"\" width=\"372\" height=\"372\" srcset=\"https:\/\/nathal-bern.ch\/wp-content\/uploads\/2019\/01\/IMG_9373-300x300.jpeg 300w, https:\/\/nathal-bern.ch\/wp-content\/uploads\/2019\/01\/IMG_9373-150x150.jpeg 150w, https:\/\/nathal-bern.ch\/wp-content\/uploads\/2019\/01\/IMG_9373-768x768.jpeg 768w, https:\/\/nathal-bern.ch\/wp-content\/uploads\/2019\/01\/IMG_9373-1024x1024.jpeg 1024w\" sizes=\"auto, (max-width: 372px) 100vw, 372px\" \/><\/p>\n<p>&nbsp;<\/p>\n<p>&#8222;Oberstes Prinzip von NATHAL ist die pers\u00f6nliche und allumfassende Freiheit des Individuums und genau diese wird durch die Methode gef\u00f6rdert. Der Teilnehmer lernt, sein Leben eigenverantwortlich und unabh\u00e4ngig zu leben und zu gestalten und wichtige Entscheidungen eigenst\u00e4ndig und unbeeinflusst durch andere zu treffen.&#8220;<\/p>\n<h4>aus raum&amp;zeit, 66\/93 von Gertje Lathan<\/h4>\n<p>&#8222;Ein Mensch lebt nur, wenn er G\u00fcte und Liebe im geistigen Sinn erf\u00e4hrt: Leben in individueller Weise.<br \/>\nAlles andere ist Leben, das nicht den Plan erf\u00fcllt. Liebe und G\u00fcte in unendlicher Abfolge sind eine gewaltige Energiestruktur, die alle negativen Bewusstseinseinheiten zum Verstummen bringt.&#8220;<\/p>\n<p><img loading=\"lazy\" decoding=\"async\" class=\"wp-image-340 alignleft\" src=\"https:\/\/nathal-bern.ch\/wp-content\/uploads\/2018\/10\/IMG_6894-300x225.jpg\" alt=\"\" width=\"727\" height=\"545\" srcset=\"https:\/\/nathal-bern.ch\/wp-content\/uploads\/2018\/10\/IMG_6894-300x225.jpg 300w, https:\/\/nathal-bern.ch\/wp-content\/uploads\/2018\/10\/IMG_6894-768x576.jpg 768w, https:\/\/nathal-bern.ch\/wp-content\/uploads\/2018\/10\/IMG_6894-1024x768.jpg 1024w\" sizes=\"auto, (max-width: 727px) 100vw, 727px\" \/><\/p>\n","protected":false},"excerpt":{"rendered":"<p>Guten Tag, herzlichen Dank f\u00fcr den Besuch meiner Website. Gibt es etwas Erf\u00fcllenderes und Erhebenderes, als an uns selber zu[&#8230;]<\/p>\n","protected":false},"author":1,"featured_media":0,"parent":0,"menu_order":0,"comment_status":"closed","ping_status":"closed","template":"","meta":{"_exactmetrics_skip_tracking":false,"_exactmetrics_sitenote_active":false,"_exactmetrics_sitenote_note":"","_exactmetrics_sitenote_category":0,"footnotes":""},"class_list":["post-37","page","type-page","status-publish","hentry"],"_links":{"self":[{"href":"https:\/\/nathal-bern.ch\/index.php?rest_route=\/wp\/v2\/pages\/37","targetHints":{"allow":["GET"]}}],"collection":[{"href":"https:\/\/nathal-bern.ch\/index.php?rest_route=\/wp\/v2\/pages"}],"about":[{"href":"https:\/\/nathal-bern.ch\/index.php?rest_route=\/wp\/v2\/types\/page"}],"author":[{"embeddable":true,"href":"https:\/\/nathal-bern.ch\/index.php?rest_route=\/wp\/v2\/users\/1"}],"replies":[{"embeddable":true,"href":"https:\/\/nathal-bern.ch\/index.php?rest_route=%2Fwp%2Fv2%2Fcomments&post=37"}],"version-history":[{"count":108,"href":"https:\/\/nathal-bern.ch\/index.php?rest_route=\/wp\/v2\/pages\/37\/revisions"}],"predecessor-version":[{"id":1513,"href":"https:\/\/nathal-bern.ch\/index.php?rest_route=\/wp\/v2\/pages\/37\/revisions\/1513"}],"wp:attachment":[{"href":"https:\/\/nathal-bern.ch\/index.php?rest_route=%2Fwp%2Fv2%2Fmedia&parent=37"}],"curies":[{"name":"wp","href":"https:\/\/api.w.org\/{rel}","templated":true}]}}