{"id":39,"date":"2018-11-17T15:59:21","date_gmt":"2018-11-17T15:59:21","guid":{"rendered":"https:\/\/nathal-bern.ch\/?page_id=39"},"modified":"2025-12-24T10:34:22","modified_gmt":"2025-12-24T10:34:22","slug":"intensivausbildung-startseminar","status":"publish","type":"page","link":"https:\/\/nathal-bern.ch\/?page_id=39","title":{"rendered":"Intensivausbildung &#8211; Startseminar"},"content":{"rendered":"<h1><span style=\"color: #339966;\">Nathal\u00ae &#8211; Intensivausbildung<br \/>\n(5-Tages-Seminar)<\/span><\/h1>\n<p>Das NATHAL<sup>\u00ae <\/sup>Intensivausbildungsseminar ist eine kompakte Vermittlung der Methodik f\u00fcr verschiedene Lebensbereiche. An f\u00fcnf aufeinanderfolgenden Tagen (insgesamt zehn \u00dcbungen) wird zuerst eine energetische Anbindung initiiert und dann der Umgang damit ge\u00fcbt. Alle sp\u00e4teren Seminare bauen auf den in der Intensivausbildung\u00a0erlernten Fertigkeiten auf.<\/p>\n<p>Sie lernen den methodischen Ablauf, feste Regeln und eine bestimmte Abfragetechnik (Supra-Dialog<sup>\u00ae<\/sup>). Von Anfang an f\u00fchren Sie die \u00dcbungen eigenst\u00e4ndig durch. Eine intensive, professionelle Begleitung w\u00e4hrend der f\u00fcnf Tage unterst\u00fctzt bei Problemen und Blockaden.<\/p>\n<p>Das NATHAL<sup>\u00ae <\/sup>Training f\u00fchrt zur Bildung neuer Synapsen. Diese Feststellung wurde schon 1985 bei Messungen erkannt, zw\u00f6lf Jahre bevor die Neurowissenschaft diese M\u00f6glichkeit allgemein anerkannte. In den ersten 4-6 Wochen nach der Intensiv-Ausbildung kann meist ein bedeutender Entwicklungsschub im Alltag festgestellt werden, der durch diese inneren Ver\u00e4nderungen ausgel\u00f6st wurde.<\/p>\n<h2><span style=\"color: #339966;\">Themen der Intensivausbildung:<\/span><\/h2>\n<ul>\n<li>Grundregeln des Supra-Dialogs<sup>\u00ae <\/sup>ein\u00fcben<\/li>\n<li>Pers\u00f6nliche Grundeinstellung erkennen und optimieren<\/li>\n<li>Blockaden aus der Vergangenheit abbauen, Stress bew\u00e4ltigen<\/li>\n<li>Der Zukunft positiv und aufgeschlossen begegnen<\/li>\n<li>Informationen aus \u00fcbergeordneten Seinsbereichen erfassen<\/li>\n<li>Kontakt zu anderen Seinsformen aufnehmen<\/li>\n<li>Zuk\u00fcnftige Begabungen und F\u00e4higkeiten erkennen und aktivieren<\/li>\n<\/ul>\n<p>Kosten Intensivausbildung (5 Tage): Fr 1650.- (Euro 1800)<\/p>\n<p>Daten: siehe <a href=\"https:\/\/nathal-bern.ch\/?page_id=24\">Daten &#8211; Ort<\/a><\/p>\n<p><a href=\"https:\/\/nathal-bern.ch\/?page_id=24\"><img loading=\"lazy\" decoding=\"async\" class=\"wp-image-230 aligncenter\" src=\"https:\/\/nathal-bern.ch\/wp-content\/uploads\/2018\/10\/DSCF7144-3-300x297.jpg\" alt=\"\" width=\"387\" height=\"383\" srcset=\"https:\/\/nathal-bern.ch\/wp-content\/uploads\/2018\/10\/DSCF7144-3-300x297.jpg 300w, https:\/\/nathal-bern.ch\/wp-content\/uploads\/2018\/10\/DSCF7144-3-768x759.jpg 768w, https:\/\/nathal-bern.ch\/wp-content\/uploads\/2018\/10\/DSCF7144-3-1024x1013.jpg 1024w, https:\/\/nathal-bern.ch\/wp-content\/uploads\/2018\/10\/DSCF7144-3.jpg 1261w\" sizes=\"auto, (max-width: 387px) 100vw, 387px\" \/><\/a><\/p>\n<h1 class=\"tm5 tm6\"><span style=\"color: #339966;\"><strong><span class=\"tm7\">NATHAL\u00ae-Intensivausbildung f\u00fcr Kinder und Jugendliche\u00a0(3 Tage)<\/span><\/strong><\/span><\/h1>\n<p class=\"Normal tm5\"><span class=\"tm8\">In der NATHAL\u00ae-Intensivausbildung f\u00fcr Kinder und Jugendliche werden diese mit Leichtigkeit und fokussiert <img loading=\"lazy\" decoding=\"async\" class=\" wp-image-1170 alignleft\" src=\"https:\/\/nathal-bern.ch\/wp-content\/uploads\/2022\/06\/IMG_3662-279x300.jpg\" alt=\"\" width=\"217\" height=\"233\" srcset=\"https:\/\/nathal-bern.ch\/wp-content\/uploads\/2022\/06\/IMG_3662-279x300.jpg 279w, https:\/\/nathal-bern.ch\/wp-content\/uploads\/2022\/06\/IMG_3662-951x1024.jpg 951w, https:\/\/nathal-bern.ch\/wp-content\/uploads\/2022\/06\/IMG_3662-768x827.jpg 768w, https:\/\/nathal-bern.ch\/wp-content\/uploads\/2022\/06\/IMG_3662-1427x1536.jpg 1427w, https:\/\/nathal-bern.ch\/wp-content\/uploads\/2022\/06\/IMG_3662-1903x2048.jpg 1903w\" sizes=\"auto, (max-width: 217px) 100vw, 217px\" \/>zugleich in die Methode eingef\u00fchrt. <\/span><\/p>\n<p class=\"Normal tm5\"><span class=\"tm8\">Sie<br \/>\n<\/span><span class=\"tm8\">&#8211; machen ihrem Alter und ihren M\u00f6glichkeiten entsprechend auf imaginativen Reisen spielerische Erfahrungen, die ihnen helfen, sich einer weisen, inneren F\u00fchrung anzuvertrauen.<br \/>\n<\/span><span class=\"tm8\">&#8211; lernen, negative Auswirkungen von Belastungen und Stress loszulassen und zu neutralisieren.<br \/>\n<\/span><span class=\"tm8\">&#8211; finden bildhaft einleuchtende auf sie zugeschnittene Wege und L\u00f6sungen bez\u00fcglich ihren Problemen, Fragen und Anliegen.<br \/>\n<\/span><span class=\"tm8\">&#8211; werden in ihren F\u00e4higkeiten und Fertigkeiten best\u00e4tigt und erhalten Ermutigung f\u00fcr neue Herausforderungen.<br \/>\n<\/span><span class=\"tm8\">&#8211; erweitern ihren pers\u00f6nlichen Handlungs- und Gestaltungsraum.<br \/>\n<\/span><span class=\"tm8\">&#8211; werden mental vorbereitet, offen und zuversichtlich in die Zukunft zu schreiten.<\/span><\/p>\n<p class=\"Normal tm5\"><span class=\"tm8\">\u00a0Kosten f\u00fcr 3 Tage:<\/span> <span class=\"tm8\">450.- <\/span><span style=\"font-size: 1.0625rem;\">Fr<\/span><\/p>\n<h3><img loading=\"lazy\" decoding=\"async\" class=\"wp-image-1453 alignleft\" src=\"https:\/\/nathal-bern.ch\/wp-content\/uploads\/2025\/01\/IMG_5059-246x300.jpeg\" alt=\"\" width=\"187\" height=\"228\" srcset=\"https:\/\/nathal-bern.ch\/wp-content\/uploads\/2025\/01\/IMG_5059-246x300.jpeg 246w, https:\/\/nathal-bern.ch\/wp-content\/uploads\/2025\/01\/IMG_5059.jpeg 480w\" sizes=\"auto, (max-width: 187px) 100vw, 187px\" \/><span style=\"font-size: 1.0625rem;\">\u00a0 \u00a0 \u00a0 \u00a0 \u00a0 \u00a0 \u00a0 \u00a0 \u00a0 \u00a0 \u00a0 \u00a0<\/span><img loading=\"lazy\" decoding=\"async\" class=\"alignnone wp-image-1452\" style=\"font-size: 1.0625rem;\" src=\"https:\/\/nathal-bern.ch\/wp-content\/uploads\/2025\/01\/IMG_5051-3-300x259.jpeg\" alt=\"\" width=\"280\" height=\"242\" srcset=\"https:\/\/nathal-bern.ch\/wp-content\/uploads\/2025\/01\/IMG_5051-3-300x259.jpeg 300w, https:\/\/nathal-bern.ch\/wp-content\/uploads\/2025\/01\/IMG_5051-3.jpeg 555w\" sizes=\"auto, (max-width: 280px) 100vw, 280px\" \/><\/h3>\n<h3><\/h3>\n<h3><strong>Zitat Gertje Lathan:<\/strong><\/h3>\n<p>&#8222;Wer den &#8222;Supra-Dialog&#8220; beherrscht, verf\u00fcgt \u00fcber ein aktiveres, kosmisch erweitertes Bewusstsein, das im Einklang von K\u00f6rper und Geist ein subjektiv gesteuertes \u00dcberschreiten unserer Begrenzungen gestattet. H\u00f6here Erkenntnisse, mehr Weisheit, optimaleres soziales Verhalten, Kenntnisse universaler Zusammenh\u00e4nge sind die objektiven Folgen.&#8220;<\/p>\n<p>aus raum&amp;zeit 66\/93<\/p>\n","protected":false},"excerpt":{"rendered":"<p>Nathal\u00ae &#8211; Intensivausbildung (5-Tages-Seminar) Das NATHAL\u00ae Intensivausbildungsseminar ist eine kompakte Vermittlung der Methodik f\u00fcr verschiedene Lebensbereiche. An f\u00fcnf aufeinanderfolgenden Tagen[&#8230;]<\/p>\n","protected":false},"author":1,"featured_media":0,"parent":22,"menu_order":0,"comment_status":"closed","ping_status":"closed","template":"","meta":{"_exactmetrics_skip_tracking":false,"_exactmetrics_sitenote_active":false,"_exactmetrics_sitenote_note":"","_exactmetrics_sitenote_category":0,"footnotes":""},"class_list":["post-39","page","type-page","status-publish","hentry"],"_links":{"self":[{"href":"https:\/\/nathal-bern.ch\/index.php?rest_route=\/wp\/v2\/pages\/39","targetHints":{"allow":["GET"]}}],"collection":[{"href":"https:\/\/nathal-bern.ch\/index.php?rest_route=\/wp\/v2\/pages"}],"about":[{"href":"https:\/\/nathal-bern.ch\/index.php?rest_route=\/wp\/v2\/types\/page"}],"author":[{"embeddable":true,"href":"https:\/\/nathal-bern.ch\/index.php?rest_route=\/wp\/v2\/users\/1"}],"replies":[{"embeddable":true,"href":"https:\/\/nathal-bern.ch\/index.php?rest_route=%2Fwp%2Fv2%2Fcomments&post=39"}],"version-history":[{"count":27,"href":"https:\/\/nathal-bern.ch\/index.php?rest_route=\/wp\/v2\/pages\/39\/revisions"}],"predecessor-version":[{"id":1488,"href":"https:\/\/nathal-bern.ch\/index.php?rest_route=\/wp\/v2\/pages\/39\/revisions\/1488"}],"up":[{"embeddable":true,"href":"https:\/\/nathal-bern.ch\/index.php?rest_route=\/wp\/v2\/pages\/22"}],"wp:attachment":[{"href":"https:\/\/nathal-bern.ch\/index.php?rest_route=%2Fwp%2Fv2%2Fmedia&parent=39"}],"curies":[{"name":"wp","href":"https:\/\/api.w.org\/{rel}","templated":true}]}}