{"id":4,"date":"2018-09-30T07:56:47","date_gmt":"2018-09-30T07:56:47","guid":{"rendered":"https:\/\/nathal-bern.ch\/?page_id=4"},"modified":"2023-08-24T16:18:47","modified_gmt":"2023-08-24T16:18:47","slug":"datenschutzerklaerung","status":"publish","type":"page","link":"https:\/\/nathal-bern.ch\/?page_id=4","title":{"rendered":"Datenschutzerkl\u00e4rung"},"content":{"rendered":"<h2>Wer wir sind<\/h2>\n<p>Die Adresse unserer Website ist: https:\/\/nathal-bern.ch.<br \/>\nWir bieten\u00a0NATHAL\u00ae<span class=\"Apple-converted-space\">\u00a0<\/span>Einzelsitzungen, \u00dcbungstage und Seminare an.<br \/>\nMehr \u00fcber diese Methode erfahren Sie auf der Hauptseite.<\/p>\n<h2>Welche personenbezogenen Daten wir sammeln und warum wir sie sammeln<\/h2>\n<h3>Kontaktformulare<\/h3>\n<h3>Cookies<\/h3>\n<p>Wenn Sie sich f\u00fcr ein Angebot anmelden, werden wir einige Cookies einrichten, um Ihre Anmeldeinformationen und Anzeigeoptionen zu speichern.<\/p>\n<h3>Eingebettete Inhalte von anderen Websites<\/h3>\n<p>Beitr\u00e4ge auf dieser Website k\u00f6nnen eingebettete Inhalte beinhalten (z.\u00a0B. Videos, Bilder, Beitr\u00e4ge etc.). Eingebettete Inhalte von anderen Websites verhalten sich exakt so, als ob der Besucher die andere Website besucht h\u00e4tte.<\/p>\n<p>Diese Websites k\u00f6nnen Daten \u00fcber Sie sammeln, Cookies benutzen, zus\u00e4tzliche Tracking-Dienste von Dritten einbetten und Ihre Interaktion mit diesem eingebetteten Inhalt aufzeichnen, inklusive Ihrer Interaktion mit dem eingebetteten Inhalt, falls Sie ein Konto haben und auf dieser Website angemeldet sind.<\/p>\n<h3>Analysedienste<\/h3>\n<p>Wir verwenden Google Analytics zur anonymen Datenanalyse.<\/p>\n<h2>Mit wem wir Ihre Daten teilen<\/h2>\n<p>Wir teilen keine pers\u00f6nlichen Benutzerdaten mit etwaigen Drittanbieter.<\/p>\n<h2>Welche Rechte Sie an Ihren Daten haben<\/h2>\n<p>Wenn Sie auf dieser Website eine Anmeldung geschrieben haben, k\u00f6nnen Sie einen Export Ihrer personenbezogenen Daten bei uns anfordern, inklusive aller Daten, die Sie uns mitgeteilt haben. Dar\u00fcber hinaus k\u00f6nnen Sie die L\u00f6schung aller personenbezogenen Daten, die wir von Ihnen gespeichert haben, anfordern. Dies umfasst nicht die Daten, die wir aufgrund administrativer, rechtlicher oder sicherheitsrelevanter Notwendigkeiten aufbewahren m\u00fcssen.<\/p>\n<h2>Weitere Informationen<\/h2>\n<h3>Wie wir Ihre Daten sch\u00fctzen<\/h3>\n<p>Ihre Daten werden vertraulich behandelt und nicht der \u00d6ffentlichkeit preisgegeben.<\/p>\n<h3>Welche Ma\u00dfnahmen wir bei Datenschutzverletzungen anbieten<\/h3>\n<p>Es werden bei uns keine zus\u00e4tzlichen Informationen erfasst, als f\u00fcr die Registrierung in einem unserer Angebote notwendig ist. Dazu geh\u00f6ren Name, E-Mail und etwaige sonstige Kontaktinformationen. Diese werden vertraulich behandelt, um mit Ihnen in Kontakt zu bleiben.<\/p>\n<h3>Von welchen Drittanbietern wir Daten erhalten<\/h3>\n<p>Lediglich Daten, welche Sie uns \u00fcber etwaige Drittanbieter freigeben, werden von uns verwendet.<\/p>\n<h3>Welche automatisierte Entscheidungsfindung und\/oder Profilerstellung wir mit Benutzerdaten durchf\u00fchren<\/h3>\n<p>Wir informieren unsere Benutzer und Kursteilnehmer unregelm\u00e4ssig \u00fcber Angebote und best\u00e4tigen ihre Anmeldungen. Sobald Sie sich bei uns anmelden, erhalten Sie eine automatisierte Nachricht, welche den Erhalt der Anmeldung best\u00e4tigt. Eine pers\u00f6nliche Kontaktaufnahme erfolgt sp\u00e4ter. Falls Sie keine weiteren Informationen erhalten m\u00f6chten, wenden Sie sich bitte direkt an den Absender der entsprechenden E-Mail<\/p>\n<p><b>Rechtliche Grundlagen<\/b><\/p>\n<p>Grundlagen f\u00fcr diesen Datenschutz bildet das schweizerische revDSG welches am 1. September 2023 in der Schweiz in Kraft tritt.<\/p>\n<p>14. &#8211; 18. November 2024<\/p>\n<p>&nbsp;<\/p>\n<p>&nbsp;<\/p>\n","protected":false},"excerpt":{"rendered":"<p>Wer wir sind Die Adresse unserer Website ist: https:\/\/nathal-bern.ch. Wir bieten\u00a0NATHAL\u00ae\u00a0Einzelsitzungen, \u00dcbungstage und Seminare an. Mehr \u00fcber diese Methode erfahren[&#8230;]<\/p>\n","protected":false},"author":1,"featured_media":0,"parent":26,"menu_order":0,"comment_status":"closed","ping_status":"closed","template":"","meta":{"_exactmetrics_skip_tracking":false,"_exactmetrics_sitenote_active":false,"_exactmetrics_sitenote_note":"","_exactmetrics_sitenote_category":0,"footnotes":""},"class_list":["post-4","page","type-page","status-publish","hentry"],"_links":{"self":[{"href":"https:\/\/nathal-bern.ch\/index.php?rest_route=\/wp\/v2\/pages\/4","targetHints":{"allow":["GET"]}}],"collection":[{"href":"https:\/\/nathal-bern.ch\/index.php?rest_route=\/wp\/v2\/pages"}],"about":[{"href":"https:\/\/nathal-bern.ch\/index.php?rest_route=\/wp\/v2\/types\/page"}],"author":[{"embeddable":true,"href":"https:\/\/nathal-bern.ch\/index.php?rest_route=\/wp\/v2\/users\/1"}],"replies":[{"embeddable":true,"href":"https:\/\/nathal-bern.ch\/index.php?rest_route=%2Fwp%2Fv2%2Fcomments&post=4"}],"version-history":[{"count":11,"href":"https:\/\/nathal-bern.ch\/index.php?rest_route=\/wp\/v2\/pages\/4\/revisions"}],"predecessor-version":[{"id":1295,"href":"https:\/\/nathal-bern.ch\/index.php?rest_route=\/wp\/v2\/pages\/4\/revisions\/1295"}],"up":[{"embeddable":true,"href":"https:\/\/nathal-bern.ch\/index.php?rest_route=\/wp\/v2\/pages\/26"}],"wp:attachment":[{"href":"https:\/\/nathal-bern.ch\/index.php?rest_route=%2Fwp%2Fv2%2Fmedia&parent=4"}],"curies":[{"name":"wp","href":"https:\/\/api.w.org\/{rel}","templated":true}]}}