{"id":41,"date":"2018-11-17T16:05:56","date_gmt":"2018-11-17T16:05:56","guid":{"rendered":"https:\/\/nathal-bern.ch\/?page_id=41"},"modified":"2024-10-23T13:32:56","modified_gmt":"2024-10-23T13:32:56","slug":"spezial-seminare","status":"publish","type":"page","link":"https:\/\/nathal-bern.ch\/?page_id=41","title":{"rendered":"Spezial-Seminare"},"content":{"rendered":"<h1><span style=\"color: #339966;\">NATHAL\u00ae-Spezialseminare<\/span><\/h1>\n<section class=\"ce_text block\"><\/section>\n<section class=\"ce_text box block\">Neben der \u201eregul\u00e4ren\u201c Vertiefungsreihe der Aufbauseminare sind auch Seminare im Angebot, die ganz bestimmte berufliche oder pers\u00f6nliche Themen vertiefen. Voraussetzung f\u00fcr die Teilnahme ist \u00a0die Absolvierung der Intensivausbildung und eventuell ein kurzes pers\u00f6nliches Gespr\u00e4ch zur Einsch\u00e4tzung, ob der Zeitpunkt in der pers\u00f6nlichen Biografie geeignet ist.<\/section>\n<section><\/section>\n<section class=\"ce_text box block\"><b><span style=\"color: #000000;\"><br \/>\nNATHAL\u00ae-Seminar f\u00fcr ein gesundes Selbstbewusstsein (5 Tage)<br \/>\n&#8211; <a href=\"https:\/\/nathal-bern.ch\/?page_id=1147\">Link zu weiteren Infos<\/a><br \/>\n<\/span><\/b><span style=\"color: #000000;\">Ermutigung zur \u00dcberwindung von hinderlichen Gef\u00fchlen wie \u00c4ngste, Zweifel, Unzufriedenheit<\/span><\/section>\n<section class=\"ce_text box block\"><span style=\"color: #000000;\"><span style=\"color: #000000;\"><span style=\"color: #000000;\">5 Tage \u2013 Kosten: 1500.- Fr<\/span><\/span><\/span>\u00a0<\/section>\n<section><\/section>\n<section class=\"ce_text box block\"><b><span style=\"color: #000000;\"><br \/>\nNATHAL\u00ae-Seminar Umwelteinfl\u00fcsse, Elektrosmog f\u00fcr<\/span><\/b><b><span style=\"color: #000000;\">\u00a0Betroffene und zur Prophylaxe<br \/>\n&#8211; <a href=\"https:\/\/nathal-bern.ch\/?page_id=870\">Link zu weiteren Infos<\/a><br \/>\n<\/span><\/b><strong style=\"font-size: 1.0625rem;\">2 Seminare<br \/>\n<\/strong><span style=\"font-size: 1.0625rem;\">1. Teil: 5 Tage f\u00fcr NATHAL-Neueinsteiger, 3 1\/2 Tage f\u00fcr Fortgeschrittene<br \/>\n2. Teil: 5 Tage f\u00fcr Absolventinnen des ersten Teils<br \/>\n<\/span>\u00dcbungen zum mentalen Umgang mit Umwelteinfl\u00fcssen wie Elektrosmog, zur Vorbeugung von negativen Auswirkungen von Elektrosmog und weiteren hinderlichen Umwelteinfl\u00fcssen und zur St\u00e4rkung bei Elektrosmog-Empfindlichkeit und bei Symptomen durch weitere belastende Umweltfaktoren<br \/>\n&#8211; erster Block (5 Tage) Kosten: 1500.- Fr; \u00a02. Block (5 Tage) : 1500.- Fr<\/p>\n<section><\/section>\n<\/section>\n<section>&#8211; erster Block f\u00fcr Fortgeschrittene: 3 1\/2 Tage: 1050.- Fr<\/section>\n<section><\/section>\n<section><\/section>\n<section><\/section>\n<section><\/section>\n<section><\/section>\n<section><\/section>\n<section><\/section>\n<section><\/section>\n<section><\/section>\n<section><\/section>\n<section><\/section>\n<section><\/section>\n<section><\/section>\n<section><\/section>\n<p class=\"ce_text box block\"><strong>NATHAL\u00ae-Seminar Zellerneuerung (5 Tage)<br \/>\n&#8211; <a href=\"https:\/\/nathal-bern.ch\/?page_id=162\">Link zu weiteren Infos<\/a><\/strong><br \/>\nAktivieren Sie die Sehnsucht Ihrer Zellen nach Heilsein<br \/>\n5 Tage \u2013 Kosten: 1500.- Fr<\/p>\n<p class=\"ce_text box block\"><strong>NATHAL\u00ae-Seminar\u00a0Geistiges Heilen (1. Block 8 Tage, 2. Block 5 Tage)<br \/>\n&#8211; <a href=\"https:\/\/nathal-bern.ch\/?page_id=164\">Link zu weiteren Infos<\/a><\/strong><br \/>\nF\u00fcr Menschen in medizinischen und therapeutischen Berufsfeldern<br \/>\n(\u00c4rzte, Theologinnen, Heilpraktiker, Therapeutinnen, Pflegefachleute und andere Heilberufe)<br \/>\nHeiler I: 8 Tage \u2013 Kosten: 1700.- Fr<br \/>\nHeiler II: Zertifikat 5 Tage \u2013 Kosten: 1300.- Fr<\/p>\n<p class=\"ce_text box block\"><strong>NATHAL\u00ae-Seminar Sterbebegleitung\u00a0(5 Tage)<br \/>\n&#8211; <a href=\"https:\/\/nathal-bern.ch\/?page_id=166\">Link zu weiteren Infos<\/a><\/strong><br \/>\nSterben als Transformation in ein neues Leben begreifen,<br \/>\nBegleitung Sterbender und Angeh\u00f6riger<br \/>\nSterbebegleitung<br \/>\n5 Tage \u2013 Kosten: 1500.- Fr<\/p>\n<section><\/section>\n<section><\/section>\n<section><\/section>\n<section><\/section>\n<section><\/section>\n<section class=\"ce_text box block\"><strong>NATHAL\u00ae-Seminar Erh\u00f6hung der Merk- und\u00a0<\/strong><strong>Konzentrationsf\u00e4higkeit\u00a0(5 Tage)<br \/>\n&#8211; <a href=\"https:\/\/nathal-bern.ch\/?page_id=174\">Link zu weiteren Infos<\/a><\/strong><br \/>\nAufmerksamkeit, Achtsamkeit, Merk- und Konzentrationsf\u00e4higkeit, Stressmanagement<br \/>\n5 Tage \u2013 Kosten: 1500.- Fr<\/section>\n<section><\/section>\n<section class=\"ce_text box block\"><strong><br \/>\nNATHAL\u00ae-Seminar Zwischenmenschliche Beziehungen \u2013 soziale Kompetenz (5 Tage)<br \/>\n&#8211; <a href=\"https:\/\/nathal-bern.ch\/?page_id=168\">Link zu weiteren Infos<\/a><\/strong><br \/>\nZwischenmenschliche Beziehungen verbessern: f\u00fcr Singles, Paare, Familien,<br \/>\nFreunde, Kolleginnen, Verwandte, Seelenpartner<br \/>\n5 Tage \u2013 Kosten: 1500.- Fr<\/section>\n<section><\/section>\n<section class=\"ce_text box block\"><strong><br \/>\nNATHAL\u00ae-Seminar Therapeutische R\u00fcckf\u00fchrungen (5 Tage)<br \/>\n&#8211; <a href=\"https:\/\/nathal-bern.ch\/?page_id=170\">Link zu weiteren Infos<\/a><\/strong><br \/>\nVon den geistigen Entit\u00e4ten verantwortungsvoll gef\u00fchrte R\u00fcckf\u00fchrungen.<br \/>\n5 Tage &#8211; Kosten: 1500.- Fr<\/section>\n<section class=\"ce_text box block\"><strong><br \/>\nNATHAL\u00ae-Seminar Beruf und Berufung (5Tage)<br \/>\n&#8211; <a href=\"https:\/\/nathal-bern.ch\/?page_id=172\">Link zu weiteren Infos<\/a><br \/>\n<\/strong>Die berufliche T\u00e4tigkeit effizienter gestalten und stressfreier leben,<br \/>\nneue Berufsaspekte, das Potenzial erkennen und aussch\u00f6pfen,<br \/>\nBegabungen leben lernen und deren Umsetzung, positive Auswirkungen<br \/>\nim Privatleben erfahren und f\u00fchlen usw.<br \/>\n5 Tage &#8211; Kosten: 1500.- Fr<\/section>\n<section><\/section>\n<section><span style=\"color: #ffffff;\">NATHAL<\/span><\/section>\n<section><\/section>\n<section><\/section>\n<section><\/section>\n<section><\/section>\n<section><\/section>\n<section><\/section>\n<section><\/section>\n<section><\/section>\n<section><\/section>\n<section><\/section>\n<section>\n<section class=\"ce_text box block\"><strong><strong>NATHAL\u00ae-Seminar\u00a0<\/strong><\/strong><strong style=\"font-size: 1.0625rem;\">Interkultureller<\/strong><strong style=\"font-size: 1.0625rem;\">\u00a0Austausch\u00a0<\/strong><span style=\"font-size: 1.0625rem;\"><strong>(5 Tage)<br \/>\n<\/strong><\/span><strong style=\"font-size: 1.0625rem;\">&#8211; <a href=\"https:\/\/nathal-bern.ch\/?page_id=272\">Link zu weiteren Infos<\/a><br \/>\n<\/strong><span style=\"font-size: 1.0625rem;\">Gef\u00fchle, Gedanken\u00a0und Verhalten von fremden Kulturen erfassen und erf\u00fchlen,<span style=\"font-weight: 600;\"><br \/>\n<\/span><\/span><span style=\"font-size: 1.0625rem;\">im Beruf, Urlaub, Arbeit mit Menschen verschiedener Kulturen usw.<br \/>\n<\/span><span style=\"font-size: 1.0625rem;\">5 Tage &#8211; Kosten: 1500.- Fr<\/span><\/section>\n<section class=\"ce_text box block\"><strong><br \/>\nNATHAL\u00ae-Seminar\u00a0Burn-out und Burn-out Prophylaxe (5 Tage)<br \/>\n&#8211; <a href=\"https:\/\/nathal-bern.ch\/?page_id=268\">Link zu weiteren Infos<\/a><br \/>\n<\/strong>Bei Burn-out \/ k\u00f6rperlicher und psychischer Abgeschlagenheit und zur Vorbeugung.<br \/>\nK\u00f6rperliche, psychische und geistige Leistungsf\u00e4higkeit wiedererlangen.<br \/>\nPrivat und beruflich, Ursachen erfahren und beheben.<strong><br \/>\n<\/strong>5 Tage &#8211; Kosten: 1500.- Fr<\/section>\n<section>Auf Anfrage (mindestens 1 Monat im voraus) ist ein direkter Einstieg<\/section>\n<section>(ohne Intensivseminar als Voraussetzung) m\u00f6glich.<\/section>\n<section>In diesem Falle werden den 5 regul\u00e4ren Tagen zwei Tage vorangestellt (Zusatzkosten: 600.- Fr).<\/section>\n<section><\/section>\n<\/section>\n<section><strong><br \/>\nNATHAL\u00ae-Seminar \u00c4lter werden &#8211; die Kunst, freudig \u00e4lter zu werden<\/strong><strong style=\"font-size: 1.0625rem;\">\u00a0<\/strong><span style=\"font-size: 1.0625rem;\"><strong>(5 Tage)<\/strong><br \/>\n<strong>&#8211; <a href=\"https:\/\/nathal-bern.ch\/?page_id=868\">Link zu weiteren Infos<\/a><\/strong><\/span><\/section>\n<section>Die Kunst erlernen, freudig \u00e4lter zu werden.<\/section>\n<section>5 Tage &#8211; Kosten: 1500.- Fr<\/section>\n<section><\/section>\n<section><\/section>\n<section><\/section>\n<section><\/section>\n<section>\n<section>\n<section class=\"ce_text box block\"><b><span style=\"color: #000000;\">NATHAL\u00ae-Seminar E.B.E.s. -Extraterrestrial Biological Entities (5 Tage)<br \/>\n&#8211; <a href=\"https:\/\/nathal-bern.ch\/?page_id=1371\">Link zu weiteren Infos<\/a><br \/>\n<\/span><\/b><span style=\"font-size: 1.0625rem;\">Vorbereitung auf eine unvorstellbare Situation und lernen, wie man sich hierbei korrekt und konstruktiv verhalten muss: <\/span><span style=\"font-size: 1.0625rem;\">Im Kontakt mit ausserirdischen Entit\u00e4ten, die uns deutlich \u00fcberlegen und wohlgesinnt sind, von denen wir Energien und Informationen erhalten k\u00f6nnen, die unsere Grenzen sprengen. <\/span><span style=\"font-size: 1.0625rem;\">Voraussetzung f\u00fcr dieses Seminar ist gute Kenntnis und Kompetenz in der NATHAL<strong>\u00ae<\/strong>-Methode.<\/span><b><span style=\"color: #000000;\"><a href=\"https:\/\/nathal-bern.ch\/?page_id=1147\"><br \/>\n<\/a><\/span><\/b><span style=\"color: #000000;\">5 Tage \u2013 Kosten: \u00a01500.- Fr<\/span> \/ <span style=\"color: #000000;\"><span style=\"color: #000000;\">\u20ac<\/span><\/span>\u00a0<\/section>\n<section><\/section>\n<\/section>\n<section><\/section>\n<section class=\"ce_text box block\"><strong>NATHAL\u00ae-Seminar F\u00fcr Fertilisation (5 Tage)<\/strong><\/section>\n<section>\n<section>k\u00f6rperliche, seelische und geistige Vorbereitung auf eine m\u00f6gliche Empf\u00e4ngnis, \u00a0Hindernisse erkennen notwendige Haltungs- und Verhaltens\u00e4nderungen finden.<\/section>\n<section>5 Tage &#8211; Kosten: 1500.- Fr \u00a0 \u00a0&#8211; \u00a0\u00a0auf Anfrage individuell terminierbar<\/section>\n<section><\/section>\n<section><\/section>\n<section><\/section>\n<section><\/section>\n<\/section>\n<\/section>\n<section><\/section>\n<section><\/section>\n<section><\/section>\n<section><\/section>\n<section><\/section>\n<section><\/section>\n<section><\/section>\n<section><\/section>\n<section><\/section>\n<section class=\"ce_text box block\"><\/section>\n<section class=\"ce_text box block\"><strong><br \/>\nNATHAL\u00ae-Seminar W\u00e4hrend der\u00a0Schwangerschaft\u00a0(5 Tage)<\/strong><\/section>\n<section>\n<section>Die k\u00fcnftige Elternschaft gut vorbereiten, die Schwangerschaft bewusst und positiv erleben, pers\u00f6nliche \u00c4ngste und Zweifel \u00fcberwinden \u00a0und Herausforderungen in der Partnerschaft und mit dem Umfeld konstruktiv gestalten. Sich \u00f6ffnen f\u00fcr Informationen\/Energien, die \u00fcber das \u00dcbliche und einengende Normen hinausf\u00fchren.\u00a0<\/section>\n<section><\/section>\n<section>5 Tage &#8211; Kosten: 1500.- Fr \u00a0 \u00a0&#8211; \u00a0\u00a0auf Anfrage individuell terminierbar<\/section>\n<section><\/section>\n<\/section>\n<section>\n<section class=\"ce_text box block\"><strong><br \/>\nNATHAL\u00ae-Seminar Nach der Geburt (5 Tage)<\/strong><\/section>\n<section>\n<section>Die Elternschaft bewusst und positiv erleben und gestalten, \u00dcberforderung und andere hinderliche Gef\u00fchle rasch \u00fcberwinden, mit Ver\u00e4nderungen in der Partnerschaft und im sozialen Umfeld konstruktiv umgehen lernen. Einen liebevollen, aufmerksamen, f\u00fcrsorglichen Kontakt zum Kind finden und ihm Geborgenheitserfahrungen und das Aufbauen emotionaler Stabilit\u00e4t erm\u00f6glichen.<\/section>\n<section>5 Tage &#8211; Kosten: 1500.- Fr \u00a0 \u00a0&#8211; \u00a0\u00a0auf Anfrage individuell terminierbar<\/section>\n<\/section>\n<\/section>\n<section><\/section>\n<section><\/section>\n<section><\/section>\n<section><\/section>\n<section><\/section>\n<section><\/section>\n<section><\/section>\n<section><\/section>\n<section><\/section>\n<section><\/section>\n<section><\/section>\n<section><\/section>\n<section><\/section>\n<section><\/section>\n<section><\/section>\n<section><\/section>\n<section><\/section>\n<section><\/section>\n<section><\/section>\n<section><\/section>\n<section><\/section>\n<section><\/section>\n<section><\/section>\n<section><\/section>\n<section><\/section>\n<section><\/section>\n<section><\/section>\n<section><\/section>\n<section><\/section>\n<section><\/section>\n<section><\/section>\n<section><\/section>\n<section><\/section>\n<section><\/section>\n<section><\/section>\n<section><\/section>\n<section><\/section>\n<section><\/section>\n<section><\/section>\n<section><\/section>\n<section><\/section>\n<section>\u00a0<\/section>\n<section>\u00a0 \u00a0 \u00a0 \u00a0 \u00a0 \u00a0 \u00a0 \u00a0 \u00a0 \u00a0 \u00a0 \u00a0 \u00a0 \u00a0 \u00a0 \u00a0 \u00a0 \u00a0 \u00a0 \u00a0 \u00a0 \u00a0 \u00a0 \u00a0 \u00a0 \u00a0 \u00a0Seminar-Daten: siehe <a href=\"https:\/\/nathal-bern.ch\/?page_id=24\">Daten &#8211; Ort<\/a><\/section>\n<section><\/section>\n<section><\/section>\n<section><\/section>\n<section><\/section>\n<section><\/section>\n<section><\/section>\n<section><\/section>\n<section><\/section>\n<section><\/section>\n<section><\/section>\n<section><\/section>\n<section><\/section>\n<section><\/section>\n<section><\/section>\n<section><\/section>\n<section><\/section>\n<section><\/section>\n<section><\/section>\n<section><\/section>\n<section class=\"ce_text box block\"><img loading=\"lazy\" decoding=\"async\" class=\" wp-image-225 alignleft\" style=\"font-size: 1.0625rem;\" src=\"https:\/\/nathal-bern.ch\/wp-content\/uploads\/2018\/10\/Riesenorb-296x300.jpg\" alt=\"\" width=\"569\" height=\"577\" srcset=\"https:\/\/nathal-bern.ch\/wp-content\/uploads\/2018\/10\/Riesenorb-296x300.jpg 296w, https:\/\/nathal-bern.ch\/wp-content\/uploads\/2018\/10\/Riesenorb-768x779.jpg 768w, https:\/\/nathal-bern.ch\/wp-content\/uploads\/2018\/10\/Riesenorb-1009x1024.jpg 1009w, https:\/\/nathal-bern.ch\/wp-content\/uploads\/2018\/10\/Riesenorb.jpg 2029w\" sizes=\"auto, (max-width: 569px) 100vw, 569px\" \/><\/section>\n<section class=\"ce_text box block\">\n<section><\/section>\n<section class=\"ce_text box block\">\n<h2><\/h2>\n<\/section>\n<\/section>\n","protected":false},"excerpt":{"rendered":"<p>NATHAL\u00ae-Spezialseminare Neben der \u201eregul\u00e4ren\u201c Vertiefungsreihe der Aufbauseminare sind auch Seminare im Angebot, die ganz bestimmte berufliche oder pers\u00f6nliche Themen vertiefen.[&#8230;]<\/p>\n","protected":false},"author":1,"featured_media":0,"parent":22,"menu_order":0,"comment_status":"closed","ping_status":"closed","template":"","meta":{"_exactmetrics_skip_tracking":false,"_exactmetrics_sitenote_active":false,"_exactmetrics_sitenote_note":"","_exactmetrics_sitenote_category":0,"footnotes":""},"class_list":["post-41","page","type-page","status-publish","hentry"],"_links":{"self":[{"href":"https:\/\/nathal-bern.ch\/index.php?rest_route=\/wp\/v2\/pages\/41","targetHints":{"allow":["GET"]}}],"collection":[{"href":"https:\/\/nathal-bern.ch\/index.php?rest_route=\/wp\/v2\/pages"}],"about":[{"href":"https:\/\/nathal-bern.ch\/index.php?rest_route=\/wp\/v2\/types\/page"}],"author":[{"embeddable":true,"href":"https:\/\/nathal-bern.ch\/index.php?rest_route=\/wp\/v2\/users\/1"}],"replies":[{"embeddable":true,"href":"https:\/\/nathal-bern.ch\/index.php?rest_route=%2Fwp%2Fv2%2Fcomments&post=41"}],"version-history":[{"count":154,"href":"https:\/\/nathal-bern.ch\/index.php?rest_route=\/wp\/v2\/pages\/41\/revisions"}],"predecessor-version":[{"id":1411,"href":"https:\/\/nathal-bern.ch\/index.php?rest_route=\/wp\/v2\/pages\/41\/revisions\/1411"}],"up":[{"embeddable":true,"href":"https:\/\/nathal-bern.ch\/index.php?rest_route=\/wp\/v2\/pages\/22"}],"wp:attachment":[{"href":"https:\/\/nathal-bern.ch\/index.php?rest_route=%2Fwp%2Fv2%2Fmedia&parent=41"}],"curies":[{"name":"wp","href":"https:\/\/api.w.org\/{rel}","templated":true}]}}