{"id":43,"date":"2018-11-17T16:00:15","date_gmt":"2018-11-17T16:00:15","guid":{"rendered":"https:\/\/nathal-bern.ch\/?page_id=43"},"modified":"2024-10-23T14:32:33","modified_gmt":"2024-10-23T14:32:33","slug":"aufbauseminare","status":"publish","type":"page","link":"https:\/\/nathal-bern.ch\/?page_id=43","title":{"rendered":"Aufbauseminare"},"content":{"rendered":"<h1><span style=\"color: #339966;\"><strong>Nathal\u00ae-Aufbautrainings<\/strong><\/span><\/h1>\n<p>Wenn Sie die\u00a0Intensivausbildung\u00a0absolviert haben k\u00f6nnen Sie an den Aufbauseminaren f\u00fcr Fortgeschrittene teilnehmen. Die Sicherheit, die Sie in der\u00a0Intensivausbildung\u00a0erworben haben, bef\u00e4higt Sie, sich auf immer anspruchsvollere Themen einzulassen.<\/p>\n<p>Zu Beginn stehen Themen, die noch umfassender verschiedene Aspekte der n\u00e4heren und weiteren Zukunft und die pers\u00f6nliche Rolle darin ber\u00fchren. Die weiteren Seminare besch\u00e4ftigen sich sukzessive mit immer komplexeren inneren Wahrnehmungen, die tief in das innere Erleben wirken und neue Gef\u00fchle und Einsichten in pers\u00f6nliche und \u00fcbergeordnete Zusammenh\u00e4nge erm\u00f6glichen.<\/p>\n<p><strong>NATHAL\u00ae-Seminar Aufbau 1 (4 Tage) &#8211; <a href=\"https:\/\/nathal-bern.ch\/?page_id=35\">Link zu weitern Infos<\/a><\/strong><br \/>\nPers\u00f6nliche, berufliche und \u00fcbergeordnete Zukunft<br \/>\n4 Tage &#8211; Kosten: 980.- Fr<\/p>\n<p><strong>NATHAL\u00ae-Seminar Aufbau 2 (4 Tage)\u00a0&#8211; <a href=\"https:\/\/nathal-bern.ch\/?page_id=150\">Link zu weitern Infos<\/a><br \/>\n<\/strong>Zuk\u00fcnftige Arbeits- und Forschungsgebiete, Gruppenprojekte<br \/>\n4 Tage &#8211; Kosten: 980.- Fr<\/p>\n<p><strong>NATHAL\u00ae-Seminar Aufbau 3 (4 Tage) &#8211; <a href=\"https:\/\/nathal-bern.ch\/?page_id=152\">Link zu weitern Infos<\/a><br \/>\n<\/strong>Neue Farben, Musik und T\u00f6ne und zugeh\u00f6rige Gef\u00fchlsempfindungen<br \/>\n4 Tage &#8211; Kosten: 980.- Fr<\/p>\n<p><strong>NATHAL\u00ae-Seminar Aufbau 4 (4 Tage) &#8211; <a href=\"https:\/\/nathal-bern.ch\/?page_id=154\">Link zu weitern Infos<\/a><br \/>\n<\/strong>Thermik: W\u00e4rme, K\u00e4lte und neue Empfindungen<br \/>\n4 Tage &#8211; Kosten: 980.- Fr<\/p>\n<p><strong>NATHAL\u00ae-Seminar Aufbau 5 (4 Tage) &#8211; <a href=\"https:\/\/nathal-bern.ch\/?page_id=156\">Link zu weitern Infos<\/a><br \/>\n<\/strong>Zeitspr\u00fcnge: Versetzungen in Vergangenheit und Zukunft<br \/>\n<span style=\"font-size: 1.0625rem;\">4 Tage &#8211; Kosten: 980.- Fr\u00a0<\/span><\/p>\n<p><strong>NATHAL\u00ae-Seminar Aufbau 6 (4 Tage) &#8211; <a href=\"https:\/\/nathal-bern.ch\/?page_id=158\">Link zu weitern Infos<\/a><br \/>\n<\/strong>Spezialexperimente: Ger\u00fcche und Menschen aus der Zukunft wahrnehmen<br \/>\n4 Tage &#8211; Kosten: 980.- Fr<\/p>\n<p>F\u00fcr die Teilnahme an den Aufbauseminaren der Stufen 7-9 wird von den Teilnehmenden erwartet, dass sie die wesentlichen Inhalte des NATHAL\u00ae-Trainings begriffen und dementsprechend ernsthaft an ihrer charakterlichen und ethischen Vervollkommnung gearbeitet haben. Eine gute innere Grundhaltung ist f\u00fcr den Erfolg der \u00dcbungen unerl\u00e4sslich.<\/p>\n<p><strong>NATHAL\u00ae-Seminar Aufbau 7 (5 Tage) &#8211; <a href=\"https:\/\/nathal-bern.ch\/?page_id=160\">Link zu weitern Infos<\/a><br \/>\n<\/strong>Spezialexperimente: Willentliche Projektion, Neue Informationsebenen, Wahrnehmung und \u00dcbertragung von Informationen \u00fcber gro\u00dfe Entfernung<br \/>\n5 Tage &#8211; Kosten: 1800.- Fr<\/p>\n<p><strong>NATHAL\u00ae-Seminar Aufbau 8 (8 Tage) &#8211; <a href=\"https:\/\/nathal-bern.ch\/?page_id=1016\">Link zu weitern Infos<\/a><br \/>\n<\/strong>Spezialexperimente: energetische und geistige Versetzungen in andere Universen, energetische und geistige Vorbereitungen zum Thema Materialisieren u.v.m.<br \/>\n8 Tage &#8211; Kosten: \u00a02.500 Fr<\/p>\n<p>Daten: siehe <a href=\"https:\/\/nathal-bern.ch\/?page_id=24\">Daten &#8211; Ort<\/a><\/p>\n<p><img loading=\"lazy\" decoding=\"async\" class=\"wp-image-233 alignleft\" src=\"https:\/\/nathal-bern.ch\/wp-content\/uploads\/2018\/10\/Spektrum-im-Spinnennetz-2-300x276.jpg\" alt=\"\" width=\"554\" height=\"510\" srcset=\"https:\/\/nathal-bern.ch\/wp-content\/uploads\/2018\/10\/Spektrum-im-Spinnennetz-2-300x276.jpg 300w, https:\/\/nathal-bern.ch\/wp-content\/uploads\/2018\/10\/Spektrum-im-Spinnennetz-2-768x706.jpg 768w, https:\/\/nathal-bern.ch\/wp-content\/uploads\/2018\/10\/Spektrum-im-Spinnennetz-2-1024x941.jpg 1024w, https:\/\/nathal-bern.ch\/wp-content\/uploads\/2018\/10\/Spektrum-im-Spinnennetz-2.jpg 1354w\" sizes=\"auto, (max-width: 554px) 100vw, 554px\" \/><\/p>\n","protected":false},"excerpt":{"rendered":"<p>Nathal\u00ae-Aufbautrainings Wenn Sie die\u00a0Intensivausbildung\u00a0absolviert haben k\u00f6nnen Sie an den Aufbauseminaren f\u00fcr Fortgeschrittene teilnehmen. Die Sicherheit, die Sie in der\u00a0Intensivausbildung\u00a0erworben haben,[&#8230;]<\/p>\n","protected":false},"author":1,"featured_media":0,"parent":22,"menu_order":0,"comment_status":"closed","ping_status":"closed","template":"","meta":{"_exactmetrics_skip_tracking":false,"_exactmetrics_sitenote_active":false,"_exactmetrics_sitenote_note":"","_exactmetrics_sitenote_category":0,"footnotes":""},"class_list":["post-43","page","type-page","status-publish","hentry"],"_links":{"self":[{"href":"https:\/\/nathal-bern.ch\/index.php?rest_route=\/wp\/v2\/pages\/43","targetHints":{"allow":["GET"]}}],"collection":[{"href":"https:\/\/nathal-bern.ch\/index.php?rest_route=\/wp\/v2\/pages"}],"about":[{"href":"https:\/\/nathal-bern.ch\/index.php?rest_route=\/wp\/v2\/types\/page"}],"author":[{"embeddable":true,"href":"https:\/\/nathal-bern.ch\/index.php?rest_route=\/wp\/v2\/users\/1"}],"replies":[{"embeddable":true,"href":"https:\/\/nathal-bern.ch\/index.php?rest_route=%2Fwp%2Fv2%2Fcomments&post=43"}],"version-history":[{"count":23,"href":"https:\/\/nathal-bern.ch\/index.php?rest_route=\/wp\/v2\/pages\/43\/revisions"}],"predecessor-version":[{"id":1437,"href":"https:\/\/nathal-bern.ch\/index.php?rest_route=\/wp\/v2\/pages\/43\/revisions\/1437"}],"up":[{"embeddable":true,"href":"https:\/\/nathal-bern.ch\/index.php?rest_route=\/wp\/v2\/pages\/22"}],"wp:attachment":[{"href":"https:\/\/nathal-bern.ch\/index.php?rest_route=%2Fwp%2Fv2%2Fmedia&parent=43"}],"curies":[{"name":"wp","href":"https:\/\/api.w.org\/{rel}","templated":true}]}}