{"id":442,"date":"2018-11-17T16:18:33","date_gmt":"2018-11-17T16:18:33","guid":{"rendered":"https:\/\/nathal-bern.ch\/?page_id=442"},"modified":"2018-11-17T16:18:33","modified_gmt":"2018-11-17T16:18:33","slug":"geschaeftsbedingungen","status":"publish","type":"page","link":"https:\/\/nathal-bern.ch\/?page_id=442","title":{"rendered":"Gesch\u00e4ftsbedingungen"},"content":{"rendered":"<p><strong>Gesch\u00e4ftsbedingungen Seminare<\/strong><\/p>\n<ul>\n<li>Ihre Anmeldung ist verbindlich und wird Ihnen r\u00fcckbest\u00e4tigt<\/li>\n<li>Die Seminargeb\u00fchr\u00a0ist bis 21 Tage vor Seminarbeginn einzuzahlen<\/li>\n<li>Bei einer Stornierung wird eine Bearbeitungsgeb\u00fchr von 100 Euro bis 21 Tage vor Seminarbeginn f\u00e4llig.<\/li>\n<li>Bei Absagen zwischen 20 und 11 Tagen vor Seminarbeginn sind 50 % des Seminarpreises zu bezahlen bzw. k\u00f6nnen nicht zur\u00fcckerstattet werden.<\/li>\n<li>Bei Absagen bis 10 Tage und weniger vor Seminarbeginn wird die Kursgeb\u00fchr in voller H\u00f6he f\u00e4llig, es sei denn es kann ein Ersatzteilnehmer gestellt werden. Bei Krankheit kann der Seminarbesuch verschoben werden auf den n\u00e4chst m\u00f6glichen angebotenen Seminartermin mit gleichem Thema.<\/li>\n<li>Sondervereinbarungen sind nach pers\u00f6nlicher Absprache m\u00f6glich.<\/li>\n<li>\u00c4nderungen bez\u00fcglich den Seminaren (wie z.B. Ort, Zeit &#8230;.) werden Ihnen baldm\u00f6glichst mitgeteilt<\/li>\n<li><span style=\"font-size: 1.0625rem;\">Die Teilnehmer besuchen das Seminar selbstverantwortlich. Die Kursleitung ist grunds\u00e4tzlich nicht f\u00fcr Personen- und Sachsch\u00e4den sowie den Verlust von Gegenst\u00e4nden haftend.<\/span><\/li>\n<\/ul>\n<p>&nbsp;<\/p>\n","protected":false},"excerpt":{"rendered":"<p>Gesch\u00e4ftsbedingungen Seminare Ihre Anmeldung ist verbindlich und wird Ihnen r\u00fcckbest\u00e4tigt Die Seminargeb\u00fchr\u00a0ist bis 21 Tage vor Seminarbeginn einzuzahlen Bei einer[&#8230;]<\/p>\n","protected":false},"author":1,"featured_media":0,"parent":26,"menu_order":0,"comment_status":"closed","ping_status":"closed","template":"","meta":{"_exactmetrics_skip_tracking":false,"_exactmetrics_sitenote_active":false,"_exactmetrics_sitenote_note":"","_exactmetrics_sitenote_category":0,"footnotes":""},"class_list":["post-442","page","type-page","status-publish","hentry"],"_links":{"self":[{"href":"https:\/\/nathal-bern.ch\/index.php?rest_route=\/wp\/v2\/pages\/442","targetHints":{"allow":["GET"]}}],"collection":[{"href":"https:\/\/nathal-bern.ch\/index.php?rest_route=\/wp\/v2\/pages"}],"about":[{"href":"https:\/\/nathal-bern.ch\/index.php?rest_route=\/wp\/v2\/types\/page"}],"author":[{"embeddable":true,"href":"https:\/\/nathal-bern.ch\/index.php?rest_route=\/wp\/v2\/users\/1"}],"replies":[{"embeddable":true,"href":"https:\/\/nathal-bern.ch\/index.php?rest_route=%2Fwp%2Fv2%2Fcomments&post=442"}],"version-history":[{"count":2,"href":"https:\/\/nathal-bern.ch\/index.php?rest_route=\/wp\/v2\/pages\/442\/revisions"}],"predecessor-version":[{"id":445,"href":"https:\/\/nathal-bern.ch\/index.php?rest_route=\/wp\/v2\/pages\/442\/revisions\/445"}],"up":[{"embeddable":true,"href":"https:\/\/nathal-bern.ch\/index.php?rest_route=\/wp\/v2\/pages\/26"}],"wp:attachment":[{"href":"https:\/\/nathal-bern.ch\/index.php?rest_route=%2Fwp%2Fv2%2Fmedia&parent=442"}],"curies":[{"name":"wp","href":"https:\/\/api.w.org\/{rel}","templated":true}]}}