{"id":49,"date":"2018-11-17T16:18:21","date_gmt":"2018-11-17T16:18:21","guid":{"rendered":"https:\/\/nathal-bern.ch\/?page_id=49"},"modified":"2018-11-21T22:18:04","modified_gmt":"2018-11-21T22:18:04","slug":"copyright","status":"publish","type":"page","link":"https:\/\/nathal-bern.ch\/?page_id=49","title":{"rendered":"Copyright"},"content":{"rendered":"<p><span style=\"color: #339966;\">Copyright \u00a9 2018 Agnes Berger Bertschinger, Bern|<\/span><\/p>\n<p>Das Herunterladen oder Kopieren von Inhalten, Bildern, Fotos oder anderen Dateien dieser Website ist nur f\u00fcr den privaten, nicht kommerziellen Gebrauch gestattet.<\/p>\n<p>Durch das Herunterladen oder Kopieren von Inhalten, Bildern, Fotos oder anderen Dateien dieser Website werden keinerlei Rechte bez\u00fcglich der Inhalte \u00fcbertragen. Die Urheber- und alle anderen Rechte an Inhalten, Bildern, Fotos oder anderen Dateien auf der Website geh\u00f6ren ausschliesslich der Website-Inhaberin oder den speziell genannten Rechtsinhabern. F\u00fcr die Reproduktion jeglicher Elemente ist die schriftliche Zustimmung der Urheberrechtstr\u00e4ger im Voraus einzuholen.<\/p>\n<p>Alle verwendeten Fotos (falls nicht ausdr\u00fccklich anderweitig vermerkt) sind von Agnes Berger Bertschinger aufgenommen und unterstehen einem Copyright.<\/p>\n<p>&nbsp;<\/p>\n<p><img loading=\"lazy\" decoding=\"async\" class=\"wp-image-232 alignleft\" src=\"https:\/\/nathal-bern.ch\/wp-content\/uploads\/2018\/10\/Orbs-in-den-NL-M\u00fchle-2-300x300.jpg\" alt=\"\" width=\"568\" height=\"568\" srcset=\"https:\/\/nathal-bern.ch\/wp-content\/uploads\/2018\/10\/Orbs-in-den-NL-M\u00fchle-2-300x300.jpg 300w, https:\/\/nathal-bern.ch\/wp-content\/uploads\/2018\/10\/Orbs-in-den-NL-M\u00fchle-2-150x150.jpg 150w, https:\/\/nathal-bern.ch\/wp-content\/uploads\/2018\/10\/Orbs-in-den-NL-M\u00fchle-2-768x768.jpg 768w, https:\/\/nathal-bern.ch\/wp-content\/uploads\/2018\/10\/Orbs-in-den-NL-M\u00fchle-2-1024x1024.jpg 1024w\" sizes=\"auto, (max-width: 568px) 100vw, 568px\" \/><\/p>\n","protected":false},"excerpt":{"rendered":"<p>Copyright \u00a9 2018 Agnes Berger Bertschinger, Bern| Das Herunterladen oder Kopieren von Inhalten, Bildern, Fotos oder anderen Dateien dieser Website[&#8230;]<\/p>\n","protected":false},"author":1,"featured_media":0,"parent":26,"menu_order":0,"comment_status":"closed","ping_status":"closed","template":"","meta":{"_exactmetrics_skip_tracking":false,"_exactmetrics_sitenote_active":false,"_exactmetrics_sitenote_note":"","_exactmetrics_sitenote_category":0,"footnotes":""},"class_list":["post-49","page","type-page","status-publish","hentry"],"_links":{"self":[{"href":"https:\/\/nathal-bern.ch\/index.php?rest_route=\/wp\/v2\/pages\/49","targetHints":{"allow":["GET"]}}],"collection":[{"href":"https:\/\/nathal-bern.ch\/index.php?rest_route=\/wp\/v2\/pages"}],"about":[{"href":"https:\/\/nathal-bern.ch\/index.php?rest_route=\/wp\/v2\/types\/page"}],"author":[{"embeddable":true,"href":"https:\/\/nathal-bern.ch\/index.php?rest_route=\/wp\/v2\/users\/1"}],"replies":[{"embeddable":true,"href":"https:\/\/nathal-bern.ch\/index.php?rest_route=%2Fwp%2Fv2%2Fcomments&post=49"}],"version-history":[{"count":12,"href":"https:\/\/nathal-bern.ch\/index.php?rest_route=\/wp\/v2\/pages\/49\/revisions"}],"predecessor-version":[{"id":636,"href":"https:\/\/nathal-bern.ch\/index.php?rest_route=\/wp\/v2\/pages\/49\/revisions\/636"}],"up":[{"embeddable":true,"href":"https:\/\/nathal-bern.ch\/index.php?rest_route=\/wp\/v2\/pages\/26"}],"wp:attachment":[{"href":"https:\/\/nathal-bern.ch\/index.php?rest_route=%2Fwp%2Fv2%2Fmedia&parent=49"}],"curies":[{"name":"wp","href":"https:\/\/api.w.org\/{rel}","templated":true}]}}