{"id":868,"date":"2019-08-24T13:28:10","date_gmt":"2019-08-24T13:28:10","guid":{"rendered":"https:\/\/nathal-bern.ch\/?page_id=868"},"modified":"2020-09-18T16:33:12","modified_gmt":"2020-09-18T16:33:12","slug":"spezialseminar-aelter-werden-unvermutete-vorteile","status":"publish","type":"page","link":"https:\/\/nathal-bern.ch\/?page_id=868","title":{"rendered":"Spezialseminar \u00c4lter werden \u2013 die Kunst, freudig \u00e4lter zu werden"},"content":{"rendered":"\r\n<h2 class=\"wp-block-heading\"><span style=\"color: #339966;\"><strong>NATHAL\u00ae-Seminar\u00a0<\/strong><strong>\u00c4lter werden<br \/><\/strong><\/span><span style=\"color: #339966;\"><strong> \u2013 die Kunst erlernen, freudig \u00e4lter zu werden<\/strong><strong><br \/>(5 Tage)<\/strong><\/span><\/h2>\r\n\r\n\r\n\r\n<p><span style=\"color: #000000;\">In diesem Seminar geht es um die Kunst, freudig \u00e4lter zu werden. Aus den Erfahrungen in der Biografie kann viel Erkenntnis erwachsen. Lernprozesse werden bewusster und es zeigen sich unvermutete Vorteile der sp\u00e4teren Lebensphasen. Die Bedeutung positiven Erlebens, unser Verhalten bei sozialen Kontakten, die Einstellung bez\u00fcglich dem Sterben und vieles mehr wird betrachtet und optimiert.\u00a0<\/span><\/p>\r\n<p><span style=\"color: #000000;\">\r\n\r\n<\/span><\/p>\r\n<p><span style=\"color: #000000;\">Die \u00dcbungen lassen uns energieraubende Aktivit\u00e4ten erkennen, so dass diese in Zukunft vermieden werden k\u00f6nnen. Neue M\u00f6glichkeiten f\u00fcr erf\u00fcllendes Verhalten und Erleben werden er\u00f6ffnet. Prozesse der mentalen Regeneration werden angeregt, da die mentale Qualit\u00e4t massgeblich ist f\u00fcr einen globalen positiven Gesundheitszustand.<\/span><\/p>\r\n<p><span style=\"color: #000000;\">\r\n\r\n<\/span><\/p>\r\n<p><span style=\"color: #000000;\">5 Tage \u2013 Kosten 1.380 \u20ac \/ 1500.- Fr<\/span><\/p>\r\n<p><img loading=\"lazy\" decoding=\"async\" class=\"alignnone  wp-image-892\" src=\"https:\/\/nathal-bern.ch\/wp-content\/uploads\/2019\/08\/DSCF3619-300x295.jpeg\" alt=\"\" width=\"387\" height=\"381\" srcset=\"https:\/\/nathal-bern.ch\/wp-content\/uploads\/2019\/08\/DSCF3619-300x295.jpeg 300w, https:\/\/nathal-bern.ch\/wp-content\/uploads\/2019\/08\/DSCF3619-768x756.jpeg 768w, https:\/\/nathal-bern.ch\/wp-content\/uploads\/2019\/08\/DSCF3619-1024x1008.jpeg 1024w\" sizes=\"auto, (max-width: 387px) 100vw, 387px\" \/>\u00a0\u00a0<img loading=\"lazy\" decoding=\"async\" class=\"alignnone  wp-image-893\" src=\"https:\/\/nathal-bern.ch\/wp-content\/uploads\/2019\/08\/C150F0D4-CA0A-4875-BBB3-15E567950BAC-300x300.jpeg\" alt=\"\" width=\"380\" height=\"380\" srcset=\"https:\/\/nathal-bern.ch\/wp-content\/uploads\/2019\/08\/C150F0D4-CA0A-4875-BBB3-15E567950BAC-300x300.jpeg 300w, https:\/\/nathal-bern.ch\/wp-content\/uploads\/2019\/08\/C150F0D4-CA0A-4875-BBB3-15E567950BAC-150x150.jpeg 150w, https:\/\/nathal-bern.ch\/wp-content\/uploads\/2019\/08\/C150F0D4-CA0A-4875-BBB3-15E567950BAC-768x768.jpeg 768w, https:\/\/nathal-bern.ch\/wp-content\/uploads\/2019\/08\/C150F0D4-CA0A-4875-BBB3-15E567950BAC-1024x1024.jpeg 1024w, https:\/\/nathal-bern.ch\/wp-content\/uploads\/2019\/08\/C150F0D4-CA0A-4875-BBB3-15E567950BAC.jpeg 2048w\" sizes=\"auto, (max-width: 380px) 100vw, 380px\" \/><\/p>\r\n<p>&nbsp;<\/p>\r\n","protected":false},"excerpt":{"rendered":"<p>NATHAL\u00ae-Seminar\u00a0\u00c4lter werden \u2013 die Kunst erlernen, freudig \u00e4lter zu werden(5 Tage) In diesem Seminar geht es um die Kunst, freudig[&#8230;]<\/p>\n","protected":false},"author":1,"featured_media":0,"parent":41,"menu_order":0,"comment_status":"closed","ping_status":"closed","template":"","meta":{"_exactmetrics_skip_tracking":false,"_exactmetrics_sitenote_active":false,"_exactmetrics_sitenote_note":"","_exactmetrics_sitenote_category":0,"footnotes":""},"class_list":["post-868","page","type-page","status-publish","hentry"],"_links":{"self":[{"href":"https:\/\/nathal-bern.ch\/index.php?rest_route=\/wp\/v2\/pages\/868","targetHints":{"allow":["GET"]}}],"collection":[{"href":"https:\/\/nathal-bern.ch\/index.php?rest_route=\/wp\/v2\/pages"}],"about":[{"href":"https:\/\/nathal-bern.ch\/index.php?rest_route=\/wp\/v2\/types\/page"}],"author":[{"embeddable":true,"href":"https:\/\/nathal-bern.ch\/index.php?rest_route=\/wp\/v2\/users\/1"}],"replies":[{"embeddable":true,"href":"https:\/\/nathal-bern.ch\/index.php?rest_route=%2Fwp%2Fv2%2Fcomments&post=868"}],"version-history":[{"count":7,"href":"https:\/\/nathal-bern.ch\/index.php?rest_route=\/wp\/v2\/pages\/868\/revisions"}],"predecessor-version":[{"id":1031,"href":"https:\/\/nathal-bern.ch\/index.php?rest_route=\/wp\/v2\/pages\/868\/revisions\/1031"}],"up":[{"embeddable":true,"href":"https:\/\/nathal-bern.ch\/index.php?rest_route=\/wp\/v2\/pages\/41"}],"wp:attachment":[{"href":"https:\/\/nathal-bern.ch\/index.php?rest_route=%2Fwp%2Fv2%2Fmedia&parent=868"}],"curies":[{"name":"wp","href":"https:\/\/api.w.org\/{rel}","templated":true}]}}